{"id":7097,"date":"2025-02-20T12:04:51","date_gmt":"2025-02-20T11:04:51","guid":{"rendered":"https:\/\/systemaudio.demo.supertusch.com\/product\/w-5-vaegbeslag\/"},"modified":"2026-01-30T11:55:28","modified_gmt":"2026-01-30T10:55:28","slug":"w-5-vaegbeslag","status":"publish","type":"product","link":"https:\/\/system-audio.com\/da\/vare\/w-5-vaegbeslag\/","title":{"rendered":"W.5 V\u00e6gbeslag"},"content":{"rendered":"","protected":false},"excerpt":{"rendered":"<p>Passer til alle vores kompakte h\u00f8jttalere. Der skal kun bruges \u00e9n skrue til montering af h\u00f8jttalerne.<\/p>\n","protected":false},"featured_media":982,"template":"","meta":{"_acf_changed":false},"product_brand":[],"product_cat":[199],"product_tag":[225],"class_list":{"0":"post-7097","1":"product","2":"type-product","3":"status-publish","4":"has-post-thumbnail","6":"product_cat-tilbehor","7":"product_tag-tilbehor","9":"first","10":"instock","11":"taxable","12":"shipping-taxable","13":"purchasable","14":"product-type-simple"},"acf":[],"yoast_head":"<!-- This site is optimized with the Yoast SEO plugin v26.1 - https:\/\/yoast.com\/wordpress\/plugins\/seo\/ -->\n<title>System Audio W.5 V\u00e6gbeslag | Sikker &amp; Justerbar Oph\u00e6ng<\/title>\n<meta name=\"description\" content=\"F\u00e5 den ideelle lytteposition og en elegant l\u00f8sning med W.5 v\u00e6gbeslaget. Designet specifikt til System Audio h\u00f8jttalere for en sikker og nem montering\" \/>\n<meta name=\"robots\" content=\"index, follow, max-snippet:-1, max-image-preview:large, max-video-preview:-1\" \/>\n<link rel=\"canonical\" href=\"https:\/\/system-audio.com\/da\/vare\/w-5-vaegbeslag\/\" \/>\n<meta property=\"og:locale\" content=\"da_DK\" \/>\n<meta property=\"og:type\" content=\"article\" \/>\n<meta property=\"og:title\" content=\"System Audio W.5 V\u00e6gbeslag | Sikker &amp; Justerbar Oph\u00e6ng\" \/>\n<meta property=\"og:description\" content=\"F\u00e5 den ideelle lytteposition og en elegant l\u00f8sning med W.5 v\u00e6gbeslaget. Designet specifikt til System Audio h\u00f8jttalere for en sikker og nem montering\" \/>\n<meta property=\"og:url\" content=\"https:\/\/system-audio.com\/da\/vare\/w-5-vaegbeslag\/\" \/>\n<meta property=\"og:site_name\" content=\"System Audio\" \/>\n<meta property=\"article:modified_time\" content=\"2026-01-30T10:55:28+00:00\" \/>\n<meta property=\"og:image\" content=\"https:\/\/system-audio.com\/wp-content\/uploads\/2025\/02\/W.5-white-1-1.jpeg\" \/>\n\t<meta property=\"og:image:width\" content=\"600\" \/>\n\t<meta property=\"og:image:height\" content=\"300\" \/>\n\t<meta property=\"og:image:type\" content=\"image\/jpeg\" \/>\n<meta name=\"twitter:card\" content=\"summary_large_image\" \/>\n<meta name=\"twitter:label1\" content=\"Estimeret l\u00e6setid\" \/>\n\t<meta name=\"twitter:data1\" content=\"1 minut\" \/>\n<script type=\"application\/ld+json\" class=\"yoast-schema-graph\">{\"@context\":\"https:\/\/schema.org\",\"@graph\":[{\"@type\":\"WebPage\",\"@id\":\"https:\/\/system-audio.com\/da\/vare\/w-5-vaegbeslag\/\",\"url\":\"https:\/\/system-audio.com\/da\/vare\/w-5-vaegbeslag\/\",\"name\":\"System Audio W.5 V\u00e6gbeslag | Sikker & Justerbar Oph\u00e6ng\",\"isPartOf\":{\"@id\":\"https:\/\/system-audio.com\/#website\"},\"primaryImageOfPage\":{\"@id\":\"https:\/\/system-audio.com\/da\/vare\/w-5-vaegbeslag\/#primaryimage\"},\"image\":{\"@id\":\"https:\/\/system-audio.com\/da\/vare\/w-5-vaegbeslag\/#primaryimage\"},\"thumbnailUrl\":\"https:\/\/system-audio.com\/wp-content\/uploads\/2025\/02\/W.5-white-1-1.jpeg\",\"datePublished\":\"2025-02-20T11:04:51+00:00\",\"dateModified\":\"2026-01-30T10:55:28+00:00\",\"description\":\"F\u00e5 den ideelle lytteposition og en elegant l\u00f8sning med W.5 v\u00e6gbeslaget. Designet specifikt til System Audio h\u00f8jttalere for en sikker og nem montering\",\"breadcrumb\":{\"@id\":\"https:\/\/system-audio.com\/da\/vare\/w-5-vaegbeslag\/#breadcrumb\"},\"inLanguage\":\"da-DK\",\"potentialAction\":[{\"@type\":\"ReadAction\",\"target\":[\"https:\/\/system-audio.com\/da\/vare\/w-5-vaegbeslag\/\"]}]},{\"@type\":\"ImageObject\",\"inLanguage\":\"da-DK\",\"@id\":\"https:\/\/system-audio.com\/da\/vare\/w-5-vaegbeslag\/#primaryimage\",\"url\":\"https:\/\/system-audio.com\/wp-content\/uploads\/2025\/02\/W.5-white-1-1.jpeg\",\"contentUrl\":\"https:\/\/system-audio.com\/wp-content\/uploads\/2025\/02\/W.5-white-1-1.jpeg\",\"width\":600,\"height\":300},{\"@type\":\"BreadcrumbList\",\"@id\":\"https:\/\/system-audio.com\/da\/vare\/w-5-vaegbeslag\/#breadcrumb\",\"itemListElement\":[{\"@type\":\"ListItem\",\"position\":1,\"name\":\"Home\",\"item\":\"https:\/\/system-audio.com\/da\/\"},{\"@type\":\"ListItem\",\"position\":2,\"name\":\"Shop\",\"item\":\"https:\/\/system-audio.com\/da\/shop\/\"},{\"@type\":\"ListItem\",\"position\":3,\"name\":\"W.5 V\u00e6gbeslag\"}]},{\"@type\":\"WebSite\",\"@id\":\"https:\/\/system-audio.com\/#website\",\"url\":\"https:\/\/system-audio.com\/\",\"name\":\"System Audio\",\"description\":\"\",\"potentialAction\":[{\"@type\":\"SearchAction\",\"target\":{\"@type\":\"EntryPoint\",\"urlTemplate\":\"https:\/\/system-audio.com\/?s={search_term_string}\"},\"query-input\":{\"@type\":\"PropertyValueSpecification\",\"valueRequired\":true,\"valueName\":\"search_term_string\"}}],\"inLanguage\":\"da-DK\"}]}<\/script>\n<!-- \/ Yoast SEO plugin. -->","yoast_head_json":{"title":"System Audio W.5 V\u00e6gbeslag | Sikker & Justerbar Oph\u00e6ng","description":"F\u00e5 den ideelle lytteposition og en elegant l\u00f8sning med W.5 v\u00e6gbeslaget. Designet specifikt til System Audio h\u00f8jttalere for en sikker og nem montering","robots":{"index":"index","follow":"follow","max-snippet":"max-snippet:-1","max-image-preview":"max-image-preview:large","max-video-preview":"max-video-preview:-1"},"canonical":"https:\/\/system-audio.com\/da\/vare\/w-5-vaegbeslag\/","og_locale":"da_DK","og_type":"article","og_title":"System Audio W.5 V\u00e6gbeslag | Sikker & Justerbar Oph\u00e6ng","og_description":"F\u00e5 den ideelle lytteposition og en elegant l\u00f8sning med W.5 v\u00e6gbeslaget. Designet specifikt til System Audio h\u00f8jttalere for en sikker og nem montering","og_url":"https:\/\/system-audio.com\/da\/vare\/w-5-vaegbeslag\/","og_site_name":"System Audio","article_modified_time":"2026-01-30T10:55:28+00:00","og_image":[{"width":600,"height":300,"url":"https:\/\/system-audio.com\/wp-content\/uploads\/2025\/02\/W.5-white-1-1.jpeg","type":"image\/jpeg"}],"twitter_card":"summary_large_image","twitter_misc":{"Estimeret l\u00e6setid":"1 minut"},"schema":{"@context":"https:\/\/schema.org","@graph":[{"@type":"WebPage","@id":"https:\/\/system-audio.com\/da\/vare\/w-5-vaegbeslag\/","url":"https:\/\/system-audio.com\/da\/vare\/w-5-vaegbeslag\/","name":"System Audio W.5 V\u00e6gbeslag | Sikker & Justerbar Oph\u00e6ng","isPartOf":{"@id":"https:\/\/system-audio.com\/#website"},"primaryImageOfPage":{"@id":"https:\/\/system-audio.com\/da\/vare\/w-5-vaegbeslag\/#primaryimage"},"image":{"@id":"https:\/\/system-audio.com\/da\/vare\/w-5-vaegbeslag\/#primaryimage"},"thumbnailUrl":"https:\/\/system-audio.com\/wp-content\/uploads\/2025\/02\/W.5-white-1-1.jpeg","datePublished":"2025-02-20T11:04:51+00:00","dateModified":"2026-01-30T10:55:28+00:00","description":"F\u00e5 den ideelle lytteposition og en elegant l\u00f8sning med W.5 v\u00e6gbeslaget. Designet specifikt til System Audio h\u00f8jttalere for en sikker og nem montering","breadcrumb":{"@id":"https:\/\/system-audio.com\/da\/vare\/w-5-vaegbeslag\/#breadcrumb"},"inLanguage":"da-DK","potentialAction":[{"@type":"ReadAction","target":["https:\/\/system-audio.com\/da\/vare\/w-5-vaegbeslag\/"]}]},{"@type":"ImageObject","inLanguage":"da-DK","@id":"https:\/\/system-audio.com\/da\/vare\/w-5-vaegbeslag\/#primaryimage","url":"https:\/\/system-audio.com\/wp-content\/uploads\/2025\/02\/W.5-white-1-1.jpeg","contentUrl":"https:\/\/system-audio.com\/wp-content\/uploads\/2025\/02\/W.5-white-1-1.jpeg","width":600,"height":300},{"@type":"BreadcrumbList","@id":"https:\/\/system-audio.com\/da\/vare\/w-5-vaegbeslag\/#breadcrumb","itemListElement":[{"@type":"ListItem","position":1,"name":"Home","item":"https:\/\/system-audio.com\/da\/"},{"@type":"ListItem","position":2,"name":"Shop","item":"https:\/\/system-audio.com\/da\/shop\/"},{"@type":"ListItem","position":3,"name":"W.5 V\u00e6gbeslag"}]},{"@type":"WebSite","@id":"https:\/\/system-audio.com\/#website","url":"https:\/\/system-audio.com\/","name":"System Audio","description":"","potentialAction":[{"@type":"SearchAction","target":{"@type":"EntryPoint","urlTemplate":"https:\/\/system-audio.com\/?s={search_term_string}"},"query-input":{"@type":"PropertyValueSpecification","valueRequired":true,"valueName":"search_term_string"}}],"inLanguage":"da-DK"}]}},"_links":{"self":[{"href":"https:\/\/system-audio.com\/da\/wp-json\/wp\/v2\/product\/7097","targetHints":{"allow":["GET"]}}],"collection":[{"href":"https:\/\/system-audio.com\/da\/wp-json\/wp\/v2\/product"}],"about":[{"href":"https:\/\/system-audio.com\/da\/wp-json\/wp\/v2\/types\/product"}],"wp:featuredmedia":[{"embeddable":true,"href":"https:\/\/system-audio.com\/da\/wp-json\/wp\/v2\/media\/982"}],"wp:attachment":[{"href":"https:\/\/system-audio.com\/da\/wp-json\/wp\/v2\/media?parent=7097"}],"wp:term":[{"taxonomy":"product_brand","embeddable":true,"href":"https:\/\/system-audio.com\/da\/wp-json\/wp\/v2\/product_brand?post=7097"},{"taxonomy":"product_cat","embeddable":true,"href":"https:\/\/system-audio.com\/da\/wp-json\/wp\/v2\/product_cat?post=7097"},{"taxonomy":"product_tag","embeddable":true,"href":"https:\/\/system-audio.com\/da\/wp-json\/wp\/v2\/product_tag?post=7097"}],"curies":[{"name":"wp","href":"https:\/\/api.w.org\/{rel}","templated":true}]}}