{"id":7094,"date":"2025-02-20T12:16:02","date_gmt":"2025-02-20T11:16:02","guid":{"rendered":"https:\/\/systemaudio.demo.supertusch.com\/product\/signature-sub-8\/"},"modified":"2026-01-13T16:07:53","modified_gmt":"2026-01-13T15:07:53","slug":"signature-sub-8-kablet-subwoofer","status":"publish","type":"product","link":"https:\/\/system-audio.com\/da\/vare\/signature-sub-8-kablet-subwoofer\/","title":{"rendered":"Signature Sub 8 \u2013 Kablet subwoofer"},"content":{"rendered":"","protected":false},"excerpt":{"rendered":"<p>En kompakt subwoofer, designet til gulv med indbygget 600 watt samlet forst\u00e6rkereffekt, der leverer dyb, pr\u00e6cis og kraftfuld bas, der l\u00f8fter b\u00e5de musik og film. Den er bevis p\u00e5 en subwoofer med stor bas\u00a0uanset om du spiller h\u00f8jt eller lavt. M\u00e5l: 29,6 \u00d7 29,6 \u00d7 31 cm.<\/p>\n","protected":false},"featured_media":2778,"template":"","meta":{"_acf_changed":false},"product_brand":[],"product_cat":[201],"product_tag":[216],"class_list":{"0":"post-7094","1":"product","2":"type-product","3":"status-publish","4":"has-post-thumbnail","6":"product_cat-kablet","7":"product_tag-subwoofer-da","9":"first","10":"instock","11":"taxable","12":"shipping-taxable","13":"purchasable","14":"product-type-variable","15":"has-default-attributes"},"acf":[],"yoast_head":"<!-- This site is optimized with the Yoast SEO plugin v26.1 - https:\/\/yoast.com\/wordpress\/plugins\/seo\/ -->\n<title>Signature Sub 8 Subwoofer | Kompakt Design. Kraftfuld Bas<\/title>\n<meta name=\"description\" content=\"Signature Sub 8 subwoofer med 600 watt forst\u00e6rker og to 8\u201d Vulcano woofere leverer dyb, pr\u00e6cis og vibrationsfri bas til musik og film.\" \/>\n<meta name=\"robots\" content=\"index, follow, max-snippet:-1, max-image-preview:large, max-video-preview:-1\" \/>\n<link rel=\"canonical\" href=\"https:\/\/system-audio.com\/da\/vare\/signature-sub-8-kablet-subwoofer\/\" \/>\n<meta property=\"og:locale\" content=\"da_DK\" \/>\n<meta property=\"og:type\" content=\"article\" \/>\n<meta property=\"og:title\" content=\"Signature Sub 8 Subwoofer | Kompakt Design. Kraftfuld Bas\" \/>\n<meta property=\"og:description\" content=\"Signature Sub 8 subwoofer med 600 watt forst\u00e6rker og to 8\u201d Vulcano woofere leverer dyb, pr\u00e6cis og vibrationsfri bas til musik og film.\" \/>\n<meta property=\"og:url\" content=\"https:\/\/system-audio.com\/da\/vare\/signature-sub-8-kablet-subwoofer\/\" \/>\n<meta property=\"og:site_name\" content=\"System Audio\" \/>\n<meta property=\"article:modified_time\" content=\"2026-01-13T15:07:53+00:00\" \/>\n<meta property=\"og:image\" content=\"https:\/\/system-audio.com\/wp-content\/uploads\/2025\/03\/SA_SignatureSub8_white_2000x1000.jpg\" \/>\n\t<meta property=\"og:image:width\" content=\"2000\" \/>\n\t<meta property=\"og:image:height\" content=\"1000\" \/>\n\t<meta property=\"og:image:type\" content=\"image\/jpeg\" \/>\n<meta name=\"twitter:card\" content=\"summary_large_image\" \/>\n<meta name=\"twitter:label1\" content=\"Estimeret l\u00e6setid\" \/>\n\t<meta name=\"twitter:data1\" content=\"1 minut\" \/>\n<script type=\"application\/ld+json\" class=\"yoast-schema-graph\">{\"@context\":\"https:\/\/schema.org\",\"@graph\":[{\"@type\":\"WebPage\",\"@id\":\"https:\/\/system-audio.com\/da\/vare\/signature-sub-8-kablet-subwoofer\/\",\"url\":\"https:\/\/system-audio.com\/da\/vare\/signature-sub-8-kablet-subwoofer\/\",\"name\":\"Signature Sub 8 Subwoofer | Kompakt Design. Kraftfuld Bas\",\"isPartOf\":{\"@id\":\"https:\/\/system-audio.com\/#website\"},\"primaryImageOfPage\":{\"@id\":\"https:\/\/system-audio.com\/da\/vare\/signature-sub-8-kablet-subwoofer\/#primaryimage\"},\"image\":{\"@id\":\"https:\/\/system-audio.com\/da\/vare\/signature-sub-8-kablet-subwoofer\/#primaryimage\"},\"thumbnailUrl\":\"https:\/\/system-audio.com\/wp-content\/uploads\/2025\/03\/SA_SignatureSub8_white_2000x1000.jpg\",\"datePublished\":\"2025-02-20T11:16:02+00:00\",\"dateModified\":\"2026-01-13T15:07:53+00:00\",\"description\":\"Signature Sub 8 subwoofer med 600 watt forst\u00e6rker og to 8\u201d Vulcano woofere leverer dyb, pr\u00e6cis og vibrationsfri bas til musik og film.\",\"breadcrumb\":{\"@id\":\"https:\/\/system-audio.com\/da\/vare\/signature-sub-8-kablet-subwoofer\/#breadcrumb\"},\"inLanguage\":\"da-DK\",\"potentialAction\":[{\"@type\":\"ReadAction\",\"target\":[\"https:\/\/system-audio.com\/da\/vare\/signature-sub-8-kablet-subwoofer\/\"]}]},{\"@type\":\"ImageObject\",\"inLanguage\":\"da-DK\",\"@id\":\"https:\/\/system-audio.com\/da\/vare\/signature-sub-8-kablet-subwoofer\/#primaryimage\",\"url\":\"https:\/\/system-audio.com\/wp-content\/uploads\/2025\/03\/SA_SignatureSub8_white_2000x1000.jpg\",\"contentUrl\":\"https:\/\/system-audio.com\/wp-content\/uploads\/2025\/03\/SA_SignatureSub8_white_2000x1000.jpg\",\"width\":2000,\"height\":1000},{\"@type\":\"BreadcrumbList\",\"@id\":\"https:\/\/system-audio.com\/da\/vare\/signature-sub-8-kablet-subwoofer\/#breadcrumb\",\"itemListElement\":[{\"@type\":\"ListItem\",\"position\":1,\"name\":\"Home\",\"item\":\"https:\/\/system-audio.com\/da\/\"},{\"@type\":\"ListItem\",\"position\":2,\"name\":\"Shop\",\"item\":\"https:\/\/system-audio.com\/da\/shop\/\"},{\"@type\":\"ListItem\",\"position\":3,\"name\":\"Signature Sub 8 \u2013 Kablet subwoofer\"}]},{\"@type\":\"WebSite\",\"@id\":\"https:\/\/system-audio.com\/#website\",\"url\":\"https:\/\/system-audio.com\/\",\"name\":\"System Audio\",\"description\":\"\",\"potentialAction\":[{\"@type\":\"SearchAction\",\"target\":{\"@type\":\"EntryPoint\",\"urlTemplate\":\"https:\/\/system-audio.com\/?s={search_term_string}\"},\"query-input\":{\"@type\":\"PropertyValueSpecification\",\"valueRequired\":true,\"valueName\":\"search_term_string\"}}],\"inLanguage\":\"da-DK\"}]}<\/script>\n<!-- \/ Yoast SEO plugin. -->","yoast_head_json":{"title":"Signature Sub 8 Subwoofer | Kompakt Design. Kraftfuld Bas","description":"Signature Sub 8 subwoofer med 600 watt forst\u00e6rker og to 8\u201d Vulcano woofere leverer dyb, pr\u00e6cis og vibrationsfri bas til musik og film.","robots":{"index":"index","follow":"follow","max-snippet":"max-snippet:-1","max-image-preview":"max-image-preview:large","max-video-preview":"max-video-preview:-1"},"canonical":"https:\/\/system-audio.com\/da\/vare\/signature-sub-8-kablet-subwoofer\/","og_locale":"da_DK","og_type":"article","og_title":"Signature Sub 8 Subwoofer | Kompakt Design. Kraftfuld Bas","og_description":"Signature Sub 8 subwoofer med 600 watt forst\u00e6rker og to 8\u201d Vulcano woofere leverer dyb, pr\u00e6cis og vibrationsfri bas til musik og film.","og_url":"https:\/\/system-audio.com\/da\/vare\/signature-sub-8-kablet-subwoofer\/","og_site_name":"System Audio","article_modified_time":"2026-01-13T15:07:53+00:00","og_image":[{"width":2000,"height":1000,"url":"https:\/\/system-audio.com\/wp-content\/uploads\/2025\/03\/SA_SignatureSub8_white_2000x1000.jpg","type":"image\/jpeg"}],"twitter_card":"summary_large_image","twitter_misc":{"Estimeret l\u00e6setid":"1 minut"},"schema":{"@context":"https:\/\/schema.org","@graph":[{"@type":"WebPage","@id":"https:\/\/system-audio.com\/da\/vare\/signature-sub-8-kablet-subwoofer\/","url":"https:\/\/system-audio.com\/da\/vare\/signature-sub-8-kablet-subwoofer\/","name":"Signature Sub 8 Subwoofer | Kompakt Design. Kraftfuld Bas","isPartOf":{"@id":"https:\/\/system-audio.com\/#website"},"primaryImageOfPage":{"@id":"https:\/\/system-audio.com\/da\/vare\/signature-sub-8-kablet-subwoofer\/#primaryimage"},"image":{"@id":"https:\/\/system-audio.com\/da\/vare\/signature-sub-8-kablet-subwoofer\/#primaryimage"},"thumbnailUrl":"https:\/\/system-audio.com\/wp-content\/uploads\/2025\/03\/SA_SignatureSub8_white_2000x1000.jpg","datePublished":"2025-02-20T11:16:02+00:00","dateModified":"2026-01-13T15:07:53+00:00","description":"Signature Sub 8 subwoofer med 600 watt forst\u00e6rker og to 8\u201d Vulcano woofere leverer dyb, pr\u00e6cis og vibrationsfri bas til musik og film.","breadcrumb":{"@id":"https:\/\/system-audio.com\/da\/vare\/signature-sub-8-kablet-subwoofer\/#breadcrumb"},"inLanguage":"da-DK","potentialAction":[{"@type":"ReadAction","target":["https:\/\/system-audio.com\/da\/vare\/signature-sub-8-kablet-subwoofer\/"]}]},{"@type":"ImageObject","inLanguage":"da-DK","@id":"https:\/\/system-audio.com\/da\/vare\/signature-sub-8-kablet-subwoofer\/#primaryimage","url":"https:\/\/system-audio.com\/wp-content\/uploads\/2025\/03\/SA_SignatureSub8_white_2000x1000.jpg","contentUrl":"https:\/\/system-audio.com\/wp-content\/uploads\/2025\/03\/SA_SignatureSub8_white_2000x1000.jpg","width":2000,"height":1000},{"@type":"BreadcrumbList","@id":"https:\/\/system-audio.com\/da\/vare\/signature-sub-8-kablet-subwoofer\/#breadcrumb","itemListElement":[{"@type":"ListItem","position":1,"name":"Home","item":"https:\/\/system-audio.com\/da\/"},{"@type":"ListItem","position":2,"name":"Shop","item":"https:\/\/system-audio.com\/da\/shop\/"},{"@type":"ListItem","position":3,"name":"Signature Sub 8 \u2013 Kablet subwoofer"}]},{"@type":"WebSite","@id":"https:\/\/system-audio.com\/#website","url":"https:\/\/system-audio.com\/","name":"System Audio","description":"","potentialAction":[{"@type":"SearchAction","target":{"@type":"EntryPoint","urlTemplate":"https:\/\/system-audio.com\/?s={search_term_string}"},"query-input":{"@type":"PropertyValueSpecification","valueRequired":true,"valueName":"search_term_string"}}],"inLanguage":"da-DK"}]}},"_links":{"self":[{"href":"https:\/\/system-audio.com\/da\/wp-json\/wp\/v2\/product\/7094","targetHints":{"allow":["GET"]}}],"collection":[{"href":"https:\/\/system-audio.com\/da\/wp-json\/wp\/v2\/product"}],"about":[{"href":"https:\/\/system-audio.com\/da\/wp-json\/wp\/v2\/types\/product"}],"wp:featuredmedia":[{"embeddable":true,"href":"https:\/\/system-audio.com\/da\/wp-json\/wp\/v2\/media\/2778"}],"wp:attachment":[{"href":"https:\/\/system-audio.com\/da\/wp-json\/wp\/v2\/media?parent=7094"}],"wp:term":[{"taxonomy":"product_brand","embeddable":true,"href":"https:\/\/system-audio.com\/da\/wp-json\/wp\/v2\/product_brand?post=7094"},{"taxonomy":"product_cat","embeddable":true,"href":"https:\/\/system-audio.com\/da\/wp-json\/wp\/v2\/product_cat?post=7094"},{"taxonomy":"product_tag","embeddable":true,"href":"https:\/\/system-audio.com\/da\/wp-json\/wp\/v2\/product_tag?post=7094"}],"curies":[{"name":"wp","href":"https:\/\/api.w.org\/{rel}","templated":true}]}}