{"id":7091,"date":"2025-03-07T09:10:20","date_gmt":"2025-03-07T08:10:20","guid":{"rendered":"https:\/\/systemaudio.demo.supertusch.com\/product\/signature-40\/"},"modified":"2026-01-13T16:07:00","modified_gmt":"2026-01-13T15:07:00","slug":"signature-40-kablet-gulvhoejttaler-2","status":"publish","type":"product","link":"https:\/\/system-audio.com\/da\/vare\/signature-40-kablet-gulvhoejttaler-2\/","title":{"rendered":"Signature 40 \u2013 Kablet gulvh\u00f8jttaler"},"content":{"rendered":"","protected":false},"excerpt":{"rendered":"<p>En skandinavisk h\u00f8jttaler, designet til gulv med 300 watt belastbarhed, der leverer naturlig, h\u00f8jopl\u00f8st lyd, der fanger hver nuance og hver takt med en fantastisk musikalitet. Den er bevis p\u00e5 en h\u00f8jttaler, der passer ind i ethvert rum og bringer din yndlingsmusik til live. M\u00e5l: 16,5 \u00d7 95 \u00d7 24,9 cm.<\/p>\n","protected":false},"featured_media":2766,"template":"","meta":{"_acf_changed":false},"product_brand":[],"product_cat":[201],"product_tag":[213],"class_list":{"0":"post-7091","1":"product","2":"type-product","3":"status-publish","4":"has-post-thumbnail","6":"product_cat-kablet","7":"product_tag-floorstanding-speaker-da","9":"first","10":"instock","11":"taxable","12":"shipping-taxable","13":"purchasable","14":"product-type-variable","15":"has-default-attributes"},"acf":[],"yoast_head":"<!-- This site is optimized with the Yoast SEO plugin v26.1 - https:\/\/yoast.com\/wordpress\/plugins\/seo\/ -->\n<title>Signature 40 H\u00f8jttaler | Naturlig HiFi-lyd i Elegant Design<\/title>\n<meta name=\"description\" content=\"Signature 40 h\u00f8jttaler med naturlig, h\u00f8jopl\u00f8st lyd, patenteret DXT-akustisk linse og elegant skandinavisk design \u2013 skabt til musik og TV i topkvalitet.\" \/>\n<meta name=\"robots\" content=\"index, follow, max-snippet:-1, max-image-preview:large, max-video-preview:-1\" \/>\n<link rel=\"canonical\" href=\"https:\/\/system-audio.com\/da\/vare\/signature-40-kablet-gulvhoejttaler-2\/\" \/>\n<meta property=\"og:locale\" content=\"da_DK\" \/>\n<meta property=\"og:type\" content=\"article\" \/>\n<meta property=\"og:title\" content=\"Signature 40 H\u00f8jttaler | Naturlig HiFi-lyd i Elegant Design\" \/>\n<meta property=\"og:description\" content=\"Signature 40 h\u00f8jttaler med naturlig, h\u00f8jopl\u00f8st lyd, patenteret DXT-akustisk linse og elegant skandinavisk design \u2013 skabt til musik og TV i topkvalitet.\" \/>\n<meta property=\"og:url\" content=\"https:\/\/system-audio.com\/da\/vare\/signature-40-kablet-gulvhoejttaler-2\/\" \/>\n<meta property=\"og:site_name\" content=\"System Audio\" \/>\n<meta property=\"article:modified_time\" content=\"2026-01-13T15:07:00+00:00\" \/>\n<meta property=\"og:image\" content=\"https:\/\/system-audio.com\/wp-content\/uploads\/2025\/03\/SA_Signature40_white_2000x1000.jpg\" \/>\n\t<meta property=\"og:image:width\" content=\"2000\" \/>\n\t<meta property=\"og:image:height\" content=\"1000\" \/>\n\t<meta property=\"og:image:type\" content=\"image\/jpeg\" \/>\n<meta name=\"twitter:card\" content=\"summary_large_image\" \/>\n<meta name=\"twitter:label1\" content=\"Estimeret l\u00e6setid\" \/>\n\t<meta name=\"twitter:data1\" content=\"1 minut\" \/>\n<script type=\"application\/ld+json\" class=\"yoast-schema-graph\">{\"@context\":\"https:\/\/schema.org\",\"@graph\":[{\"@type\":\"WebPage\",\"@id\":\"https:\/\/system-audio.com\/da\/vare\/signature-40-kablet-gulvhoejttaler-2\/\",\"url\":\"https:\/\/system-audio.com\/da\/vare\/signature-40-kablet-gulvhoejttaler-2\/\",\"name\":\"Signature 40 H\u00f8jttaler | Naturlig HiFi-lyd i Elegant Design\",\"isPartOf\":{\"@id\":\"https:\/\/system-audio.com\/#website\"},\"primaryImageOfPage\":{\"@id\":\"https:\/\/system-audio.com\/da\/vare\/signature-40-kablet-gulvhoejttaler-2\/#primaryimage\"},\"image\":{\"@id\":\"https:\/\/system-audio.com\/da\/vare\/signature-40-kablet-gulvhoejttaler-2\/#primaryimage\"},\"thumbnailUrl\":\"https:\/\/system-audio.com\/wp-content\/uploads\/2025\/03\/SA_Signature40_white_2000x1000.jpg\",\"datePublished\":\"2025-03-07T08:10:20+00:00\",\"dateModified\":\"2026-01-13T15:07:00+00:00\",\"description\":\"Signature 40 h\u00f8jttaler med naturlig, h\u00f8jopl\u00f8st lyd, patenteret DXT-akustisk linse og elegant skandinavisk design \u2013 skabt til musik og TV i topkvalitet.\",\"breadcrumb\":{\"@id\":\"https:\/\/system-audio.com\/da\/vare\/signature-40-kablet-gulvhoejttaler-2\/#breadcrumb\"},\"inLanguage\":\"da-DK\",\"potentialAction\":[{\"@type\":\"ReadAction\",\"target\":[\"https:\/\/system-audio.com\/da\/vare\/signature-40-kablet-gulvhoejttaler-2\/\"]}]},{\"@type\":\"ImageObject\",\"inLanguage\":\"da-DK\",\"@id\":\"https:\/\/system-audio.com\/da\/vare\/signature-40-kablet-gulvhoejttaler-2\/#primaryimage\",\"url\":\"https:\/\/system-audio.com\/wp-content\/uploads\/2025\/03\/SA_Signature40_white_2000x1000.jpg\",\"contentUrl\":\"https:\/\/system-audio.com\/wp-content\/uploads\/2025\/03\/SA_Signature40_white_2000x1000.jpg\",\"width\":2000,\"height\":1000},{\"@type\":\"BreadcrumbList\",\"@id\":\"https:\/\/system-audio.com\/da\/vare\/signature-40-kablet-gulvhoejttaler-2\/#breadcrumb\",\"itemListElement\":[{\"@type\":\"ListItem\",\"position\":1,\"name\":\"Home\",\"item\":\"https:\/\/system-audio.com\/da\/\"},{\"@type\":\"ListItem\",\"position\":2,\"name\":\"Shop\",\"item\":\"https:\/\/system-audio.com\/da\/shop\/\"},{\"@type\":\"ListItem\",\"position\":3,\"name\":\"Signature 40 \u2013 Kablet gulvh\u00f8jttaler\"}]},{\"@type\":\"WebSite\",\"@id\":\"https:\/\/system-audio.com\/#website\",\"url\":\"https:\/\/system-audio.com\/\",\"name\":\"System Audio\",\"description\":\"\",\"potentialAction\":[{\"@type\":\"SearchAction\",\"target\":{\"@type\":\"EntryPoint\",\"urlTemplate\":\"https:\/\/system-audio.com\/?s={search_term_string}\"},\"query-input\":{\"@type\":\"PropertyValueSpecification\",\"valueRequired\":true,\"valueName\":\"search_term_string\"}}],\"inLanguage\":\"da-DK\"}]}<\/script>\n<!-- \/ Yoast SEO plugin. -->","yoast_head_json":{"title":"Signature 40 H\u00f8jttaler | Naturlig HiFi-lyd i Elegant Design","description":"Signature 40 h\u00f8jttaler med naturlig, h\u00f8jopl\u00f8st lyd, patenteret DXT-akustisk linse og elegant skandinavisk design \u2013 skabt til musik og TV i topkvalitet.","robots":{"index":"index","follow":"follow","max-snippet":"max-snippet:-1","max-image-preview":"max-image-preview:large","max-video-preview":"max-video-preview:-1"},"canonical":"https:\/\/system-audio.com\/da\/vare\/signature-40-kablet-gulvhoejttaler-2\/","og_locale":"da_DK","og_type":"article","og_title":"Signature 40 H\u00f8jttaler | Naturlig HiFi-lyd i Elegant Design","og_description":"Signature 40 h\u00f8jttaler med naturlig, h\u00f8jopl\u00f8st lyd, patenteret DXT-akustisk linse og elegant skandinavisk design \u2013 skabt til musik og TV i topkvalitet.","og_url":"https:\/\/system-audio.com\/da\/vare\/signature-40-kablet-gulvhoejttaler-2\/","og_site_name":"System Audio","article_modified_time":"2026-01-13T15:07:00+00:00","og_image":[{"width":2000,"height":1000,"url":"https:\/\/system-audio.com\/wp-content\/uploads\/2025\/03\/SA_Signature40_white_2000x1000.jpg","type":"image\/jpeg"}],"twitter_card":"summary_large_image","twitter_misc":{"Estimeret l\u00e6setid":"1 minut"},"schema":{"@context":"https:\/\/schema.org","@graph":[{"@type":"WebPage","@id":"https:\/\/system-audio.com\/da\/vare\/signature-40-kablet-gulvhoejttaler-2\/","url":"https:\/\/system-audio.com\/da\/vare\/signature-40-kablet-gulvhoejttaler-2\/","name":"Signature 40 H\u00f8jttaler | Naturlig HiFi-lyd i Elegant Design","isPartOf":{"@id":"https:\/\/system-audio.com\/#website"},"primaryImageOfPage":{"@id":"https:\/\/system-audio.com\/da\/vare\/signature-40-kablet-gulvhoejttaler-2\/#primaryimage"},"image":{"@id":"https:\/\/system-audio.com\/da\/vare\/signature-40-kablet-gulvhoejttaler-2\/#primaryimage"},"thumbnailUrl":"https:\/\/system-audio.com\/wp-content\/uploads\/2025\/03\/SA_Signature40_white_2000x1000.jpg","datePublished":"2025-03-07T08:10:20+00:00","dateModified":"2026-01-13T15:07:00+00:00","description":"Signature 40 h\u00f8jttaler med naturlig, h\u00f8jopl\u00f8st lyd, patenteret DXT-akustisk linse og elegant skandinavisk design \u2013 skabt til musik og TV i topkvalitet.","breadcrumb":{"@id":"https:\/\/system-audio.com\/da\/vare\/signature-40-kablet-gulvhoejttaler-2\/#breadcrumb"},"inLanguage":"da-DK","potentialAction":[{"@type":"ReadAction","target":["https:\/\/system-audio.com\/da\/vare\/signature-40-kablet-gulvhoejttaler-2\/"]}]},{"@type":"ImageObject","inLanguage":"da-DK","@id":"https:\/\/system-audio.com\/da\/vare\/signature-40-kablet-gulvhoejttaler-2\/#primaryimage","url":"https:\/\/system-audio.com\/wp-content\/uploads\/2025\/03\/SA_Signature40_white_2000x1000.jpg","contentUrl":"https:\/\/system-audio.com\/wp-content\/uploads\/2025\/03\/SA_Signature40_white_2000x1000.jpg","width":2000,"height":1000},{"@type":"BreadcrumbList","@id":"https:\/\/system-audio.com\/da\/vare\/signature-40-kablet-gulvhoejttaler-2\/#breadcrumb","itemListElement":[{"@type":"ListItem","position":1,"name":"Home","item":"https:\/\/system-audio.com\/da\/"},{"@type":"ListItem","position":2,"name":"Shop","item":"https:\/\/system-audio.com\/da\/shop\/"},{"@type":"ListItem","position":3,"name":"Signature 40 \u2013 Kablet gulvh\u00f8jttaler"}]},{"@type":"WebSite","@id":"https:\/\/system-audio.com\/#website","url":"https:\/\/system-audio.com\/","name":"System Audio","description":"","potentialAction":[{"@type":"SearchAction","target":{"@type":"EntryPoint","urlTemplate":"https:\/\/system-audio.com\/?s={search_term_string}"},"query-input":{"@type":"PropertyValueSpecification","valueRequired":true,"valueName":"search_term_string"}}],"inLanguage":"da-DK"}]}},"_links":{"self":[{"href":"https:\/\/system-audio.com\/da\/wp-json\/wp\/v2\/product\/7091","targetHints":{"allow":["GET"]}}],"collection":[{"href":"https:\/\/system-audio.com\/da\/wp-json\/wp\/v2\/product"}],"about":[{"href":"https:\/\/system-audio.com\/da\/wp-json\/wp\/v2\/types\/product"}],"wp:featuredmedia":[{"embeddable":true,"href":"https:\/\/system-audio.com\/da\/wp-json\/wp\/v2\/media\/2766"}],"wp:attachment":[{"href":"https:\/\/system-audio.com\/da\/wp-json\/wp\/v2\/media?parent=7091"}],"wp:term":[{"taxonomy":"product_brand","embeddable":true,"href":"https:\/\/system-audio.com\/da\/wp-json\/wp\/v2\/product_brand?post=7091"},{"taxonomy":"product_cat","embeddable":true,"href":"https:\/\/system-audio.com\/da\/wp-json\/wp\/v2\/product_cat?post=7091"},{"taxonomy":"product_tag","embeddable":true,"href":"https:\/\/system-audio.com\/da\/wp-json\/wp\/v2\/product_tag?post=7091"}],"curies":[{"name":"wp","href":"https:\/\/api.w.org\/{rel}","templated":true}]}}