{"id":7088,"date":"2025-03-07T09:30:40","date_gmt":"2025-03-07T08:30:40","guid":{"rendered":"https:\/\/systemaudio.demo.supertusch.com\/product\/signature-10\/"},"modified":"2026-01-13T16:06:11","modified_gmt":"2026-01-13T15:06:11","slug":"signature-10-kablet-vaeghoejttaler","status":"publish","type":"product","link":"https:\/\/system-audio.com\/da\/vare\/signature-10-kablet-vaeghoejttaler\/","title":{"rendered":"Signature 10 \u2013 Kablet v\u00e6g- og centerh\u00f8jttaler"},"content":{"rendered":"","protected":false},"excerpt":{"rendered":"<p>En alsidig h\u00f8jttaler, designet til v\u00e6ggen og som centerh\u00f8jttaler med 150 watt belastbarhed, der leverer en fantastisk lyd, der overg\u00e5r forventningerne. Den er bevis p\u00e5 en h\u00f8jttaler, der passer ind hvor som helst, uden at g\u00e5 p\u00e5 kompromis med lyden. M\u00e5l: 73 \u00d7 18 \u00d7 9,9 cm.<\/p>\n","protected":false},"featured_media":13501,"template":"","meta":{"_acf_changed":false},"product_brand":[],"product_cat":[201],"product_tag":[215,206],"class_list":{"0":"post-7088","1":"product","2":"type-product","3":"status-publish","4":"has-post-thumbnail","6":"product_cat-kablet","7":"product_tag-center","8":"product_tag-wall-da","10":"first","11":"instock","12":"taxable","13":"shipping-taxable","14":"purchasable","15":"product-type-variable","16":"has-default-attributes"},"acf":[],"yoast_head":"<!-- This site is optimized with the Yoast SEO plugin v26.1 - https:\/\/yoast.com\/wordpress\/plugins\/seo\/ -->\n<title>Signature 10 H\u00f8jttaler | Fleksibel Placering. Klar Lyd<\/title>\n<meta name=\"description\" content=\"Signature 10 h\u00f8jttaler med v\u00e6gvenligt design, lukket kabinet og pr\u00e6cis akustik leverer fyldig, klar lyd \u2013 uanset placering i dit hjem.\" \/>\n<meta name=\"robots\" content=\"index, follow, max-snippet:-1, max-image-preview:large, max-video-preview:-1\" \/>\n<link rel=\"canonical\" href=\"https:\/\/system-audio.com\/da\/vare\/signature-10-kablet-vaeghoejttaler\/\" \/>\n<meta property=\"og:locale\" content=\"da_DK\" \/>\n<meta property=\"og:type\" content=\"article\" \/>\n<meta property=\"og:title\" content=\"Signature 10 H\u00f8jttaler | Fleksibel Placering. Klar Lyd\" \/>\n<meta property=\"og:description\" content=\"Signature 10 h\u00f8jttaler med v\u00e6gvenligt design, lukket kabinet og pr\u00e6cis akustik leverer fyldig, klar lyd \u2013 uanset placering i dit hjem.\" \/>\n<meta property=\"og:url\" content=\"https:\/\/system-audio.com\/da\/vare\/signature-10-kablet-vaeghoejttaler\/\" \/>\n<meta property=\"og:site_name\" content=\"System Audio\" \/>\n<meta property=\"article:modified_time\" content=\"2026-01-13T15:06:11+00:00\" \/>\n<meta property=\"og:image\" content=\"https:\/\/system-audio.com\/wp-content\/uploads\/2025\/03\/Signature-10-front-white-2000-x-1000-px.png\" \/>\n\t<meta property=\"og:image:width\" content=\"2000\" \/>\n\t<meta property=\"og:image:height\" content=\"1000\" \/>\n\t<meta property=\"og:image:type\" content=\"image\/png\" \/>\n<meta name=\"twitter:card\" content=\"summary_large_image\" \/>\n<meta name=\"twitter:label1\" content=\"Estimeret l\u00e6setid\" \/>\n\t<meta name=\"twitter:data1\" content=\"1 minut\" \/>\n<script type=\"application\/ld+json\" class=\"yoast-schema-graph\">{\"@context\":\"https:\/\/schema.org\",\"@graph\":[{\"@type\":\"WebPage\",\"@id\":\"https:\/\/system-audio.com\/da\/vare\/signature-10-kablet-vaeghoejttaler\/\",\"url\":\"https:\/\/system-audio.com\/da\/vare\/signature-10-kablet-vaeghoejttaler\/\",\"name\":\"Signature 10 H\u00f8jttaler | Fleksibel Placering. Klar Lyd\",\"isPartOf\":{\"@id\":\"https:\/\/system-audio.com\/#website\"},\"primaryImageOfPage\":{\"@id\":\"https:\/\/system-audio.com\/da\/vare\/signature-10-kablet-vaeghoejttaler\/#primaryimage\"},\"image\":{\"@id\":\"https:\/\/system-audio.com\/da\/vare\/signature-10-kablet-vaeghoejttaler\/#primaryimage\"},\"thumbnailUrl\":\"https:\/\/system-audio.com\/wp-content\/uploads\/2025\/03\/Signature-10-front-white-2000-x-1000-px.png\",\"datePublished\":\"2025-03-07T08:30:40+00:00\",\"dateModified\":\"2026-01-13T15:06:11+00:00\",\"description\":\"Signature 10 h\u00f8jttaler med v\u00e6gvenligt design, lukket kabinet og pr\u00e6cis akustik leverer fyldig, klar lyd \u2013 uanset placering i dit hjem.\",\"breadcrumb\":{\"@id\":\"https:\/\/system-audio.com\/da\/vare\/signature-10-kablet-vaeghoejttaler\/#breadcrumb\"},\"inLanguage\":\"da-DK\",\"potentialAction\":[{\"@type\":\"ReadAction\",\"target\":[\"https:\/\/system-audio.com\/da\/vare\/signature-10-kablet-vaeghoejttaler\/\"]}]},{\"@type\":\"ImageObject\",\"inLanguage\":\"da-DK\",\"@id\":\"https:\/\/system-audio.com\/da\/vare\/signature-10-kablet-vaeghoejttaler\/#primaryimage\",\"url\":\"https:\/\/system-audio.com\/wp-content\/uploads\/2025\/03\/Signature-10-front-white-2000-x-1000-px.png\",\"contentUrl\":\"https:\/\/system-audio.com\/wp-content\/uploads\/2025\/03\/Signature-10-front-white-2000-x-1000-px.png\",\"width\":2000,\"height\":1000},{\"@type\":\"BreadcrumbList\",\"@id\":\"https:\/\/system-audio.com\/da\/vare\/signature-10-kablet-vaeghoejttaler\/#breadcrumb\",\"itemListElement\":[{\"@type\":\"ListItem\",\"position\":1,\"name\":\"Home\",\"item\":\"https:\/\/system-audio.com\/da\/\"},{\"@type\":\"ListItem\",\"position\":2,\"name\":\"Shop\",\"item\":\"https:\/\/system-audio.com\/da\/shop\/\"},{\"@type\":\"ListItem\",\"position\":3,\"name\":\"Signature 10 \u2013 Kablet v\u00e6g- og centerh\u00f8jttaler\"}]},{\"@type\":\"WebSite\",\"@id\":\"https:\/\/system-audio.com\/#website\",\"url\":\"https:\/\/system-audio.com\/\",\"name\":\"System Audio\",\"description\":\"\",\"potentialAction\":[{\"@type\":\"SearchAction\",\"target\":{\"@type\":\"EntryPoint\",\"urlTemplate\":\"https:\/\/system-audio.com\/?s={search_term_string}\"},\"query-input\":{\"@type\":\"PropertyValueSpecification\",\"valueRequired\":true,\"valueName\":\"search_term_string\"}}],\"inLanguage\":\"da-DK\"}]}<\/script>\n<!-- \/ Yoast SEO plugin. -->","yoast_head_json":{"title":"Signature 10 H\u00f8jttaler | Fleksibel Placering. Klar Lyd","description":"Signature 10 h\u00f8jttaler med v\u00e6gvenligt design, lukket kabinet og pr\u00e6cis akustik leverer fyldig, klar lyd \u2013 uanset placering i dit hjem.","robots":{"index":"index","follow":"follow","max-snippet":"max-snippet:-1","max-image-preview":"max-image-preview:large","max-video-preview":"max-video-preview:-1"},"canonical":"https:\/\/system-audio.com\/da\/vare\/signature-10-kablet-vaeghoejttaler\/","og_locale":"da_DK","og_type":"article","og_title":"Signature 10 H\u00f8jttaler | Fleksibel Placering. Klar Lyd","og_description":"Signature 10 h\u00f8jttaler med v\u00e6gvenligt design, lukket kabinet og pr\u00e6cis akustik leverer fyldig, klar lyd \u2013 uanset placering i dit hjem.","og_url":"https:\/\/system-audio.com\/da\/vare\/signature-10-kablet-vaeghoejttaler\/","og_site_name":"System Audio","article_modified_time":"2026-01-13T15:06:11+00:00","og_image":[{"width":2000,"height":1000,"url":"https:\/\/system-audio.com\/wp-content\/uploads\/2025\/03\/Signature-10-front-white-2000-x-1000-px.png","type":"image\/png"}],"twitter_card":"summary_large_image","twitter_misc":{"Estimeret l\u00e6setid":"1 minut"},"schema":{"@context":"https:\/\/schema.org","@graph":[{"@type":"WebPage","@id":"https:\/\/system-audio.com\/da\/vare\/signature-10-kablet-vaeghoejttaler\/","url":"https:\/\/system-audio.com\/da\/vare\/signature-10-kablet-vaeghoejttaler\/","name":"Signature 10 H\u00f8jttaler | Fleksibel Placering. Klar Lyd","isPartOf":{"@id":"https:\/\/system-audio.com\/#website"},"primaryImageOfPage":{"@id":"https:\/\/system-audio.com\/da\/vare\/signature-10-kablet-vaeghoejttaler\/#primaryimage"},"image":{"@id":"https:\/\/system-audio.com\/da\/vare\/signature-10-kablet-vaeghoejttaler\/#primaryimage"},"thumbnailUrl":"https:\/\/system-audio.com\/wp-content\/uploads\/2025\/03\/Signature-10-front-white-2000-x-1000-px.png","datePublished":"2025-03-07T08:30:40+00:00","dateModified":"2026-01-13T15:06:11+00:00","description":"Signature 10 h\u00f8jttaler med v\u00e6gvenligt design, lukket kabinet og pr\u00e6cis akustik leverer fyldig, klar lyd \u2013 uanset placering i dit hjem.","breadcrumb":{"@id":"https:\/\/system-audio.com\/da\/vare\/signature-10-kablet-vaeghoejttaler\/#breadcrumb"},"inLanguage":"da-DK","potentialAction":[{"@type":"ReadAction","target":["https:\/\/system-audio.com\/da\/vare\/signature-10-kablet-vaeghoejttaler\/"]}]},{"@type":"ImageObject","inLanguage":"da-DK","@id":"https:\/\/system-audio.com\/da\/vare\/signature-10-kablet-vaeghoejttaler\/#primaryimage","url":"https:\/\/system-audio.com\/wp-content\/uploads\/2025\/03\/Signature-10-front-white-2000-x-1000-px.png","contentUrl":"https:\/\/system-audio.com\/wp-content\/uploads\/2025\/03\/Signature-10-front-white-2000-x-1000-px.png","width":2000,"height":1000},{"@type":"BreadcrumbList","@id":"https:\/\/system-audio.com\/da\/vare\/signature-10-kablet-vaeghoejttaler\/#breadcrumb","itemListElement":[{"@type":"ListItem","position":1,"name":"Home","item":"https:\/\/system-audio.com\/da\/"},{"@type":"ListItem","position":2,"name":"Shop","item":"https:\/\/system-audio.com\/da\/shop\/"},{"@type":"ListItem","position":3,"name":"Signature 10 \u2013 Kablet v\u00e6g- og centerh\u00f8jttaler"}]},{"@type":"WebSite","@id":"https:\/\/system-audio.com\/#website","url":"https:\/\/system-audio.com\/","name":"System Audio","description":"","potentialAction":[{"@type":"SearchAction","target":{"@type":"EntryPoint","urlTemplate":"https:\/\/system-audio.com\/?s={search_term_string}"},"query-input":{"@type":"PropertyValueSpecification","valueRequired":true,"valueName":"search_term_string"}}],"inLanguage":"da-DK"}]}},"_links":{"self":[{"href":"https:\/\/system-audio.com\/da\/wp-json\/wp\/v2\/product\/7088","targetHints":{"allow":["GET"]}}],"collection":[{"href":"https:\/\/system-audio.com\/da\/wp-json\/wp\/v2\/product"}],"about":[{"href":"https:\/\/system-audio.com\/da\/wp-json\/wp\/v2\/types\/product"}],"wp:featuredmedia":[{"embeddable":true,"href":"https:\/\/system-audio.com\/da\/wp-json\/wp\/v2\/media\/13501"}],"wp:attachment":[{"href":"https:\/\/system-audio.com\/da\/wp-json\/wp\/v2\/media?parent=7088"}],"wp:term":[{"taxonomy":"product_brand","embeddable":true,"href":"https:\/\/system-audio.com\/da\/wp-json\/wp\/v2\/product_brand?post=7088"},{"taxonomy":"product_cat","embeddable":true,"href":"https:\/\/system-audio.com\/da\/wp-json\/wp\/v2\/product_cat?post=7088"},{"taxonomy":"product_tag","embeddable":true,"href":"https:\/\/system-audio.com\/da\/wp-json\/wp\/v2\/product_tag?post=7088"}],"curies":[{"name":"wp","href":"https:\/\/api.w.org\/{rel}","templated":true}]}}