{"id":7080,"date":"2025-01-27T11:12:22","date_gmt":"2025-01-27T10:12:22","guid":{"rendered":"https:\/\/systemaudio.demo.supertusch.com\/product\/air-1\/"},"modified":"2026-01-13T13:38:33","modified_gmt":"2026-01-13T12:38:33","slug":"air-1-tradlos-bord-reol-eller-vaeghojttaler","status":"publish","type":"product","link":"https:\/\/system-audio.com\/da\/vare\/air-1-tradlos-bord-reol-eller-vaeghojttaler\/","title":{"rendered":"Air 1 \u2013 Tr\u00e5dl\u00f8s bord-, reol- eller v\u00e6gh\u00f8jttaler"},"content":{"rendered":"","protected":false},"excerpt":{"rendered":"<p>En lille solid h\u00f8jttaler, designet til bord, reol eller v\u00e6g med indbygget 180 watt samlet forst\u00e6rkereffekt, der leverer musikken i h\u00f8j opl\u00f8sning med en solid forbindelse. Den er bevis p\u00e5 en h\u00f8jttaler med en problemfri, tr\u00e5dl\u00f8s lyd i dit hjem. M\u00e5l: 29,5 \u00d7 17 \u00d7 16,3 cm.<\/p>\n","protected":false},"featured_media":1805,"template":"","meta":{"_acf_changed":false},"product_brand":[],"product_cat":[243,200],"product_tag":[205],"class_list":{"0":"post-7080","1":"product","2":"type-product","3":"status-publish","4":"has-post-thumbnail","6":"product_cat-tilbud","7":"product_cat-tradlos","8":"product_tag-reol","10":"first","11":"instock","12":"sale","13":"taxable","14":"shipping-taxable","15":"purchasable","16":"product-type-variable","17":"has-default-attributes"},"acf":[],"yoast_head":"<!-- This site is optimized with the Yoast SEO plugin v26.1 - https:\/\/yoast.com\/wordpress\/plugins\/seo\/ -->\n<title>Air 1 | Alsidig tr\u00e5dl\u00f8s Bluetooth h\u00f8jttaler | System Audio<\/title>\n<meta name=\"description\" content=\"Air 1 Bluetooth-h\u00f8jttaler med High Resolution lyd, bundsolid tr\u00e5dl\u00f8s forbindelse, \u00e6gte tr\u00e6design, digital forst\u00e6rkning og TV-tilslutning via HDMI.\" \/>\n<meta name=\"robots\" content=\"index, follow, max-snippet:-1, max-image-preview:large, max-video-preview:-1\" \/>\n<link rel=\"canonical\" href=\"https:\/\/system-audio.com\/da\/vare\/air-1-tradlos-bord-reol-eller-vaeghojttaler\/\" \/>\n<meta property=\"og:locale\" content=\"da_DK\" \/>\n<meta property=\"og:type\" content=\"article\" \/>\n<meta property=\"og:title\" content=\"Air 1 | Alsidig tr\u00e5dl\u00f8s Bluetooth h\u00f8jttaler | System Audio\" \/>\n<meta property=\"og:description\" content=\"Air 1 Bluetooth-h\u00f8jttaler med High Resolution lyd, bundsolid tr\u00e5dl\u00f8s forbindelse, \u00e6gte tr\u00e6design, digital forst\u00e6rkning og TV-tilslutning via HDMI.\" \/>\n<meta property=\"og:url\" content=\"https:\/\/system-audio.com\/da\/vare\/air-1-tradlos-bord-reol-eller-vaeghojttaler\/\" \/>\n<meta property=\"og:site_name\" content=\"System Audio\" \/>\n<meta property=\"article:modified_time\" content=\"2026-01-13T12:38:33+00:00\" \/>\n<meta property=\"og:image\" content=\"https:\/\/system-audio.com\/wp-content\/uploads\/2025\/02\/SA-air-1.2-scaled-1.jpg\" \/>\n\t<meta property=\"og:image:width\" content=\"2048\" \/>\n\t<meta property=\"og:image:height\" content=\"1027\" \/>\n\t<meta property=\"og:image:type\" content=\"image\/jpeg\" \/>\n<meta name=\"twitter:card\" content=\"summary_large_image\" \/>\n<meta name=\"twitter:label1\" content=\"Estimeret l\u00e6setid\" \/>\n\t<meta name=\"twitter:data1\" content=\"1 minut\" \/>\n<script type=\"application\/ld+json\" class=\"yoast-schema-graph\">{\"@context\":\"https:\/\/schema.org\",\"@graph\":[{\"@type\":\"WebPage\",\"@id\":\"https:\/\/system-audio.com\/da\/vare\/air-1-tradlos-bord-reol-eller-vaeghojttaler\/\",\"url\":\"https:\/\/system-audio.com\/da\/vare\/air-1-tradlos-bord-reol-eller-vaeghojttaler\/\",\"name\":\"Air 1 | Alsidig tr\u00e5dl\u00f8s Bluetooth h\u00f8jttaler | System Audio\",\"isPartOf\":{\"@id\":\"https:\/\/system-audio.com\/#website\"},\"primaryImageOfPage\":{\"@id\":\"https:\/\/system-audio.com\/da\/vare\/air-1-tradlos-bord-reol-eller-vaeghojttaler\/#primaryimage\"},\"image\":{\"@id\":\"https:\/\/system-audio.com\/da\/vare\/air-1-tradlos-bord-reol-eller-vaeghojttaler\/#primaryimage\"},\"thumbnailUrl\":\"https:\/\/system-audio.com\/wp-content\/uploads\/2025\/02\/SA-air-1.2-scaled-1.jpg\",\"datePublished\":\"2025-01-27T10:12:22+00:00\",\"dateModified\":\"2026-01-13T12:38:33+00:00\",\"description\":\"Air 1 Bluetooth-h\u00f8jttaler med High Resolution lyd, bundsolid tr\u00e5dl\u00f8s forbindelse, \u00e6gte tr\u00e6design, digital forst\u00e6rkning og TV-tilslutning via HDMI.\",\"breadcrumb\":{\"@id\":\"https:\/\/system-audio.com\/da\/vare\/air-1-tradlos-bord-reol-eller-vaeghojttaler\/#breadcrumb\"},\"inLanguage\":\"da-DK\",\"potentialAction\":[{\"@type\":\"ReadAction\",\"target\":[\"https:\/\/system-audio.com\/da\/vare\/air-1-tradlos-bord-reol-eller-vaeghojttaler\/\"]}]},{\"@type\":\"ImageObject\",\"inLanguage\":\"da-DK\",\"@id\":\"https:\/\/system-audio.com\/da\/vare\/air-1-tradlos-bord-reol-eller-vaeghojttaler\/#primaryimage\",\"url\":\"https:\/\/system-audio.com\/wp-content\/uploads\/2025\/02\/SA-air-1.2-scaled-1.jpg\",\"contentUrl\":\"https:\/\/system-audio.com\/wp-content\/uploads\/2025\/02\/SA-air-1.2-scaled-1.jpg\",\"width\":2048,\"height\":1027},{\"@type\":\"BreadcrumbList\",\"@id\":\"https:\/\/system-audio.com\/da\/vare\/air-1-tradlos-bord-reol-eller-vaeghojttaler\/#breadcrumb\",\"itemListElement\":[{\"@type\":\"ListItem\",\"position\":1,\"name\":\"Home\",\"item\":\"https:\/\/system-audio.com\/da\/\"},{\"@type\":\"ListItem\",\"position\":2,\"name\":\"Shop\",\"item\":\"https:\/\/system-audio.com\/da\/shop\/\"},{\"@type\":\"ListItem\",\"position\":3,\"name\":\"Air 1 \u2013 Tr\u00e5dl\u00f8s bord-, reol- eller v\u00e6gh\u00f8jttaler\"}]},{\"@type\":\"WebSite\",\"@id\":\"https:\/\/system-audio.com\/#website\",\"url\":\"https:\/\/system-audio.com\/\",\"name\":\"System Audio\",\"description\":\"\",\"potentialAction\":[{\"@type\":\"SearchAction\",\"target\":{\"@type\":\"EntryPoint\",\"urlTemplate\":\"https:\/\/system-audio.com\/?s={search_term_string}\"},\"query-input\":{\"@type\":\"PropertyValueSpecification\",\"valueRequired\":true,\"valueName\":\"search_term_string\"}}],\"inLanguage\":\"da-DK\"}]}<\/script>\n<!-- \/ Yoast SEO plugin. -->","yoast_head_json":{"title":"Air 1 | Alsidig tr\u00e5dl\u00f8s Bluetooth h\u00f8jttaler | System Audio","description":"Air 1 Bluetooth-h\u00f8jttaler med High Resolution lyd, bundsolid tr\u00e5dl\u00f8s forbindelse, \u00e6gte tr\u00e6design, digital forst\u00e6rkning og TV-tilslutning via HDMI.","robots":{"index":"index","follow":"follow","max-snippet":"max-snippet:-1","max-image-preview":"max-image-preview:large","max-video-preview":"max-video-preview:-1"},"canonical":"https:\/\/system-audio.com\/da\/vare\/air-1-tradlos-bord-reol-eller-vaeghojttaler\/","og_locale":"da_DK","og_type":"article","og_title":"Air 1 | Alsidig tr\u00e5dl\u00f8s Bluetooth h\u00f8jttaler | System Audio","og_description":"Air 1 Bluetooth-h\u00f8jttaler med High Resolution lyd, bundsolid tr\u00e5dl\u00f8s forbindelse, \u00e6gte tr\u00e6design, digital forst\u00e6rkning og TV-tilslutning via HDMI.","og_url":"https:\/\/system-audio.com\/da\/vare\/air-1-tradlos-bord-reol-eller-vaeghojttaler\/","og_site_name":"System Audio","article_modified_time":"2026-01-13T12:38:33+00:00","og_image":[{"width":2048,"height":1027,"url":"https:\/\/system-audio.com\/wp-content\/uploads\/2025\/02\/SA-air-1.2-scaled-1.jpg","type":"image\/jpeg"}],"twitter_card":"summary_large_image","twitter_misc":{"Estimeret l\u00e6setid":"1 minut"},"schema":{"@context":"https:\/\/schema.org","@graph":[{"@type":"WebPage","@id":"https:\/\/system-audio.com\/da\/vare\/air-1-tradlos-bord-reol-eller-vaeghojttaler\/","url":"https:\/\/system-audio.com\/da\/vare\/air-1-tradlos-bord-reol-eller-vaeghojttaler\/","name":"Air 1 | Alsidig tr\u00e5dl\u00f8s Bluetooth h\u00f8jttaler | System Audio","isPartOf":{"@id":"https:\/\/system-audio.com\/#website"},"primaryImageOfPage":{"@id":"https:\/\/system-audio.com\/da\/vare\/air-1-tradlos-bord-reol-eller-vaeghojttaler\/#primaryimage"},"image":{"@id":"https:\/\/system-audio.com\/da\/vare\/air-1-tradlos-bord-reol-eller-vaeghojttaler\/#primaryimage"},"thumbnailUrl":"https:\/\/system-audio.com\/wp-content\/uploads\/2025\/02\/SA-air-1.2-scaled-1.jpg","datePublished":"2025-01-27T10:12:22+00:00","dateModified":"2026-01-13T12:38:33+00:00","description":"Air 1 Bluetooth-h\u00f8jttaler med High Resolution lyd, bundsolid tr\u00e5dl\u00f8s forbindelse, \u00e6gte tr\u00e6design, digital forst\u00e6rkning og TV-tilslutning via HDMI.","breadcrumb":{"@id":"https:\/\/system-audio.com\/da\/vare\/air-1-tradlos-bord-reol-eller-vaeghojttaler\/#breadcrumb"},"inLanguage":"da-DK","potentialAction":[{"@type":"ReadAction","target":["https:\/\/system-audio.com\/da\/vare\/air-1-tradlos-bord-reol-eller-vaeghojttaler\/"]}]},{"@type":"ImageObject","inLanguage":"da-DK","@id":"https:\/\/system-audio.com\/da\/vare\/air-1-tradlos-bord-reol-eller-vaeghojttaler\/#primaryimage","url":"https:\/\/system-audio.com\/wp-content\/uploads\/2025\/02\/SA-air-1.2-scaled-1.jpg","contentUrl":"https:\/\/system-audio.com\/wp-content\/uploads\/2025\/02\/SA-air-1.2-scaled-1.jpg","width":2048,"height":1027},{"@type":"BreadcrumbList","@id":"https:\/\/system-audio.com\/da\/vare\/air-1-tradlos-bord-reol-eller-vaeghojttaler\/#breadcrumb","itemListElement":[{"@type":"ListItem","position":1,"name":"Home","item":"https:\/\/system-audio.com\/da\/"},{"@type":"ListItem","position":2,"name":"Shop","item":"https:\/\/system-audio.com\/da\/shop\/"},{"@type":"ListItem","position":3,"name":"Air 1 \u2013 Tr\u00e5dl\u00f8s bord-, reol- eller v\u00e6gh\u00f8jttaler"}]},{"@type":"WebSite","@id":"https:\/\/system-audio.com\/#website","url":"https:\/\/system-audio.com\/","name":"System Audio","description":"","potentialAction":[{"@type":"SearchAction","target":{"@type":"EntryPoint","urlTemplate":"https:\/\/system-audio.com\/?s={search_term_string}"},"query-input":{"@type":"PropertyValueSpecification","valueRequired":true,"valueName":"search_term_string"}}],"inLanguage":"da-DK"}]}},"_links":{"self":[{"href":"https:\/\/system-audio.com\/da\/wp-json\/wp\/v2\/product\/7080","targetHints":{"allow":["GET"]}}],"collection":[{"href":"https:\/\/system-audio.com\/da\/wp-json\/wp\/v2\/product"}],"about":[{"href":"https:\/\/system-audio.com\/da\/wp-json\/wp\/v2\/types\/product"}],"wp:featuredmedia":[{"embeddable":true,"href":"https:\/\/system-audio.com\/da\/wp-json\/wp\/v2\/media\/1805"}],"wp:attachment":[{"href":"https:\/\/system-audio.com\/da\/wp-json\/wp\/v2\/media?parent=7080"}],"wp:term":[{"taxonomy":"product_brand","embeddable":true,"href":"https:\/\/system-audio.com\/da\/wp-json\/wp\/v2\/product_brand?post=7080"},{"taxonomy":"product_cat","embeddable":true,"href":"https:\/\/system-audio.com\/da\/wp-json\/wp\/v2\/product_cat?post=7080"},{"taxonomy":"product_tag","embeddable":true,"href":"https:\/\/system-audio.com\/da\/wp-json\/wp\/v2\/product_tag?post=7080"}],"curies":[{"name":"wp","href":"https:\/\/api.w.org\/{rel}","templated":true}]}}