{"id":7077,"date":"2025-02-27T10:47:48","date_gmt":"2025-02-27T09:47:48","guid":{"rendered":"https:\/\/systemaudio.demo.supertusch.com\/product\/1765\/"},"modified":"2026-02-24T20:38:16","modified_gmt":"2026-02-24T19:38:16","slug":"silverbar-traadloes-soundbar","status":"publish","type":"product","link":"https:\/\/system-audio.com\/da\/vare\/silverbar-traadloes-soundbar\/","title":{"rendered":"Silverbar \u2013 Tr\u00e5dl\u00f8s soundbar"},"content":{"rendered":"","protected":false},"excerpt":{"rendered":"<p>En kraftfuld soundbar, designet til reol med indbygget 320 watt samlet forst\u00e6rkereffekt, der leverer fantastisk lyd i et slankt alt-i-et-design. Den er bevis p\u00e5 et komplet musiksystem, der giver dig en lydoplevelse langt ud over, hvad du ville forvente. M\u00e5l: 72,2 \u00d7 17 \u00d7 10,6 cm.<\/p>\n","protected":false},"featured_media":7008,"template":"","meta":{"_acf_changed":false},"product_brand":[],"product_cat":[200],"product_tag":[206,205,246],"class_list":{"0":"post-7077","1":"product","2":"type-product","3":"status-publish","4":"has-post-thumbnail","6":"product_cat-tradlos","7":"product_tag-wall-da","8":"product_tag-reol","9":"product_tag-soundbar-da","11":"first","12":"instock","13":"taxable","14":"shipping-taxable","15":"purchasable","16":"product-type-variable","17":"has-default-attributes"},"acf":[],"yoast_head":"<!-- This site is optimized with the Yoast SEO plugin v26.1 - https:\/\/yoast.com\/wordpress\/plugins\/seo\/ -->\n<title>Silverbar Tr\u00e5dl\u00f8s Soundbar \u2013 Kraftfuld Lyd til TV &amp; Musik<\/title>\n<meta name=\"description\" content=\"Silverbar tr\u00e5dl\u00f8s soundbar med fire indbyggede forst\u00e6rkere, 320 watt kraft, Chromecast, AirPlay 2, multiroom og perfekt TV- og musiklyd.\" \/>\n<meta name=\"robots\" content=\"index, follow, max-snippet:-1, max-image-preview:large, max-video-preview:-1\" \/>\n<link rel=\"canonical\" href=\"https:\/\/system-audio.com\/da\/vare\/silverbar-traadloes-soundbar\/\" \/>\n<meta property=\"og:locale\" content=\"da_DK\" \/>\n<meta property=\"og:type\" content=\"article\" \/>\n<meta property=\"og:title\" content=\"Silverbar Tr\u00e5dl\u00f8s Soundbar \u2013 Kraftfuld Lyd til TV &amp; Musik\" \/>\n<meta property=\"og:description\" content=\"Silverbar tr\u00e5dl\u00f8s soundbar med fire indbyggede forst\u00e6rkere, 320 watt kraft, Chromecast, AirPlay 2, multiroom og perfekt TV- og musiklyd.\" \/>\n<meta property=\"og:url\" content=\"https:\/\/system-audio.com\/da\/vare\/silverbar-traadloes-soundbar\/\" \/>\n<meta property=\"og:site_name\" content=\"System Audio\" \/>\n<meta property=\"article:modified_time\" content=\"2026-02-24T19:38:16+00:00\" \/>\n<meta property=\"og:image\" content=\"https:\/\/system-audio.com\/wp-content\/uploads\/2025\/02\/67A6901_frit_small.png\" \/>\n\t<meta property=\"og:image:width\" content=\"2000\" \/>\n\t<meta property=\"og:image:height\" content=\"1334\" \/>\n\t<meta property=\"og:image:type\" content=\"image\/png\" \/>\n<meta name=\"twitter:card\" content=\"summary_large_image\" \/>\n<meta name=\"twitter:label1\" content=\"Estimeret l\u00e6setid\" \/>\n\t<meta name=\"twitter:data1\" content=\"1 minut\" \/>\n<script type=\"application\/ld+json\" class=\"yoast-schema-graph\">{\"@context\":\"https:\/\/schema.org\",\"@graph\":[{\"@type\":\"WebPage\",\"@id\":\"https:\/\/system-audio.com\/da\/vare\/silverbar-traadloes-soundbar\/\",\"url\":\"https:\/\/system-audio.com\/da\/vare\/silverbar-traadloes-soundbar\/\",\"name\":\"Silverbar Tr\u00e5dl\u00f8s Soundbar \u2013 Kraftfuld Lyd til TV & Musik\",\"isPartOf\":{\"@id\":\"https:\/\/system-audio.com\/#website\"},\"primaryImageOfPage\":{\"@id\":\"https:\/\/system-audio.com\/da\/vare\/silverbar-traadloes-soundbar\/#primaryimage\"},\"image\":{\"@id\":\"https:\/\/system-audio.com\/da\/vare\/silverbar-traadloes-soundbar\/#primaryimage\"},\"thumbnailUrl\":\"https:\/\/system-audio.com\/wp-content\/uploads\/2025\/02\/67A6901_frit_small.png\",\"datePublished\":\"2025-02-27T09:47:48+00:00\",\"dateModified\":\"2026-02-24T19:38:16+00:00\",\"description\":\"Silverbar tr\u00e5dl\u00f8s soundbar med fire indbyggede forst\u00e6rkere, 320 watt kraft, Chromecast, AirPlay 2, multiroom og perfekt TV- og musiklyd.\",\"breadcrumb\":{\"@id\":\"https:\/\/system-audio.com\/da\/vare\/silverbar-traadloes-soundbar\/#breadcrumb\"},\"inLanguage\":\"da-DK\",\"potentialAction\":[{\"@type\":\"ReadAction\",\"target\":[\"https:\/\/system-audio.com\/da\/vare\/silverbar-traadloes-soundbar\/\"]}]},{\"@type\":\"ImageObject\",\"inLanguage\":\"da-DK\",\"@id\":\"https:\/\/system-audio.com\/da\/vare\/silverbar-traadloes-soundbar\/#primaryimage\",\"url\":\"https:\/\/system-audio.com\/wp-content\/uploads\/2025\/02\/67A6901_frit_small.png\",\"contentUrl\":\"https:\/\/system-audio.com\/wp-content\/uploads\/2025\/02\/67A6901_frit_small.png\",\"width\":2000,\"height\":1334},{\"@type\":\"BreadcrumbList\",\"@id\":\"https:\/\/system-audio.com\/da\/vare\/silverbar-traadloes-soundbar\/#breadcrumb\",\"itemListElement\":[{\"@type\":\"ListItem\",\"position\":1,\"name\":\"Home\",\"item\":\"https:\/\/system-audio.com\/da\/\"},{\"@type\":\"ListItem\",\"position\":2,\"name\":\"Shop\",\"item\":\"https:\/\/system-audio.com\/da\/shop\/\"},{\"@type\":\"ListItem\",\"position\":3,\"name\":\"Silverbar \u2013 Tr\u00e5dl\u00f8s soundbar\"}]},{\"@type\":\"WebSite\",\"@id\":\"https:\/\/system-audio.com\/#website\",\"url\":\"https:\/\/system-audio.com\/\",\"name\":\"System Audio\",\"description\":\"\",\"potentialAction\":[{\"@type\":\"SearchAction\",\"target\":{\"@type\":\"EntryPoint\",\"urlTemplate\":\"https:\/\/system-audio.com\/?s={search_term_string}\"},\"query-input\":{\"@type\":\"PropertyValueSpecification\",\"valueRequired\":true,\"valueName\":\"search_term_string\"}}],\"inLanguage\":\"da-DK\"}]}<\/script>\n<!-- \/ Yoast SEO plugin. -->","yoast_head_json":{"title":"Silverbar Tr\u00e5dl\u00f8s Soundbar \u2013 Kraftfuld Lyd til TV & Musik","description":"Silverbar tr\u00e5dl\u00f8s soundbar med fire indbyggede forst\u00e6rkere, 320 watt kraft, Chromecast, AirPlay 2, multiroom og perfekt TV- og musiklyd.","robots":{"index":"index","follow":"follow","max-snippet":"max-snippet:-1","max-image-preview":"max-image-preview:large","max-video-preview":"max-video-preview:-1"},"canonical":"https:\/\/system-audio.com\/da\/vare\/silverbar-traadloes-soundbar\/","og_locale":"da_DK","og_type":"article","og_title":"Silverbar Tr\u00e5dl\u00f8s Soundbar \u2013 Kraftfuld Lyd til TV & Musik","og_description":"Silverbar tr\u00e5dl\u00f8s soundbar med fire indbyggede forst\u00e6rkere, 320 watt kraft, Chromecast, AirPlay 2, multiroom og perfekt TV- og musiklyd.","og_url":"https:\/\/system-audio.com\/da\/vare\/silverbar-traadloes-soundbar\/","og_site_name":"System Audio","article_modified_time":"2026-02-24T19:38:16+00:00","og_image":[{"width":2000,"height":1334,"url":"https:\/\/system-audio.com\/wp-content\/uploads\/2025\/02\/67A6901_frit_small.png","type":"image\/png"}],"twitter_card":"summary_large_image","twitter_misc":{"Estimeret l\u00e6setid":"1 minut"},"schema":{"@context":"https:\/\/schema.org","@graph":[{"@type":"WebPage","@id":"https:\/\/system-audio.com\/da\/vare\/silverbar-traadloes-soundbar\/","url":"https:\/\/system-audio.com\/da\/vare\/silverbar-traadloes-soundbar\/","name":"Silverbar Tr\u00e5dl\u00f8s Soundbar \u2013 Kraftfuld Lyd til TV & Musik","isPartOf":{"@id":"https:\/\/system-audio.com\/#website"},"primaryImageOfPage":{"@id":"https:\/\/system-audio.com\/da\/vare\/silverbar-traadloes-soundbar\/#primaryimage"},"image":{"@id":"https:\/\/system-audio.com\/da\/vare\/silverbar-traadloes-soundbar\/#primaryimage"},"thumbnailUrl":"https:\/\/system-audio.com\/wp-content\/uploads\/2025\/02\/67A6901_frit_small.png","datePublished":"2025-02-27T09:47:48+00:00","dateModified":"2026-02-24T19:38:16+00:00","description":"Silverbar tr\u00e5dl\u00f8s soundbar med fire indbyggede forst\u00e6rkere, 320 watt kraft, Chromecast, AirPlay 2, multiroom og perfekt TV- og musiklyd.","breadcrumb":{"@id":"https:\/\/system-audio.com\/da\/vare\/silverbar-traadloes-soundbar\/#breadcrumb"},"inLanguage":"da-DK","potentialAction":[{"@type":"ReadAction","target":["https:\/\/system-audio.com\/da\/vare\/silverbar-traadloes-soundbar\/"]}]},{"@type":"ImageObject","inLanguage":"da-DK","@id":"https:\/\/system-audio.com\/da\/vare\/silverbar-traadloes-soundbar\/#primaryimage","url":"https:\/\/system-audio.com\/wp-content\/uploads\/2025\/02\/67A6901_frit_small.png","contentUrl":"https:\/\/system-audio.com\/wp-content\/uploads\/2025\/02\/67A6901_frit_small.png","width":2000,"height":1334},{"@type":"BreadcrumbList","@id":"https:\/\/system-audio.com\/da\/vare\/silverbar-traadloes-soundbar\/#breadcrumb","itemListElement":[{"@type":"ListItem","position":1,"name":"Home","item":"https:\/\/system-audio.com\/da\/"},{"@type":"ListItem","position":2,"name":"Shop","item":"https:\/\/system-audio.com\/da\/shop\/"},{"@type":"ListItem","position":3,"name":"Silverbar \u2013 Tr\u00e5dl\u00f8s soundbar"}]},{"@type":"WebSite","@id":"https:\/\/system-audio.com\/#website","url":"https:\/\/system-audio.com\/","name":"System Audio","description":"","potentialAction":[{"@type":"SearchAction","target":{"@type":"EntryPoint","urlTemplate":"https:\/\/system-audio.com\/?s={search_term_string}"},"query-input":{"@type":"PropertyValueSpecification","valueRequired":true,"valueName":"search_term_string"}}],"inLanguage":"da-DK"}]}},"_links":{"self":[{"href":"https:\/\/system-audio.com\/da\/wp-json\/wp\/v2\/product\/7077","targetHints":{"allow":["GET"]}}],"collection":[{"href":"https:\/\/system-audio.com\/da\/wp-json\/wp\/v2\/product"}],"about":[{"href":"https:\/\/system-audio.com\/da\/wp-json\/wp\/v2\/types\/product"}],"wp:featuredmedia":[{"embeddable":true,"href":"https:\/\/system-audio.com\/da\/wp-json\/wp\/v2\/media\/7008"}],"wp:attachment":[{"href":"https:\/\/system-audio.com\/da\/wp-json\/wp\/v2\/media?parent=7077"}],"wp:term":[{"taxonomy":"product_brand","embeddable":true,"href":"https:\/\/system-audio.com\/da\/wp-json\/wp\/v2\/product_brand?post=7077"},{"taxonomy":"product_cat","embeddable":true,"href":"https:\/\/system-audio.com\/da\/wp-json\/wp\/v2\/product_cat?post=7077"},{"taxonomy":"product_tag","embeddable":true,"href":"https:\/\/system-audio.com\/da\/wp-json\/wp\/v2\/product_tag?post=7077"}],"curies":[{"name":"wp","href":"https:\/\/api.w.org\/{rel}","templated":true}]}}