{"id":7072,"date":"2025-02-27T10:57:49","date_gmt":"2025-02-27T09:57:49","guid":{"rendered":"https:\/\/systemaudio.demo.supertusch.com\/product\/silverback-sub-duo\/"},"modified":"2026-01-13T13:37:24","modified_gmt":"2026-01-13T12:37:24","slug":"silverback-sub-duo-ultimative-opgradering-til-sub-solo","status":"publish","type":"product","link":"https:\/\/system-audio.com\/da\/vare\/silverback-sub-duo-ultimative-opgradering-til-sub-solo\/","title":{"rendered":"Silverback Sub Duo \u2013 Ultimative opgradering til Sub Solo"},"content":{"rendered":"","protected":false},"excerpt":{"rendered":"<p>En kompakt subwoofer, designet til gulv, hj\u00f8rne eller v\u00e6g. \u00a0Silverback Sub Duo er skabt som partner med Sub Solo, hvilket skaber dybere bas, st\u00f8rre pr\u00e6cision og mere fordybende lyd. Det er ikke bare mere bas \u2013 det er bedre bas. M\u00e5l: 42 \u00d7 31 \u00d7 20,5 cm.<\/p>\n","protected":false},"featured_media":2790,"template":"","meta":{"_acf_changed":false},"product_brand":[],"product_cat":[200],"product_tag":[216],"class_list":{"0":"post-7072","1":"product","2":"type-product","3":"status-publish","4":"has-post-thumbnail","6":"product_cat-tradlos","7":"product_tag-subwoofer-da","9":"first","10":"instock","11":"taxable","12":"shipping-taxable","13":"purchasable","14":"product-type-variable","15":"has-default-attributes"},"acf":[],"yoast_head":"<!-- This site is optimized with the Yoast SEO plugin v26.1 - https:\/\/yoast.com\/wordpress\/plugins\/seo\/ -->\n<title>Silverback Sub Duo | Dobbelt Subwoofer. Ultimativ Bas<\/title>\n<meta name=\"description\" content=\"Silverback Sub Duo udvider Sub Solo med dobbelte subwoofere for dybere, mere pr\u00e6cis og fysisk bas med intelligent DSP og perfekt rumtilpasning.\" \/>\n<meta name=\"robots\" content=\"index, follow, max-snippet:-1, max-image-preview:large, max-video-preview:-1\" \/>\n<link rel=\"canonical\" href=\"https:\/\/system-audio.com\/da\/vare\/silverback-sub-duo-ultimative-opgradering-til-sub-solo\/\" \/>\n<meta property=\"og:locale\" content=\"da_DK\" \/>\n<meta property=\"og:type\" content=\"article\" \/>\n<meta property=\"og:title\" content=\"Silverback Sub Duo | Dobbelt Subwoofer. Ultimativ Bas\" \/>\n<meta property=\"og:description\" content=\"Silverback Sub Duo udvider Sub Solo med dobbelte subwoofere for dybere, mere pr\u00e6cis og fysisk bas med intelligent DSP og perfekt rumtilpasning.\" \/>\n<meta property=\"og:url\" content=\"https:\/\/system-audio.com\/da\/vare\/silverback-sub-duo-ultimative-opgradering-til-sub-solo\/\" \/>\n<meta property=\"og:site_name\" content=\"System Audio\" \/>\n<meta property=\"article:modified_time\" content=\"2026-01-13T12:37:24+00:00\" \/>\n<meta property=\"og:image\" content=\"https:\/\/system-audio.com\/wp-content\/uploads\/2025\/03\/SA_SilverbackSubDuo_white_2000x1000.jpg\" \/>\n\t<meta property=\"og:image:width\" content=\"2000\" \/>\n\t<meta property=\"og:image:height\" content=\"1000\" \/>\n\t<meta property=\"og:image:type\" content=\"image\/jpeg\" \/>\n<meta name=\"twitter:card\" content=\"summary_large_image\" \/>\n<meta name=\"twitter:label1\" content=\"Estimeret l\u00e6setid\" \/>\n\t<meta name=\"twitter:data1\" content=\"1 minut\" \/>\n<script type=\"application\/ld+json\" class=\"yoast-schema-graph\">{\"@context\":\"https:\/\/schema.org\",\"@graph\":[{\"@type\":\"WebPage\",\"@id\":\"https:\/\/system-audio.com\/da\/vare\/silverback-sub-duo-ultimative-opgradering-til-sub-solo\/\",\"url\":\"https:\/\/system-audio.com\/da\/vare\/silverback-sub-duo-ultimative-opgradering-til-sub-solo\/\",\"name\":\"Silverback Sub Duo | Dobbelt Subwoofer. Ultimativ Bas\",\"isPartOf\":{\"@id\":\"https:\/\/system-audio.com\/#website\"},\"primaryImageOfPage\":{\"@id\":\"https:\/\/system-audio.com\/da\/vare\/silverback-sub-duo-ultimative-opgradering-til-sub-solo\/#primaryimage\"},\"image\":{\"@id\":\"https:\/\/system-audio.com\/da\/vare\/silverback-sub-duo-ultimative-opgradering-til-sub-solo\/#primaryimage\"},\"thumbnailUrl\":\"https:\/\/system-audio.com\/wp-content\/uploads\/2025\/03\/SA_SilverbackSubDuo_white_2000x1000.jpg\",\"datePublished\":\"2025-02-27T09:57:49+00:00\",\"dateModified\":\"2026-01-13T12:37:24+00:00\",\"description\":\"Silverback Sub Duo udvider Sub Solo med dobbelte subwoofere for dybere, mere pr\u00e6cis og fysisk bas med intelligent DSP og perfekt rumtilpasning.\",\"breadcrumb\":{\"@id\":\"https:\/\/system-audio.com\/da\/vare\/silverback-sub-duo-ultimative-opgradering-til-sub-solo\/#breadcrumb\"},\"inLanguage\":\"da-DK\",\"potentialAction\":[{\"@type\":\"ReadAction\",\"target\":[\"https:\/\/system-audio.com\/da\/vare\/silverback-sub-duo-ultimative-opgradering-til-sub-solo\/\"]}]},{\"@type\":\"ImageObject\",\"inLanguage\":\"da-DK\",\"@id\":\"https:\/\/system-audio.com\/da\/vare\/silverback-sub-duo-ultimative-opgradering-til-sub-solo\/#primaryimage\",\"url\":\"https:\/\/system-audio.com\/wp-content\/uploads\/2025\/03\/SA_SilverbackSubDuo_white_2000x1000.jpg\",\"contentUrl\":\"https:\/\/system-audio.com\/wp-content\/uploads\/2025\/03\/SA_SilverbackSubDuo_white_2000x1000.jpg\",\"width\":2000,\"height\":1000},{\"@type\":\"BreadcrumbList\",\"@id\":\"https:\/\/system-audio.com\/da\/vare\/silverback-sub-duo-ultimative-opgradering-til-sub-solo\/#breadcrumb\",\"itemListElement\":[{\"@type\":\"ListItem\",\"position\":1,\"name\":\"Home\",\"item\":\"https:\/\/system-audio.com\/da\/\"},{\"@type\":\"ListItem\",\"position\":2,\"name\":\"Shop\",\"item\":\"https:\/\/system-audio.com\/da\/shop\/\"},{\"@type\":\"ListItem\",\"position\":3,\"name\":\"Silverback Sub Duo \u2013 Ultimative opgradering til Sub Solo\"}]},{\"@type\":\"WebSite\",\"@id\":\"https:\/\/system-audio.com\/#website\",\"url\":\"https:\/\/system-audio.com\/\",\"name\":\"System Audio\",\"description\":\"\",\"potentialAction\":[{\"@type\":\"SearchAction\",\"target\":{\"@type\":\"EntryPoint\",\"urlTemplate\":\"https:\/\/system-audio.com\/?s={search_term_string}\"},\"query-input\":{\"@type\":\"PropertyValueSpecification\",\"valueRequired\":true,\"valueName\":\"search_term_string\"}}],\"inLanguage\":\"da-DK\"}]}<\/script>\n<!-- \/ Yoast SEO plugin. -->","yoast_head_json":{"title":"Silverback Sub Duo | Dobbelt Subwoofer. Ultimativ Bas","description":"Silverback Sub Duo udvider Sub Solo med dobbelte subwoofere for dybere, mere pr\u00e6cis og fysisk bas med intelligent DSP og perfekt rumtilpasning.","robots":{"index":"index","follow":"follow","max-snippet":"max-snippet:-1","max-image-preview":"max-image-preview:large","max-video-preview":"max-video-preview:-1"},"canonical":"https:\/\/system-audio.com\/da\/vare\/silverback-sub-duo-ultimative-opgradering-til-sub-solo\/","og_locale":"da_DK","og_type":"article","og_title":"Silverback Sub Duo | Dobbelt Subwoofer. Ultimativ Bas","og_description":"Silverback Sub Duo udvider Sub Solo med dobbelte subwoofere for dybere, mere pr\u00e6cis og fysisk bas med intelligent DSP og perfekt rumtilpasning.","og_url":"https:\/\/system-audio.com\/da\/vare\/silverback-sub-duo-ultimative-opgradering-til-sub-solo\/","og_site_name":"System Audio","article_modified_time":"2026-01-13T12:37:24+00:00","og_image":[{"width":2000,"height":1000,"url":"https:\/\/system-audio.com\/wp-content\/uploads\/2025\/03\/SA_SilverbackSubDuo_white_2000x1000.jpg","type":"image\/jpeg"}],"twitter_card":"summary_large_image","twitter_misc":{"Estimeret l\u00e6setid":"1 minut"},"schema":{"@context":"https:\/\/schema.org","@graph":[{"@type":"WebPage","@id":"https:\/\/system-audio.com\/da\/vare\/silverback-sub-duo-ultimative-opgradering-til-sub-solo\/","url":"https:\/\/system-audio.com\/da\/vare\/silverback-sub-duo-ultimative-opgradering-til-sub-solo\/","name":"Silverback Sub Duo | Dobbelt Subwoofer. Ultimativ Bas","isPartOf":{"@id":"https:\/\/system-audio.com\/#website"},"primaryImageOfPage":{"@id":"https:\/\/system-audio.com\/da\/vare\/silverback-sub-duo-ultimative-opgradering-til-sub-solo\/#primaryimage"},"image":{"@id":"https:\/\/system-audio.com\/da\/vare\/silverback-sub-duo-ultimative-opgradering-til-sub-solo\/#primaryimage"},"thumbnailUrl":"https:\/\/system-audio.com\/wp-content\/uploads\/2025\/03\/SA_SilverbackSubDuo_white_2000x1000.jpg","datePublished":"2025-02-27T09:57:49+00:00","dateModified":"2026-01-13T12:37:24+00:00","description":"Silverback Sub Duo udvider Sub Solo med dobbelte subwoofere for dybere, mere pr\u00e6cis og fysisk bas med intelligent DSP og perfekt rumtilpasning.","breadcrumb":{"@id":"https:\/\/system-audio.com\/da\/vare\/silverback-sub-duo-ultimative-opgradering-til-sub-solo\/#breadcrumb"},"inLanguage":"da-DK","potentialAction":[{"@type":"ReadAction","target":["https:\/\/system-audio.com\/da\/vare\/silverback-sub-duo-ultimative-opgradering-til-sub-solo\/"]}]},{"@type":"ImageObject","inLanguage":"da-DK","@id":"https:\/\/system-audio.com\/da\/vare\/silverback-sub-duo-ultimative-opgradering-til-sub-solo\/#primaryimage","url":"https:\/\/system-audio.com\/wp-content\/uploads\/2025\/03\/SA_SilverbackSubDuo_white_2000x1000.jpg","contentUrl":"https:\/\/system-audio.com\/wp-content\/uploads\/2025\/03\/SA_SilverbackSubDuo_white_2000x1000.jpg","width":2000,"height":1000},{"@type":"BreadcrumbList","@id":"https:\/\/system-audio.com\/da\/vare\/silverback-sub-duo-ultimative-opgradering-til-sub-solo\/#breadcrumb","itemListElement":[{"@type":"ListItem","position":1,"name":"Home","item":"https:\/\/system-audio.com\/da\/"},{"@type":"ListItem","position":2,"name":"Shop","item":"https:\/\/system-audio.com\/da\/shop\/"},{"@type":"ListItem","position":3,"name":"Silverback Sub Duo \u2013 Ultimative opgradering til Sub Solo"}]},{"@type":"WebSite","@id":"https:\/\/system-audio.com\/#website","url":"https:\/\/system-audio.com\/","name":"System Audio","description":"","potentialAction":[{"@type":"SearchAction","target":{"@type":"EntryPoint","urlTemplate":"https:\/\/system-audio.com\/?s={search_term_string}"},"query-input":{"@type":"PropertyValueSpecification","valueRequired":true,"valueName":"search_term_string"}}],"inLanguage":"da-DK"}]}},"_links":{"self":[{"href":"https:\/\/system-audio.com\/da\/wp-json\/wp\/v2\/product\/7072","targetHints":{"allow":["GET"]}}],"collection":[{"href":"https:\/\/system-audio.com\/da\/wp-json\/wp\/v2\/product"}],"about":[{"href":"https:\/\/system-audio.com\/da\/wp-json\/wp\/v2\/types\/product"}],"wp:featuredmedia":[{"embeddable":true,"href":"https:\/\/system-audio.com\/da\/wp-json\/wp\/v2\/media\/2790"}],"wp:attachment":[{"href":"https:\/\/system-audio.com\/da\/wp-json\/wp\/v2\/media?parent=7072"}],"wp:term":[{"taxonomy":"product_brand","embeddable":true,"href":"https:\/\/system-audio.com\/da\/wp-json\/wp\/v2\/product_brand?post=7072"},{"taxonomy":"product_cat","embeddable":true,"href":"https:\/\/system-audio.com\/da\/wp-json\/wp\/v2\/product_cat?post=7072"},{"taxonomy":"product_tag","embeddable":true,"href":"https:\/\/system-audio.com\/da\/wp-json\/wp\/v2\/product_tag?post=7072"}],"curies":[{"name":"wp","href":"https:\/\/api.w.org\/{rel}","templated":true}]}}