{"id":7068,"date":"2025-03-07T08:50:00","date_gmt":"2025-03-07T07:50:00","guid":{"rendered":"https:\/\/systemaudio.demo.supertusch.com\/product\/silverback-sub-solo\/"},"modified":"2026-01-13T13:36:31","modified_gmt":"2026-01-13T12:36:31","slug":"silverback-sub-solo-traadloes-subwoofer","status":"publish","type":"product","link":"https:\/\/system-audio.com\/da\/vare\/silverback-sub-solo-traadloes-subwoofer\/","title":{"rendered":"Silverback Sub Solo \u2013 Tr\u00e5dl\u00f8s subwoofer"},"content":{"rendered":"","protected":false},"excerpt":{"rendered":"<p>En smartere og bedre subwoofer, designet til gulv, hj\u00f8rne eller v\u00e6g med indbygget 300 watt samlet forst\u00e6rkereffekt, der leverer en stor pr\u00e6cision til din musik og dine film. Den er bevis p\u00e5 dybere og mere kontrolleret bas fra et utroligt kompakt design. M\u00e5l: 42 \u00d7 31 \u00d7 20,5 cm.<\/p>\n","protected":false},"featured_media":2802,"template":"","meta":{"_acf_changed":false},"product_brand":[],"product_cat":[200],"product_tag":[206,216],"class_list":{"0":"post-7068","1":"product","2":"type-product","3":"status-publish","4":"has-post-thumbnail","6":"product_cat-tradlos","7":"product_tag-wall-da","8":"product_tag-subwoofer-da","10":"first","11":"instock","12":"taxable","13":"shipping-taxable","14":"purchasable","15":"product-type-variable","16":"has-default-attributes"},"acf":[],"yoast_head":"<!-- This site is optimized with the Yoast SEO plugin v26.1 - https:\/\/yoast.com\/wordpress\/plugins\/seo\/ -->\n<title>Silverback Sub Solo | Tr\u00e5dl\u00f8s Subwoofer med Intelligent Bas<\/title>\n<meta name=\"description\" content=\"Silverback Sub Solo tr\u00e5dl\u00f8s subwoofer med dobbelte forst\u00e6rkere, WiSA-teknologi og intelligent rumkorrektion leverer dyb, pr\u00e6cis bas uden kabler.\" \/>\n<meta name=\"robots\" content=\"index, follow, max-snippet:-1, max-image-preview:large, max-video-preview:-1\" \/>\n<link rel=\"canonical\" href=\"https:\/\/system-audio.com\/da\/vare\/silverback-sub-solo-traadloes-subwoofer\/\" \/>\n<meta property=\"og:locale\" content=\"da_DK\" \/>\n<meta property=\"og:type\" content=\"article\" \/>\n<meta property=\"og:title\" content=\"Silverback Sub Solo | Tr\u00e5dl\u00f8s Subwoofer med Intelligent Bas\" \/>\n<meta property=\"og:description\" content=\"Silverback Sub Solo tr\u00e5dl\u00f8s subwoofer med dobbelte forst\u00e6rkere, WiSA-teknologi og intelligent rumkorrektion leverer dyb, pr\u00e6cis bas uden kabler.\" \/>\n<meta property=\"og:url\" content=\"https:\/\/system-audio.com\/da\/vare\/silverback-sub-solo-traadloes-subwoofer\/\" \/>\n<meta property=\"og:site_name\" content=\"System Audio\" \/>\n<meta property=\"article:modified_time\" content=\"2026-01-13T12:36:31+00:00\" \/>\n<meta property=\"og:image\" content=\"https:\/\/system-audio.com\/wp-content\/uploads\/2025\/03\/SA_SilverbackSubSolo_white_2000x1000.jpg\" \/>\n\t<meta property=\"og:image:width\" content=\"2000\" \/>\n\t<meta property=\"og:image:height\" content=\"1000\" \/>\n\t<meta property=\"og:image:type\" content=\"image\/jpeg\" \/>\n<meta name=\"twitter:card\" content=\"summary_large_image\" \/>\n<meta name=\"twitter:label1\" content=\"Estimeret l\u00e6setid\" \/>\n\t<meta name=\"twitter:data1\" content=\"1 minut\" \/>\n<script type=\"application\/ld+json\" class=\"yoast-schema-graph\">{\"@context\":\"https:\/\/schema.org\",\"@graph\":[{\"@type\":\"WebPage\",\"@id\":\"https:\/\/system-audio.com\/da\/vare\/silverback-sub-solo-traadloes-subwoofer\/\",\"url\":\"https:\/\/system-audio.com\/da\/vare\/silverback-sub-solo-traadloes-subwoofer\/\",\"name\":\"Silverback Sub Solo | Tr\u00e5dl\u00f8s Subwoofer med Intelligent Bas\",\"isPartOf\":{\"@id\":\"https:\/\/system-audio.com\/#website\"},\"primaryImageOfPage\":{\"@id\":\"https:\/\/system-audio.com\/da\/vare\/silverback-sub-solo-traadloes-subwoofer\/#primaryimage\"},\"image\":{\"@id\":\"https:\/\/system-audio.com\/da\/vare\/silverback-sub-solo-traadloes-subwoofer\/#primaryimage\"},\"thumbnailUrl\":\"https:\/\/system-audio.com\/wp-content\/uploads\/2025\/03\/SA_SilverbackSubSolo_white_2000x1000.jpg\",\"datePublished\":\"2025-03-07T07:50:00+00:00\",\"dateModified\":\"2026-01-13T12:36:31+00:00\",\"description\":\"Silverback Sub Solo tr\u00e5dl\u00f8s subwoofer med dobbelte forst\u00e6rkere, WiSA-teknologi og intelligent rumkorrektion leverer dyb, pr\u00e6cis bas uden kabler.\",\"breadcrumb\":{\"@id\":\"https:\/\/system-audio.com\/da\/vare\/silverback-sub-solo-traadloes-subwoofer\/#breadcrumb\"},\"inLanguage\":\"da-DK\",\"potentialAction\":[{\"@type\":\"ReadAction\",\"target\":[\"https:\/\/system-audio.com\/da\/vare\/silverback-sub-solo-traadloes-subwoofer\/\"]}]},{\"@type\":\"ImageObject\",\"inLanguage\":\"da-DK\",\"@id\":\"https:\/\/system-audio.com\/da\/vare\/silverback-sub-solo-traadloes-subwoofer\/#primaryimage\",\"url\":\"https:\/\/system-audio.com\/wp-content\/uploads\/2025\/03\/SA_SilverbackSubSolo_white_2000x1000.jpg\",\"contentUrl\":\"https:\/\/system-audio.com\/wp-content\/uploads\/2025\/03\/SA_SilverbackSubSolo_white_2000x1000.jpg\",\"width\":2000,\"height\":1000},{\"@type\":\"BreadcrumbList\",\"@id\":\"https:\/\/system-audio.com\/da\/vare\/silverback-sub-solo-traadloes-subwoofer\/#breadcrumb\",\"itemListElement\":[{\"@type\":\"ListItem\",\"position\":1,\"name\":\"Home\",\"item\":\"https:\/\/system-audio.com\/da\/\"},{\"@type\":\"ListItem\",\"position\":2,\"name\":\"Shop\",\"item\":\"https:\/\/system-audio.com\/da\/shop\/\"},{\"@type\":\"ListItem\",\"position\":3,\"name\":\"Silverback Sub Solo \u2013 Tr\u00e5dl\u00f8s subwoofer\"}]},{\"@type\":\"WebSite\",\"@id\":\"https:\/\/system-audio.com\/#website\",\"url\":\"https:\/\/system-audio.com\/\",\"name\":\"System Audio\",\"description\":\"\",\"potentialAction\":[{\"@type\":\"SearchAction\",\"target\":{\"@type\":\"EntryPoint\",\"urlTemplate\":\"https:\/\/system-audio.com\/?s={search_term_string}\"},\"query-input\":{\"@type\":\"PropertyValueSpecification\",\"valueRequired\":true,\"valueName\":\"search_term_string\"}}],\"inLanguage\":\"da-DK\"}]}<\/script>\n<!-- \/ Yoast SEO plugin. -->","yoast_head_json":{"title":"Silverback Sub Solo | Tr\u00e5dl\u00f8s Subwoofer med Intelligent Bas","description":"Silverback Sub Solo tr\u00e5dl\u00f8s subwoofer med dobbelte forst\u00e6rkere, WiSA-teknologi og intelligent rumkorrektion leverer dyb, pr\u00e6cis bas uden kabler.","robots":{"index":"index","follow":"follow","max-snippet":"max-snippet:-1","max-image-preview":"max-image-preview:large","max-video-preview":"max-video-preview:-1"},"canonical":"https:\/\/system-audio.com\/da\/vare\/silverback-sub-solo-traadloes-subwoofer\/","og_locale":"da_DK","og_type":"article","og_title":"Silverback Sub Solo | Tr\u00e5dl\u00f8s Subwoofer med Intelligent Bas","og_description":"Silverback Sub Solo tr\u00e5dl\u00f8s subwoofer med dobbelte forst\u00e6rkere, WiSA-teknologi og intelligent rumkorrektion leverer dyb, pr\u00e6cis bas uden kabler.","og_url":"https:\/\/system-audio.com\/da\/vare\/silverback-sub-solo-traadloes-subwoofer\/","og_site_name":"System Audio","article_modified_time":"2026-01-13T12:36:31+00:00","og_image":[{"width":2000,"height":1000,"url":"https:\/\/system-audio.com\/wp-content\/uploads\/2025\/03\/SA_SilverbackSubSolo_white_2000x1000.jpg","type":"image\/jpeg"}],"twitter_card":"summary_large_image","twitter_misc":{"Estimeret l\u00e6setid":"1 minut"},"schema":{"@context":"https:\/\/schema.org","@graph":[{"@type":"WebPage","@id":"https:\/\/system-audio.com\/da\/vare\/silverback-sub-solo-traadloes-subwoofer\/","url":"https:\/\/system-audio.com\/da\/vare\/silverback-sub-solo-traadloes-subwoofer\/","name":"Silverback Sub Solo | Tr\u00e5dl\u00f8s Subwoofer med Intelligent Bas","isPartOf":{"@id":"https:\/\/system-audio.com\/#website"},"primaryImageOfPage":{"@id":"https:\/\/system-audio.com\/da\/vare\/silverback-sub-solo-traadloes-subwoofer\/#primaryimage"},"image":{"@id":"https:\/\/system-audio.com\/da\/vare\/silverback-sub-solo-traadloes-subwoofer\/#primaryimage"},"thumbnailUrl":"https:\/\/system-audio.com\/wp-content\/uploads\/2025\/03\/SA_SilverbackSubSolo_white_2000x1000.jpg","datePublished":"2025-03-07T07:50:00+00:00","dateModified":"2026-01-13T12:36:31+00:00","description":"Silverback Sub Solo tr\u00e5dl\u00f8s subwoofer med dobbelte forst\u00e6rkere, WiSA-teknologi og intelligent rumkorrektion leverer dyb, pr\u00e6cis bas uden kabler.","breadcrumb":{"@id":"https:\/\/system-audio.com\/da\/vare\/silverback-sub-solo-traadloes-subwoofer\/#breadcrumb"},"inLanguage":"da-DK","potentialAction":[{"@type":"ReadAction","target":["https:\/\/system-audio.com\/da\/vare\/silverback-sub-solo-traadloes-subwoofer\/"]}]},{"@type":"ImageObject","inLanguage":"da-DK","@id":"https:\/\/system-audio.com\/da\/vare\/silverback-sub-solo-traadloes-subwoofer\/#primaryimage","url":"https:\/\/system-audio.com\/wp-content\/uploads\/2025\/03\/SA_SilverbackSubSolo_white_2000x1000.jpg","contentUrl":"https:\/\/system-audio.com\/wp-content\/uploads\/2025\/03\/SA_SilverbackSubSolo_white_2000x1000.jpg","width":2000,"height":1000},{"@type":"BreadcrumbList","@id":"https:\/\/system-audio.com\/da\/vare\/silverback-sub-solo-traadloes-subwoofer\/#breadcrumb","itemListElement":[{"@type":"ListItem","position":1,"name":"Home","item":"https:\/\/system-audio.com\/da\/"},{"@type":"ListItem","position":2,"name":"Shop","item":"https:\/\/system-audio.com\/da\/shop\/"},{"@type":"ListItem","position":3,"name":"Silverback Sub Solo \u2013 Tr\u00e5dl\u00f8s subwoofer"}]},{"@type":"WebSite","@id":"https:\/\/system-audio.com\/#website","url":"https:\/\/system-audio.com\/","name":"System Audio","description":"","potentialAction":[{"@type":"SearchAction","target":{"@type":"EntryPoint","urlTemplate":"https:\/\/system-audio.com\/?s={search_term_string}"},"query-input":{"@type":"PropertyValueSpecification","valueRequired":true,"valueName":"search_term_string"}}],"inLanguage":"da-DK"}]}},"_links":{"self":[{"href":"https:\/\/system-audio.com\/da\/wp-json\/wp\/v2\/product\/7068","targetHints":{"allow":["GET"]}}],"collection":[{"href":"https:\/\/system-audio.com\/da\/wp-json\/wp\/v2\/product"}],"about":[{"href":"https:\/\/system-audio.com\/da\/wp-json\/wp\/v2\/types\/product"}],"wp:featuredmedia":[{"embeddable":true,"href":"https:\/\/system-audio.com\/da\/wp-json\/wp\/v2\/media\/2802"}],"wp:attachment":[{"href":"https:\/\/system-audio.com\/da\/wp-json\/wp\/v2\/media?parent=7068"}],"wp:term":[{"taxonomy":"product_brand","embeddable":true,"href":"https:\/\/system-audio.com\/da\/wp-json\/wp\/v2\/product_brand?post=7068"},{"taxonomy":"product_cat","embeddable":true,"href":"https:\/\/system-audio.com\/da\/wp-json\/wp\/v2\/product_cat?post=7068"},{"taxonomy":"product_tag","embeddable":true,"href":"https:\/\/system-audio.com\/da\/wp-json\/wp\/v2\/product_tag?post=7068"}],"curies":[{"name":"wp","href":"https:\/\/api.w.org\/{rel}","templated":true}]}}