{"id":7044,"date":"2025-03-07T09:20:48","date_gmt":"2025-03-07T08:20:48","guid":{"rendered":"https:\/\/systemaudio.demo.supertusch.com\/product\/legend-10-2-silverback\/"},"modified":"2026-03-03T15:10:16","modified_gmt":"2026-03-03T14:10:16","slug":"legend-10-2-silverback-tradlos-centerhojtaler","status":"publish","type":"product","link":"https:\/\/system-audio.com\/da\/vare\/legend-10-2-silverback-tradlos-centerhojtaler\/","title":{"rendered":"Legend 10.2 silverback \u2013 Tr\u00e5dl\u00f8s centerh\u00f8jtaler"},"content":{"rendered":"","protected":false},"excerpt":{"rendered":"<p>En kraftfuld centerh\u00f8jtaler, designet til reol eller v\u00e6g med indbygget 225 watt samlet forst\u00e6rkereffekt, der leverer hver tone og hver hvisken med klarhed og dybde. Den er bevis p\u00e5, at banebrydende teknologi og betagende lyd g\u00e5r h\u00e5nd i h\u00e5nd. M\u00e5l: 50,4 \u00d7 19 \u00d7 26,5 cm.<\/p>\n","protected":false},"featured_media":2710,"template":"","meta":{"_acf_changed":false},"product_brand":[],"product_cat":[200],"product_tag":[215,205],"class_list":{"0":"post-7044","1":"product","2":"type-product","3":"status-publish","4":"has-post-thumbnail","6":"product_cat-tradlos","7":"product_tag-center","8":"product_tag-reol","10":"first","11":"instock","12":"taxable","13":"shipping-taxable","14":"purchasable","15":"product-type-variable","16":"has-default-attributes"},"acf":[],"yoast_head":"<!-- This site is optimized with the Yoast SEO plugin v26.1 - https:\/\/yoast.com\/wordpress\/plugins\/seo\/ -->\n<title>Legend 10.2 silverback \u2013 Tr\u00e5dl\u00f8s centerh\u00f8jtaler - System Audio<\/title>\n<meta name=\"description\" content=\"Legend 10.2 silverback tr\u00e5dl\u00f8s centerh\u00f8jttaler med 225 watt forst\u00e6rkning, krystalklar dialog, WiSA-teknologi og integration i Dolby Atmos hjemmebiograf.\" \/>\n<meta name=\"robots\" content=\"index, follow, max-snippet:-1, max-image-preview:large, max-video-preview:-1\" \/>\n<link rel=\"canonical\" href=\"https:\/\/system-audio.com\/da\/vare\/legend-10-2-silverback-tradlos-centerhojtaler\/\" \/>\n<meta property=\"og:locale\" content=\"da_DK\" \/>\n<meta property=\"og:type\" content=\"article\" \/>\n<meta property=\"og:title\" content=\"Legend 10.2 silverback \u2013 Tr\u00e5dl\u00f8s centerh\u00f8jtaler - System Audio\" \/>\n<meta property=\"og:description\" content=\"Legend 10.2 silverback tr\u00e5dl\u00f8s centerh\u00f8jttaler med 225 watt forst\u00e6rkning, krystalklar dialog, WiSA-teknologi og integration i Dolby Atmos hjemmebiograf.\" \/>\n<meta property=\"og:url\" content=\"https:\/\/system-audio.com\/da\/vare\/legend-10-2-silverback-tradlos-centerhojtaler\/\" \/>\n<meta property=\"og:site_name\" content=\"System Audio\" \/>\n<meta property=\"article:modified_time\" content=\"2026-03-03T14:10:16+00:00\" \/>\n<meta property=\"og:image\" content=\"https:\/\/system-audio.com\/wp-content\/uploads\/2025\/03\/SA_Silverback10_white_2000x1000.jpg\" \/>\n\t<meta property=\"og:image:width\" content=\"2000\" \/>\n\t<meta property=\"og:image:height\" content=\"1000\" \/>\n\t<meta property=\"og:image:type\" content=\"image\/jpeg\" \/>\n<meta name=\"twitter:card\" content=\"summary_large_image\" \/>\n<meta name=\"twitter:label1\" content=\"Estimeret l\u00e6setid\" \/>\n\t<meta name=\"twitter:data1\" content=\"1 minut\" \/>\n<script type=\"application\/ld+json\" class=\"yoast-schema-graph\">{\"@context\":\"https:\/\/schema.org\",\"@graph\":[{\"@type\":\"WebPage\",\"@id\":\"https:\/\/system-audio.com\/da\/vare\/legend-10-2-silverback-tradlos-centerhojtaler\/\",\"url\":\"https:\/\/system-audio.com\/da\/vare\/legend-10-2-silverback-tradlos-centerhojtaler\/\",\"name\":\"Legend 10.2 silverback \u2013 Tr\u00e5dl\u00f8s centerh\u00f8jtaler - System Audio\",\"isPartOf\":{\"@id\":\"https:\/\/system-audio.com\/#website\"},\"primaryImageOfPage\":{\"@id\":\"https:\/\/system-audio.com\/da\/vare\/legend-10-2-silverback-tradlos-centerhojtaler\/#primaryimage\"},\"image\":{\"@id\":\"https:\/\/system-audio.com\/da\/vare\/legend-10-2-silverback-tradlos-centerhojtaler\/#primaryimage\"},\"thumbnailUrl\":\"https:\/\/system-audio.com\/wp-content\/uploads\/2025\/03\/SA_Silverback10_white_2000x1000.jpg\",\"datePublished\":\"2025-03-07T08:20:48+00:00\",\"dateModified\":\"2026-03-03T14:10:16+00:00\",\"description\":\"Legend 10.2 silverback tr\u00e5dl\u00f8s centerh\u00f8jttaler med 225 watt forst\u00e6rkning, krystalklar dialog, WiSA-teknologi og integration i Dolby Atmos hjemmebiograf.\",\"breadcrumb\":{\"@id\":\"https:\/\/system-audio.com\/da\/vare\/legend-10-2-silverback-tradlos-centerhojtaler\/#breadcrumb\"},\"inLanguage\":\"da-DK\",\"potentialAction\":[{\"@type\":\"ReadAction\",\"target\":[\"https:\/\/system-audio.com\/da\/vare\/legend-10-2-silverback-tradlos-centerhojtaler\/\"]}]},{\"@type\":\"ImageObject\",\"inLanguage\":\"da-DK\",\"@id\":\"https:\/\/system-audio.com\/da\/vare\/legend-10-2-silverback-tradlos-centerhojtaler\/#primaryimage\",\"url\":\"https:\/\/system-audio.com\/wp-content\/uploads\/2025\/03\/SA_Silverback10_white_2000x1000.jpg\",\"contentUrl\":\"https:\/\/system-audio.com\/wp-content\/uploads\/2025\/03\/SA_Silverback10_white_2000x1000.jpg\",\"width\":2000,\"height\":1000},{\"@type\":\"BreadcrumbList\",\"@id\":\"https:\/\/system-audio.com\/da\/vare\/legend-10-2-silverback-tradlos-centerhojtaler\/#breadcrumb\",\"itemListElement\":[{\"@type\":\"ListItem\",\"position\":1,\"name\":\"Home\",\"item\":\"https:\/\/system-audio.com\/da\/\"},{\"@type\":\"ListItem\",\"position\":2,\"name\":\"Shop\",\"item\":\"https:\/\/system-audio.com\/da\/shop\/\"},{\"@type\":\"ListItem\",\"position\":3,\"name\":\"Legend 10.2 silverback \u2013 Tr\u00e5dl\u00f8s centerh\u00f8jtaler\"}]},{\"@type\":\"WebSite\",\"@id\":\"https:\/\/system-audio.com\/#website\",\"url\":\"https:\/\/system-audio.com\/\",\"name\":\"System Audio\",\"description\":\"\",\"potentialAction\":[{\"@type\":\"SearchAction\",\"target\":{\"@type\":\"EntryPoint\",\"urlTemplate\":\"https:\/\/system-audio.com\/?s={search_term_string}\"},\"query-input\":{\"@type\":\"PropertyValueSpecification\",\"valueRequired\":true,\"valueName\":\"search_term_string\"}}],\"inLanguage\":\"da-DK\"}]}<\/script>\n<!-- \/ Yoast SEO plugin. -->","yoast_head_json":{"title":"Legend 10.2 silverback \u2013 Tr\u00e5dl\u00f8s centerh\u00f8jtaler - System Audio","description":"Legend 10.2 silverback tr\u00e5dl\u00f8s centerh\u00f8jttaler med 225 watt forst\u00e6rkning, krystalklar dialog, WiSA-teknologi og integration i Dolby Atmos hjemmebiograf.","robots":{"index":"index","follow":"follow","max-snippet":"max-snippet:-1","max-image-preview":"max-image-preview:large","max-video-preview":"max-video-preview:-1"},"canonical":"https:\/\/system-audio.com\/da\/vare\/legend-10-2-silverback-tradlos-centerhojtaler\/","og_locale":"da_DK","og_type":"article","og_title":"Legend 10.2 silverback \u2013 Tr\u00e5dl\u00f8s centerh\u00f8jtaler - System Audio","og_description":"Legend 10.2 silverback tr\u00e5dl\u00f8s centerh\u00f8jttaler med 225 watt forst\u00e6rkning, krystalklar dialog, WiSA-teknologi og integration i Dolby Atmos hjemmebiograf.","og_url":"https:\/\/system-audio.com\/da\/vare\/legend-10-2-silverback-tradlos-centerhojtaler\/","og_site_name":"System Audio","article_modified_time":"2026-03-03T14:10:16+00:00","og_image":[{"width":2000,"height":1000,"url":"https:\/\/system-audio.com\/wp-content\/uploads\/2025\/03\/SA_Silverback10_white_2000x1000.jpg","type":"image\/jpeg"}],"twitter_card":"summary_large_image","twitter_misc":{"Estimeret l\u00e6setid":"1 minut"},"schema":{"@context":"https:\/\/schema.org","@graph":[{"@type":"WebPage","@id":"https:\/\/system-audio.com\/da\/vare\/legend-10-2-silverback-tradlos-centerhojtaler\/","url":"https:\/\/system-audio.com\/da\/vare\/legend-10-2-silverback-tradlos-centerhojtaler\/","name":"Legend 10.2 silverback \u2013 Tr\u00e5dl\u00f8s centerh\u00f8jtaler - System Audio","isPartOf":{"@id":"https:\/\/system-audio.com\/#website"},"primaryImageOfPage":{"@id":"https:\/\/system-audio.com\/da\/vare\/legend-10-2-silverback-tradlos-centerhojtaler\/#primaryimage"},"image":{"@id":"https:\/\/system-audio.com\/da\/vare\/legend-10-2-silverback-tradlos-centerhojtaler\/#primaryimage"},"thumbnailUrl":"https:\/\/system-audio.com\/wp-content\/uploads\/2025\/03\/SA_Silverback10_white_2000x1000.jpg","datePublished":"2025-03-07T08:20:48+00:00","dateModified":"2026-03-03T14:10:16+00:00","description":"Legend 10.2 silverback tr\u00e5dl\u00f8s centerh\u00f8jttaler med 225 watt forst\u00e6rkning, krystalklar dialog, WiSA-teknologi og integration i Dolby Atmos hjemmebiograf.","breadcrumb":{"@id":"https:\/\/system-audio.com\/da\/vare\/legend-10-2-silverback-tradlos-centerhojtaler\/#breadcrumb"},"inLanguage":"da-DK","potentialAction":[{"@type":"ReadAction","target":["https:\/\/system-audio.com\/da\/vare\/legend-10-2-silverback-tradlos-centerhojtaler\/"]}]},{"@type":"ImageObject","inLanguage":"da-DK","@id":"https:\/\/system-audio.com\/da\/vare\/legend-10-2-silverback-tradlos-centerhojtaler\/#primaryimage","url":"https:\/\/system-audio.com\/wp-content\/uploads\/2025\/03\/SA_Silverback10_white_2000x1000.jpg","contentUrl":"https:\/\/system-audio.com\/wp-content\/uploads\/2025\/03\/SA_Silverback10_white_2000x1000.jpg","width":2000,"height":1000},{"@type":"BreadcrumbList","@id":"https:\/\/system-audio.com\/da\/vare\/legend-10-2-silverback-tradlos-centerhojtaler\/#breadcrumb","itemListElement":[{"@type":"ListItem","position":1,"name":"Home","item":"https:\/\/system-audio.com\/da\/"},{"@type":"ListItem","position":2,"name":"Shop","item":"https:\/\/system-audio.com\/da\/shop\/"},{"@type":"ListItem","position":3,"name":"Legend 10.2 silverback \u2013 Tr\u00e5dl\u00f8s centerh\u00f8jtaler"}]},{"@type":"WebSite","@id":"https:\/\/system-audio.com\/#website","url":"https:\/\/system-audio.com\/","name":"System Audio","description":"","potentialAction":[{"@type":"SearchAction","target":{"@type":"EntryPoint","urlTemplate":"https:\/\/system-audio.com\/?s={search_term_string}"},"query-input":{"@type":"PropertyValueSpecification","valueRequired":true,"valueName":"search_term_string"}}],"inLanguage":"da-DK"}]}},"_links":{"self":[{"href":"https:\/\/system-audio.com\/da\/wp-json\/wp\/v2\/product\/7044","targetHints":{"allow":["GET"]}}],"collection":[{"href":"https:\/\/system-audio.com\/da\/wp-json\/wp\/v2\/product"}],"about":[{"href":"https:\/\/system-audio.com\/da\/wp-json\/wp\/v2\/types\/product"}],"wp:featuredmedia":[{"embeddable":true,"href":"https:\/\/system-audio.com\/da\/wp-json\/wp\/v2\/media\/2710"}],"wp:attachment":[{"href":"https:\/\/system-audio.com\/da\/wp-json\/wp\/v2\/media?parent=7044"}],"wp:term":[{"taxonomy":"product_brand","embeddable":true,"href":"https:\/\/system-audio.com\/da\/wp-json\/wp\/v2\/product_brand?post=7044"},{"taxonomy":"product_cat","embeddable":true,"href":"https:\/\/system-audio.com\/da\/wp-json\/wp\/v2\/product_cat?post=7044"},{"taxonomy":"product_tag","embeddable":true,"href":"https:\/\/system-audio.com\/da\/wp-json\/wp\/v2\/product_tag?post=7044"}],"curies":[{"name":"wp","href":"https:\/\/api.w.org\/{rel}","templated":true}]}}