{"id":5821,"date":"2025-03-07T10:00:18","date_gmt":"2025-03-07T09:00:18","guid":{"rendered":"https:\/\/systemaudio.demo.supertusch.com\/?post_type=product&#038;p=5821"},"modified":"2026-02-24T20:31:14","modified_gmt":"2026-02-24T19:31:14","slug":"signature-5-kablet-vaeghoejtaler","status":"publish","type":"product","link":"https:\/\/system-audio.com\/da\/vare\/signature-5-kablet-vaeghoejtaler\/","title":{"rendered":"Signature 5 \u2013 Kablet reol-, stander eller v\u00e6gh\u00f8jttaler"},"content":{"rendered":"","protected":false},"excerpt":{"rendered":"<p>En lille og kraftfuld h\u00f8jttaler, designet til reol, stander eller v\u00e6g med 150 watt belastbarhed, der leverer en overraskende lydoplevelse og beviser, at high-end lyd ikke beh\u00f8ver at have en high-end pris. Den er bevis p\u00e5, at fantastisk lyd ikke beh\u00f8ver at komme fra en stor h\u00f8jttaler. M\u00e5l: 16,5 \u00d7 30 \u00d7 24,9 cm.<\/p>\n","protected":false},"featured_media":2358,"template":"","meta":{"_acf_changed":false},"product_brand":[],"product_cat":[201],"product_tag":[204,206,205],"class_list":{"0":"post-5821","1":"product","2":"type-product","3":"status-publish","4":"has-post-thumbnail","6":"product_cat-kablet","7":"product_tag-rear-speaker-da","8":"product_tag-wall-da","9":"product_tag-reol","11":"first","12":"instock","13":"taxable","14":"shipping-taxable","15":"purchasable","16":"product-type-variable","17":"has-default-attributes"},"acf":[],"yoast_head":"<!-- This site is optimized with the Yoast SEO plugin v26.1 - https:\/\/yoast.com\/wordpress\/plugins\/seo\/ -->\n<title>Signature 5 \u2013 Kablet System Audio H\u00f8jttaler | Reol, Stander &amp; V\u00e6g<\/title>\n<meta name=\"description\" content=\"Oplev den slanke Signature 5 gulvh\u00f8jttaler. Den leverer en uforglemmelig musikalsk oplevelse med sit elegante danske design. F\u00e5 stor lyd i stuen.\" \/>\n<meta name=\"robots\" content=\"index, follow, max-snippet:-1, max-image-preview:large, max-video-preview:-1\" \/>\n<link rel=\"canonical\" href=\"https:\/\/system-audio.com\/da\/vare\/signature-5-kablet-vaeghoejtaler\/\" \/>\n<meta property=\"og:locale\" content=\"da_DK\" \/>\n<meta property=\"og:type\" content=\"article\" \/>\n<meta property=\"og:title\" content=\"Signature 5 \u2013 Kablet System Audio H\u00f8jttaler | Reol, Stander &amp; V\u00e6g\" \/>\n<meta property=\"og:description\" content=\"Oplev den slanke Signature 5 gulvh\u00f8jttaler. Den leverer en uforglemmelig musikalsk oplevelse med sit elegante danske design. F\u00e5 stor lyd i stuen.\" \/>\n<meta property=\"og:url\" content=\"https:\/\/system-audio.com\/da\/vare\/signature-5-kablet-vaeghoejtaler\/\" \/>\n<meta property=\"og:site_name\" content=\"System Audio\" \/>\n<meta property=\"article:modified_time\" content=\"2026-02-24T19:31:14+00:00\" \/>\n<meta property=\"og:image\" content=\"https:\/\/system-audio.com\/wp-content\/uploads\/2025\/03\/SA_Signature5_white_2000x1000.jpg\" \/>\n\t<meta property=\"og:image:width\" content=\"2000\" \/>\n\t<meta property=\"og:image:height\" content=\"1000\" \/>\n\t<meta property=\"og:image:type\" content=\"image\/jpeg\" \/>\n<meta name=\"twitter:card\" content=\"summary_large_image\" \/>\n<meta name=\"twitter:label1\" content=\"Estimeret l\u00e6setid\" \/>\n\t<meta name=\"twitter:data1\" content=\"1 minut\" \/>\n<script type=\"application\/ld+json\" class=\"yoast-schema-graph\">{\"@context\":\"https:\/\/schema.org\",\"@graph\":[{\"@type\":\"WebPage\",\"@id\":\"https:\/\/system-audio.com\/da\/vare\/signature-5-kablet-vaeghoejtaler\/\",\"url\":\"https:\/\/system-audio.com\/da\/vare\/signature-5-kablet-vaeghoejtaler\/\",\"name\":\"Signature 5 \u2013 Kablet System Audio H\u00f8jttaler | Reol, Stander & V\u00e6g\",\"isPartOf\":{\"@id\":\"https:\/\/system-audio.com\/#website\"},\"primaryImageOfPage\":{\"@id\":\"https:\/\/system-audio.com\/da\/vare\/signature-5-kablet-vaeghoejtaler\/#primaryimage\"},\"image\":{\"@id\":\"https:\/\/system-audio.com\/da\/vare\/signature-5-kablet-vaeghoejtaler\/#primaryimage\"},\"thumbnailUrl\":\"https:\/\/system-audio.com\/wp-content\/uploads\/2025\/03\/SA_Signature5_white_2000x1000.jpg\",\"datePublished\":\"2025-03-07T09:00:18+00:00\",\"dateModified\":\"2026-02-24T19:31:14+00:00\",\"description\":\"Oplev den slanke Signature 5 gulvh\u00f8jttaler. Den leverer en uforglemmelig musikalsk oplevelse med sit elegante danske design. F\u00e5 stor lyd i stuen.\",\"breadcrumb\":{\"@id\":\"https:\/\/system-audio.com\/da\/vare\/signature-5-kablet-vaeghoejtaler\/#breadcrumb\"},\"inLanguage\":\"da-DK\",\"potentialAction\":[{\"@type\":\"ReadAction\",\"target\":[\"https:\/\/system-audio.com\/da\/vare\/signature-5-kablet-vaeghoejtaler\/\"]}]},{\"@type\":\"ImageObject\",\"inLanguage\":\"da-DK\",\"@id\":\"https:\/\/system-audio.com\/da\/vare\/signature-5-kablet-vaeghoejtaler\/#primaryimage\",\"url\":\"https:\/\/system-audio.com\/wp-content\/uploads\/2025\/03\/SA_Signature5_white_2000x1000.jpg\",\"contentUrl\":\"https:\/\/system-audio.com\/wp-content\/uploads\/2025\/03\/SA_Signature5_white_2000x1000.jpg\",\"width\":2000,\"height\":1000},{\"@type\":\"BreadcrumbList\",\"@id\":\"https:\/\/system-audio.com\/da\/vare\/signature-5-kablet-vaeghoejtaler\/#breadcrumb\",\"itemListElement\":[{\"@type\":\"ListItem\",\"position\":1,\"name\":\"Home\",\"item\":\"https:\/\/system-audio.com\/da\/\"},{\"@type\":\"ListItem\",\"position\":2,\"name\":\"Shop\",\"item\":\"https:\/\/system-audio.com\/da\/shop\/\"},{\"@type\":\"ListItem\",\"position\":3,\"name\":\"Signature 5 \u2013 Kablet reol-, stander eller v\u00e6gh\u00f8jttaler\"}]},{\"@type\":\"WebSite\",\"@id\":\"https:\/\/system-audio.com\/#website\",\"url\":\"https:\/\/system-audio.com\/\",\"name\":\"System Audio\",\"description\":\"\",\"potentialAction\":[{\"@type\":\"SearchAction\",\"target\":{\"@type\":\"EntryPoint\",\"urlTemplate\":\"https:\/\/system-audio.com\/?s={search_term_string}\"},\"query-input\":{\"@type\":\"PropertyValueSpecification\",\"valueRequired\":true,\"valueName\":\"search_term_string\"}}],\"inLanguage\":\"da-DK\"}]}<\/script>\n<!-- \/ Yoast SEO plugin. -->","yoast_head_json":{"title":"Signature 5 \u2013 Kablet System Audio H\u00f8jttaler | Reol, Stander & V\u00e6g","description":"Oplev den slanke Signature 5 gulvh\u00f8jttaler. Den leverer en uforglemmelig musikalsk oplevelse med sit elegante danske design. F\u00e5 stor lyd i stuen.","robots":{"index":"index","follow":"follow","max-snippet":"max-snippet:-1","max-image-preview":"max-image-preview:large","max-video-preview":"max-video-preview:-1"},"canonical":"https:\/\/system-audio.com\/da\/vare\/signature-5-kablet-vaeghoejtaler\/","og_locale":"da_DK","og_type":"article","og_title":"Signature 5 \u2013 Kablet System Audio H\u00f8jttaler | Reol, Stander & V\u00e6g","og_description":"Oplev den slanke Signature 5 gulvh\u00f8jttaler. Den leverer en uforglemmelig musikalsk oplevelse med sit elegante danske design. F\u00e5 stor lyd i stuen.","og_url":"https:\/\/system-audio.com\/da\/vare\/signature-5-kablet-vaeghoejtaler\/","og_site_name":"System Audio","article_modified_time":"2026-02-24T19:31:14+00:00","og_image":[{"width":2000,"height":1000,"url":"https:\/\/system-audio.com\/wp-content\/uploads\/2025\/03\/SA_Signature5_white_2000x1000.jpg","type":"image\/jpeg"}],"twitter_card":"summary_large_image","twitter_misc":{"Estimeret l\u00e6setid":"1 minut"},"schema":{"@context":"https:\/\/schema.org","@graph":[{"@type":"WebPage","@id":"https:\/\/system-audio.com\/da\/vare\/signature-5-kablet-vaeghoejtaler\/","url":"https:\/\/system-audio.com\/da\/vare\/signature-5-kablet-vaeghoejtaler\/","name":"Signature 5 \u2013 Kablet System Audio H\u00f8jttaler | Reol, Stander & V\u00e6g","isPartOf":{"@id":"https:\/\/system-audio.com\/#website"},"primaryImageOfPage":{"@id":"https:\/\/system-audio.com\/da\/vare\/signature-5-kablet-vaeghoejtaler\/#primaryimage"},"image":{"@id":"https:\/\/system-audio.com\/da\/vare\/signature-5-kablet-vaeghoejtaler\/#primaryimage"},"thumbnailUrl":"https:\/\/system-audio.com\/wp-content\/uploads\/2025\/03\/SA_Signature5_white_2000x1000.jpg","datePublished":"2025-03-07T09:00:18+00:00","dateModified":"2026-02-24T19:31:14+00:00","description":"Oplev den slanke Signature 5 gulvh\u00f8jttaler. Den leverer en uforglemmelig musikalsk oplevelse med sit elegante danske design. F\u00e5 stor lyd i stuen.","breadcrumb":{"@id":"https:\/\/system-audio.com\/da\/vare\/signature-5-kablet-vaeghoejtaler\/#breadcrumb"},"inLanguage":"da-DK","potentialAction":[{"@type":"ReadAction","target":["https:\/\/system-audio.com\/da\/vare\/signature-5-kablet-vaeghoejtaler\/"]}]},{"@type":"ImageObject","inLanguage":"da-DK","@id":"https:\/\/system-audio.com\/da\/vare\/signature-5-kablet-vaeghoejtaler\/#primaryimage","url":"https:\/\/system-audio.com\/wp-content\/uploads\/2025\/03\/SA_Signature5_white_2000x1000.jpg","contentUrl":"https:\/\/system-audio.com\/wp-content\/uploads\/2025\/03\/SA_Signature5_white_2000x1000.jpg","width":2000,"height":1000},{"@type":"BreadcrumbList","@id":"https:\/\/system-audio.com\/da\/vare\/signature-5-kablet-vaeghoejtaler\/#breadcrumb","itemListElement":[{"@type":"ListItem","position":1,"name":"Home","item":"https:\/\/system-audio.com\/da\/"},{"@type":"ListItem","position":2,"name":"Shop","item":"https:\/\/system-audio.com\/da\/shop\/"},{"@type":"ListItem","position":3,"name":"Signature 5 \u2013 Kablet reol-, stander eller v\u00e6gh\u00f8jttaler"}]},{"@type":"WebSite","@id":"https:\/\/system-audio.com\/#website","url":"https:\/\/system-audio.com\/","name":"System Audio","description":"","potentialAction":[{"@type":"SearchAction","target":{"@type":"EntryPoint","urlTemplate":"https:\/\/system-audio.com\/?s={search_term_string}"},"query-input":{"@type":"PropertyValueSpecification","valueRequired":true,"valueName":"search_term_string"}}],"inLanguage":"da-DK"}]}},"_links":{"self":[{"href":"https:\/\/system-audio.com\/da\/wp-json\/wp\/v2\/product\/5821","targetHints":{"allow":["GET"]}}],"collection":[{"href":"https:\/\/system-audio.com\/da\/wp-json\/wp\/v2\/product"}],"about":[{"href":"https:\/\/system-audio.com\/da\/wp-json\/wp\/v2\/types\/product"}],"wp:featuredmedia":[{"embeddable":true,"href":"https:\/\/system-audio.com\/da\/wp-json\/wp\/v2\/media\/2358"}],"wp:attachment":[{"href":"https:\/\/system-audio.com\/da\/wp-json\/wp\/v2\/media?parent=5821"}],"wp:term":[{"taxonomy":"product_brand","embeddable":true,"href":"https:\/\/system-audio.com\/da\/wp-json\/wp\/v2\/product_brand?post=5821"},{"taxonomy":"product_cat","embeddable":true,"href":"https:\/\/system-audio.com\/da\/wp-json\/wp\/v2\/product_cat?post=5821"},{"taxonomy":"product_tag","embeddable":true,"href":"https:\/\/system-audio.com\/da\/wp-json\/wp\/v2\/product_tag?post=5821"}],"curies":[{"name":"wp","href":"https:\/\/api.w.org\/{rel}","templated":true}]}}