{"id":5800,"date":"2025-03-07T10:00:26","date_gmt":"2025-03-07T09:00:26","guid":{"rendered":"https:\/\/systemaudio.demo.supertusch.com\/product\/silverback-1\/"},"modified":"2026-03-05T14:38:55","modified_gmt":"2026-03-05T13:38:55","slug":"silverback-1-traadloes-reolhoejtaler","status":"publish","type":"product","link":"https:\/\/system-audio.com\/da\/vare\/silverback-1-traadloes-reolhoejtaler\/","title":{"rendered":"Silverback 1 \u2013 Tr\u00e5dl\u00f8s reol- og v\u00e6gh\u00f8jtaler"},"content":{"rendered":"","protected":false},"excerpt":{"rendered":"<p>En kompakt h\u00f8jtaler, designet til v\u00e6g eller hylde med indbygget 80 watt samlet forst\u00e6rkereffekt, der leverer kraftfuld og detaljeret lyd. Skabt til dig, der dr\u00f8mmer om stor lyd \u2013 uden store h\u00f8jttalere. M\u00e5l: 21 \u00d7 32,5 \u00d7 13,5 cm.<\/p>\n<p>Spar DKK 1.900 ved k\u00f8b af samlet musiksystem med Stereo Hub HT.<\/p>\n","protected":false},"featured_media":3914,"template":"","meta":{"_acf_changed":false},"product_brand":[],"product_cat":[200],"product_tag":[204,202,203,206,205],"class_list":{"0":"post-5800","1":"product","2":"type-product","3":"status-publish","4":"has-post-thumbnail","6":"product_cat-tradlos","7":"product_tag-rear-speaker-da","8":"product_tag-front-speaker-da","9":"product_tag-height-speaker-da","10":"product_tag-wall-da","11":"product_tag-reol","13":"first","14":"instock","15":"taxable","16":"shipping-taxable","17":"purchasable","18":"product-type-variable","19":"has-default-attributes"},"acf":[],"yoast_head":"<!-- This site is optimized with the Yoast SEO plugin v26.1 - https:\/\/yoast.com\/wordpress\/plugins\/seo\/ -->\n<title>K\u00f8b Silverback 1 | Tr\u00e5dl\u00f8s Aktiv H\u00f8jttaler | System Audio<\/title>\n<meta name=\"description\" content=\"M\u00f8d vores tr\u00e5dl\u00f8se h\u00f8jtaler Silverback 1. Denne aktive h\u00f8jttaler er alsidig og kan bruges alene, i stereo eller i en hjemmebiograf. Perfekt til musik og TV\" \/>\n<meta name=\"robots\" content=\"index, follow, max-snippet:-1, max-image-preview:large, max-video-preview:-1\" \/>\n<link rel=\"canonical\" href=\"https:\/\/system-audio.com\/da\/vare\/silverback-1-traadloes-reolhoejtaler\/\" \/>\n<meta property=\"og:locale\" content=\"da_DK\" \/>\n<meta property=\"og:type\" content=\"article\" \/>\n<meta property=\"og:title\" content=\"K\u00f8b Silverback 1 | Tr\u00e5dl\u00f8s Aktiv H\u00f8jttaler | System Audio\" \/>\n<meta property=\"og:description\" content=\"M\u00f8d vores tr\u00e5dl\u00f8se h\u00f8jtaler Silverback 1. Denne aktive h\u00f8jttaler er alsidig og kan bruges alene, i stereo eller i en hjemmebiograf. Perfekt til musik og TV\" \/>\n<meta property=\"og:url\" content=\"https:\/\/system-audio.com\/da\/vare\/silverback-1-traadloes-reolhoejtaler\/\" \/>\n<meta property=\"og:site_name\" content=\"System Audio\" \/>\n<meta property=\"article:modified_time\" content=\"2026-03-05T13:38:55+00:00\" \/>\n<meta property=\"og:image\" content=\"https:\/\/system-audio.com\/wp-content\/uploads\/2025\/02\/SA_Silverback1_white_2000x1000-1.jpg\" \/>\n\t<meta property=\"og:image:width\" content=\"2000\" \/>\n\t<meta property=\"og:image:height\" content=\"1000\" \/>\n\t<meta property=\"og:image:type\" content=\"image\/jpeg\" \/>\n<meta name=\"twitter:card\" content=\"summary_large_image\" \/>\n<meta name=\"twitter:label1\" content=\"Estimeret l\u00e6setid\" \/>\n\t<meta name=\"twitter:data1\" content=\"1 minut\" \/>\n<script type=\"application\/ld+json\" class=\"yoast-schema-graph\">{\"@context\":\"https:\/\/schema.org\",\"@graph\":[{\"@type\":\"WebPage\",\"@id\":\"https:\/\/system-audio.com\/da\/vare\/silverback-1-traadloes-reolhoejtaler\/\",\"url\":\"https:\/\/system-audio.com\/da\/vare\/silverback-1-traadloes-reolhoejtaler\/\",\"name\":\"K\u00f8b Silverback 1 | Tr\u00e5dl\u00f8s Aktiv H\u00f8jttaler | System Audio\",\"isPartOf\":{\"@id\":\"https:\/\/system-audio.com\/#website\"},\"primaryImageOfPage\":{\"@id\":\"https:\/\/system-audio.com\/da\/vare\/silverback-1-traadloes-reolhoejtaler\/#primaryimage\"},\"image\":{\"@id\":\"https:\/\/system-audio.com\/da\/vare\/silverback-1-traadloes-reolhoejtaler\/#primaryimage\"},\"thumbnailUrl\":\"https:\/\/system-audio.com\/wp-content\/uploads\/2025\/02\/SA_Silverback1_white_2000x1000-1.jpg\",\"datePublished\":\"2025-03-07T09:00:26+00:00\",\"dateModified\":\"2026-03-05T13:38:55+00:00\",\"description\":\"M\u00f8d vores tr\u00e5dl\u00f8se h\u00f8jtaler Silverback 1. Denne aktive h\u00f8jttaler er alsidig og kan bruges alene, i stereo eller i en hjemmebiograf. Perfekt til musik og TV\",\"breadcrumb\":{\"@id\":\"https:\/\/system-audio.com\/da\/vare\/silverback-1-traadloes-reolhoejtaler\/#breadcrumb\"},\"inLanguage\":\"da-DK\",\"potentialAction\":[{\"@type\":\"ReadAction\",\"target\":[\"https:\/\/system-audio.com\/da\/vare\/silverback-1-traadloes-reolhoejtaler\/\"]}]},{\"@type\":\"ImageObject\",\"inLanguage\":\"da-DK\",\"@id\":\"https:\/\/system-audio.com\/da\/vare\/silverback-1-traadloes-reolhoejtaler\/#primaryimage\",\"url\":\"https:\/\/system-audio.com\/wp-content\/uploads\/2025\/02\/SA_Silverback1_white_2000x1000-1.jpg\",\"contentUrl\":\"https:\/\/system-audio.com\/wp-content\/uploads\/2025\/02\/SA_Silverback1_white_2000x1000-1.jpg\",\"width\":2000,\"height\":1000},{\"@type\":\"BreadcrumbList\",\"@id\":\"https:\/\/system-audio.com\/da\/vare\/silverback-1-traadloes-reolhoejtaler\/#breadcrumb\",\"itemListElement\":[{\"@type\":\"ListItem\",\"position\":1,\"name\":\"Home\",\"item\":\"https:\/\/system-audio.com\/da\/\"},{\"@type\":\"ListItem\",\"position\":2,\"name\":\"Shop\",\"item\":\"https:\/\/system-audio.com\/da\/shop\/\"},{\"@type\":\"ListItem\",\"position\":3,\"name\":\"Silverback 1 \u2013 Tr\u00e5dl\u00f8s reol- og v\u00e6gh\u00f8jtaler\"}]},{\"@type\":\"WebSite\",\"@id\":\"https:\/\/system-audio.com\/#website\",\"url\":\"https:\/\/system-audio.com\/\",\"name\":\"System Audio\",\"description\":\"\",\"potentialAction\":[{\"@type\":\"SearchAction\",\"target\":{\"@type\":\"EntryPoint\",\"urlTemplate\":\"https:\/\/system-audio.com\/?s={search_term_string}\"},\"query-input\":{\"@type\":\"PropertyValueSpecification\",\"valueRequired\":true,\"valueName\":\"search_term_string\"}}],\"inLanguage\":\"da-DK\"}]}<\/script>\n<!-- \/ Yoast SEO plugin. -->","yoast_head_json":{"title":"K\u00f8b Silverback 1 | Tr\u00e5dl\u00f8s Aktiv H\u00f8jttaler | System Audio","description":"M\u00f8d vores tr\u00e5dl\u00f8se h\u00f8jtaler Silverback 1. Denne aktive h\u00f8jttaler er alsidig og kan bruges alene, i stereo eller i en hjemmebiograf. Perfekt til musik og TV","robots":{"index":"index","follow":"follow","max-snippet":"max-snippet:-1","max-image-preview":"max-image-preview:large","max-video-preview":"max-video-preview:-1"},"canonical":"https:\/\/system-audio.com\/da\/vare\/silverback-1-traadloes-reolhoejtaler\/","og_locale":"da_DK","og_type":"article","og_title":"K\u00f8b Silverback 1 | Tr\u00e5dl\u00f8s Aktiv H\u00f8jttaler | System Audio","og_description":"M\u00f8d vores tr\u00e5dl\u00f8se h\u00f8jtaler Silverback 1. Denne aktive h\u00f8jttaler er alsidig og kan bruges alene, i stereo eller i en hjemmebiograf. Perfekt til musik og TV","og_url":"https:\/\/system-audio.com\/da\/vare\/silverback-1-traadloes-reolhoejtaler\/","og_site_name":"System Audio","article_modified_time":"2026-03-05T13:38:55+00:00","og_image":[{"width":2000,"height":1000,"url":"https:\/\/system-audio.com\/wp-content\/uploads\/2025\/02\/SA_Silverback1_white_2000x1000-1.jpg","type":"image\/jpeg"}],"twitter_card":"summary_large_image","twitter_misc":{"Estimeret l\u00e6setid":"1 minut"},"schema":{"@context":"https:\/\/schema.org","@graph":[{"@type":"WebPage","@id":"https:\/\/system-audio.com\/da\/vare\/silverback-1-traadloes-reolhoejtaler\/","url":"https:\/\/system-audio.com\/da\/vare\/silverback-1-traadloes-reolhoejtaler\/","name":"K\u00f8b Silverback 1 | Tr\u00e5dl\u00f8s Aktiv H\u00f8jttaler | System Audio","isPartOf":{"@id":"https:\/\/system-audio.com\/#website"},"primaryImageOfPage":{"@id":"https:\/\/system-audio.com\/da\/vare\/silverback-1-traadloes-reolhoejtaler\/#primaryimage"},"image":{"@id":"https:\/\/system-audio.com\/da\/vare\/silverback-1-traadloes-reolhoejtaler\/#primaryimage"},"thumbnailUrl":"https:\/\/system-audio.com\/wp-content\/uploads\/2025\/02\/SA_Silverback1_white_2000x1000-1.jpg","datePublished":"2025-03-07T09:00:26+00:00","dateModified":"2026-03-05T13:38:55+00:00","description":"M\u00f8d vores tr\u00e5dl\u00f8se h\u00f8jtaler Silverback 1. Denne aktive h\u00f8jttaler er alsidig og kan bruges alene, i stereo eller i en hjemmebiograf. Perfekt til musik og TV","breadcrumb":{"@id":"https:\/\/system-audio.com\/da\/vare\/silverback-1-traadloes-reolhoejtaler\/#breadcrumb"},"inLanguage":"da-DK","potentialAction":[{"@type":"ReadAction","target":["https:\/\/system-audio.com\/da\/vare\/silverback-1-traadloes-reolhoejtaler\/"]}]},{"@type":"ImageObject","inLanguage":"da-DK","@id":"https:\/\/system-audio.com\/da\/vare\/silverback-1-traadloes-reolhoejtaler\/#primaryimage","url":"https:\/\/system-audio.com\/wp-content\/uploads\/2025\/02\/SA_Silverback1_white_2000x1000-1.jpg","contentUrl":"https:\/\/system-audio.com\/wp-content\/uploads\/2025\/02\/SA_Silverback1_white_2000x1000-1.jpg","width":2000,"height":1000},{"@type":"BreadcrumbList","@id":"https:\/\/system-audio.com\/da\/vare\/silverback-1-traadloes-reolhoejtaler\/#breadcrumb","itemListElement":[{"@type":"ListItem","position":1,"name":"Home","item":"https:\/\/system-audio.com\/da\/"},{"@type":"ListItem","position":2,"name":"Shop","item":"https:\/\/system-audio.com\/da\/shop\/"},{"@type":"ListItem","position":3,"name":"Silverback 1 \u2013 Tr\u00e5dl\u00f8s reol- og v\u00e6gh\u00f8jtaler"}]},{"@type":"WebSite","@id":"https:\/\/system-audio.com\/#website","url":"https:\/\/system-audio.com\/","name":"System Audio","description":"","potentialAction":[{"@type":"SearchAction","target":{"@type":"EntryPoint","urlTemplate":"https:\/\/system-audio.com\/?s={search_term_string}"},"query-input":{"@type":"PropertyValueSpecification","valueRequired":true,"valueName":"search_term_string"}}],"inLanguage":"da-DK"}]}},"_links":{"self":[{"href":"https:\/\/system-audio.com\/da\/wp-json\/wp\/v2\/product\/5800","targetHints":{"allow":["GET"]}}],"collection":[{"href":"https:\/\/system-audio.com\/da\/wp-json\/wp\/v2\/product"}],"about":[{"href":"https:\/\/system-audio.com\/da\/wp-json\/wp\/v2\/types\/product"}],"wp:featuredmedia":[{"embeddable":true,"href":"https:\/\/system-audio.com\/da\/wp-json\/wp\/v2\/media\/3914"}],"wp:attachment":[{"href":"https:\/\/system-audio.com\/da\/wp-json\/wp\/v2\/media?parent=5800"}],"wp:term":[{"taxonomy":"product_brand","embeddable":true,"href":"https:\/\/system-audio.com\/da\/wp-json\/wp\/v2\/product_brand?post=5800"},{"taxonomy":"product_cat","embeddable":true,"href":"https:\/\/system-audio.com\/da\/wp-json\/wp\/v2\/product_cat?post=5800"},{"taxonomy":"product_tag","embeddable":true,"href":"https:\/\/system-audio.com\/da\/wp-json\/wp\/v2\/product_tag?post=5800"}],"curies":[{"name":"wp","href":"https:\/\/api.w.org\/{rel}","templated":true}]}}