{"id":12420,"date":"2025-11-27T11:14:15","date_gmt":"2025-11-27T10:14:15","guid":{"rendered":"https:\/\/system-audio.com\/?post_type=product&#038;p=12420"},"modified":"2025-12-16T14:05:38","modified_gmt":"2025-12-16T13:05:38","slug":"legend-60-2-silverback-c-stock","status":"publish","type":"product","link":"https:\/\/system-audio.com\/da\/vare\/legend-60-2-silverback-c-stock\/","title":{"rendered":"Legend 60.2 silverback C-Stock"},"content":{"rendered":"","protected":false},"excerpt":{"rendered":"<p>\u00c9t s\u00e6t Legend 60.2 silverback tr\u00e5dl\u00f8se h\u00f8jttalere (valn\u00f8d finish). C-Stock: I p\u00e6n stand, med mindre brugsm\u00e6rker. Gratis fragt og 45 dages returret.<\/p>\n","protected":false},"featured_media":12435,"template":"","meta":{"_acf_changed":false},"product_brand":[],"product_cat":[255,267],"product_tag":[213],"class_list":{"0":"post-12420","1":"product","2":"type-product","3":"status-publish","4":"has-post-thumbnail","6":"product_cat-black-friday-2025","7":"product_cat-c-stock","8":"product_tag-floorstanding-speaker-da","10":"first","11":"instock","12":"sale","13":"taxable","14":"shipping-taxable","15":"purchasable","16":"product-type-simple"},"acf":[],"yoast_head":"<!-- This site is optimized with the Yoast SEO plugin v26.1 - https:\/\/yoast.com\/wordpress\/plugins\/seo\/ -->\n<title>Legend 60.2 silverback C-Stock - System Audio<\/title>\n<meta name=\"robots\" content=\"index, follow, max-snippet:-1, max-image-preview:large, max-video-preview:-1\" \/>\n<link rel=\"canonical\" href=\"https:\/\/system-audio.com\/da\/vare\/legend-60-2-silverback-c-stock\/\" \/>\n<meta property=\"og:locale\" content=\"da_DK\" \/>\n<meta property=\"og:type\" content=\"article\" \/>\n<meta property=\"og:title\" content=\"Legend 60.2 silverback C-Stock - System Audio\" \/>\n<meta property=\"og:description\" content=\"\u00c9t s\u00e6t Legend 60.2 silverback tr\u00e5dl\u00f8se h\u00f8jttalere (valn\u00f8d finish). C-Stock: I p\u00e6n stand, med mindre brugsm\u00e6rker. Gratis fragt og 45 dages returret.\" \/>\n<meta property=\"og:url\" content=\"https:\/\/system-audio.com\/da\/vare\/legend-60-2-silverback-c-stock\/\" \/>\n<meta property=\"og:site_name\" content=\"System Audio\" \/>\n<meta property=\"article:modified_time\" content=\"2025-12-16T13:05:38+00:00\" \/>\n<meta property=\"og:image\" content=\"https:\/\/system-audio.com\/wp-content\/uploads\/2025\/11\/Design-uden-navn-18.png\" \/>\n\t<meta property=\"og:image:width\" content=\"2000\" \/>\n\t<meta property=\"og:image:height\" content=\"1000\" \/>\n\t<meta property=\"og:image:type\" content=\"image\/png\" \/>\n<meta name=\"twitter:card\" content=\"summary_large_image\" \/>\n<meta name=\"twitter:label1\" content=\"Estimeret l\u00e6setid\" \/>\n\t<meta name=\"twitter:data1\" content=\"1 minut\" \/>\n<script type=\"application\/ld+json\" class=\"yoast-schema-graph\">{\"@context\":\"https:\/\/schema.org\",\"@graph\":[{\"@type\":\"WebPage\",\"@id\":\"https:\/\/system-audio.com\/da\/vare\/legend-60-2-silverback-c-stock\/\",\"url\":\"https:\/\/system-audio.com\/da\/vare\/legend-60-2-silverback-c-stock\/\",\"name\":\"Legend 60.2 silverback C-Stock - System Audio\",\"isPartOf\":{\"@id\":\"https:\/\/system-audio.com\/#website\"},\"primaryImageOfPage\":{\"@id\":\"https:\/\/system-audio.com\/da\/vare\/legend-60-2-silverback-c-stock\/#primaryimage\"},\"image\":{\"@id\":\"https:\/\/system-audio.com\/da\/vare\/legend-60-2-silverback-c-stock\/#primaryimage\"},\"thumbnailUrl\":\"https:\/\/system-audio.com\/wp-content\/uploads\/2025\/11\/Design-uden-navn-18.png\",\"datePublished\":\"2025-11-27T10:14:15+00:00\",\"dateModified\":\"2025-12-16T13:05:38+00:00\",\"breadcrumb\":{\"@id\":\"https:\/\/system-audio.com\/da\/vare\/legend-60-2-silverback-c-stock\/#breadcrumb\"},\"inLanguage\":\"da-DK\",\"potentialAction\":[{\"@type\":\"ReadAction\",\"target\":[\"https:\/\/system-audio.com\/da\/vare\/legend-60-2-silverback-c-stock\/\"]}]},{\"@type\":\"ImageObject\",\"inLanguage\":\"da-DK\",\"@id\":\"https:\/\/system-audio.com\/da\/vare\/legend-60-2-silverback-c-stock\/#primaryimage\",\"url\":\"https:\/\/system-audio.com\/wp-content\/uploads\/2025\/11\/Design-uden-navn-18.png\",\"contentUrl\":\"https:\/\/system-audio.com\/wp-content\/uploads\/2025\/11\/Design-uden-navn-18.png\",\"width\":2000,\"height\":1000},{\"@type\":\"BreadcrumbList\",\"@id\":\"https:\/\/system-audio.com\/da\/vare\/legend-60-2-silverback-c-stock\/#breadcrumb\",\"itemListElement\":[{\"@type\":\"ListItem\",\"position\":1,\"name\":\"Home\",\"item\":\"https:\/\/system-audio.com\/da\/\"},{\"@type\":\"ListItem\",\"position\":2,\"name\":\"Shop\",\"item\":\"https:\/\/system-audio.com\/da\/shop\/\"},{\"@type\":\"ListItem\",\"position\":3,\"name\":\"Legend 60.2 silverback C-Stock\"}]},{\"@type\":\"WebSite\",\"@id\":\"https:\/\/system-audio.com\/#website\",\"url\":\"https:\/\/system-audio.com\/\",\"name\":\"System Audio\",\"description\":\"\",\"potentialAction\":[{\"@type\":\"SearchAction\",\"target\":{\"@type\":\"EntryPoint\",\"urlTemplate\":\"https:\/\/system-audio.com\/?s={search_term_string}\"},\"query-input\":{\"@type\":\"PropertyValueSpecification\",\"valueRequired\":true,\"valueName\":\"search_term_string\"}}],\"inLanguage\":\"da-DK\"}]}<\/script>\n<!-- \/ Yoast SEO plugin. -->","yoast_head_json":{"title":"Legend 60.2 silverback C-Stock - System Audio","robots":{"index":"index","follow":"follow","max-snippet":"max-snippet:-1","max-image-preview":"max-image-preview:large","max-video-preview":"max-video-preview:-1"},"canonical":"https:\/\/system-audio.com\/da\/vare\/legend-60-2-silverback-c-stock\/","og_locale":"da_DK","og_type":"article","og_title":"Legend 60.2 silverback C-Stock - System Audio","og_description":"\u00c9t s\u00e6t Legend 60.2 silverback tr\u00e5dl\u00f8se h\u00f8jttalere (valn\u00f8d finish). C-Stock: I p\u00e6n stand, med mindre brugsm\u00e6rker. Gratis fragt og 45 dages returret.","og_url":"https:\/\/system-audio.com\/da\/vare\/legend-60-2-silverback-c-stock\/","og_site_name":"System Audio","article_modified_time":"2025-12-16T13:05:38+00:00","og_image":[{"width":2000,"height":1000,"url":"https:\/\/system-audio.com\/wp-content\/uploads\/2025\/11\/Design-uden-navn-18.png","type":"image\/png"}],"twitter_card":"summary_large_image","twitter_misc":{"Estimeret l\u00e6setid":"1 minut"},"schema":{"@context":"https:\/\/schema.org","@graph":[{"@type":"WebPage","@id":"https:\/\/system-audio.com\/da\/vare\/legend-60-2-silverback-c-stock\/","url":"https:\/\/system-audio.com\/da\/vare\/legend-60-2-silverback-c-stock\/","name":"Legend 60.2 silverback C-Stock - System Audio","isPartOf":{"@id":"https:\/\/system-audio.com\/#website"},"primaryImageOfPage":{"@id":"https:\/\/system-audio.com\/da\/vare\/legend-60-2-silverback-c-stock\/#primaryimage"},"image":{"@id":"https:\/\/system-audio.com\/da\/vare\/legend-60-2-silverback-c-stock\/#primaryimage"},"thumbnailUrl":"https:\/\/system-audio.com\/wp-content\/uploads\/2025\/11\/Design-uden-navn-18.png","datePublished":"2025-11-27T10:14:15+00:00","dateModified":"2025-12-16T13:05:38+00:00","breadcrumb":{"@id":"https:\/\/system-audio.com\/da\/vare\/legend-60-2-silverback-c-stock\/#breadcrumb"},"inLanguage":"da-DK","potentialAction":[{"@type":"ReadAction","target":["https:\/\/system-audio.com\/da\/vare\/legend-60-2-silverback-c-stock\/"]}]},{"@type":"ImageObject","inLanguage":"da-DK","@id":"https:\/\/system-audio.com\/da\/vare\/legend-60-2-silverback-c-stock\/#primaryimage","url":"https:\/\/system-audio.com\/wp-content\/uploads\/2025\/11\/Design-uden-navn-18.png","contentUrl":"https:\/\/system-audio.com\/wp-content\/uploads\/2025\/11\/Design-uden-navn-18.png","width":2000,"height":1000},{"@type":"BreadcrumbList","@id":"https:\/\/system-audio.com\/da\/vare\/legend-60-2-silverback-c-stock\/#breadcrumb","itemListElement":[{"@type":"ListItem","position":1,"name":"Home","item":"https:\/\/system-audio.com\/da\/"},{"@type":"ListItem","position":2,"name":"Shop","item":"https:\/\/system-audio.com\/da\/shop\/"},{"@type":"ListItem","position":3,"name":"Legend 60.2 silverback C-Stock"}]},{"@type":"WebSite","@id":"https:\/\/system-audio.com\/#website","url":"https:\/\/system-audio.com\/","name":"System Audio","description":"","potentialAction":[{"@type":"SearchAction","target":{"@type":"EntryPoint","urlTemplate":"https:\/\/system-audio.com\/?s={search_term_string}"},"query-input":{"@type":"PropertyValueSpecification","valueRequired":true,"valueName":"search_term_string"}}],"inLanguage":"da-DK"}]}},"_links":{"self":[{"href":"https:\/\/system-audio.com\/da\/wp-json\/wp\/v2\/product\/12420","targetHints":{"allow":["GET"]}}],"collection":[{"href":"https:\/\/system-audio.com\/da\/wp-json\/wp\/v2\/product"}],"about":[{"href":"https:\/\/system-audio.com\/da\/wp-json\/wp\/v2\/types\/product"}],"wp:featuredmedia":[{"embeddable":true,"href":"https:\/\/system-audio.com\/da\/wp-json\/wp\/v2\/media\/12435"}],"wp:attachment":[{"href":"https:\/\/system-audio.com\/da\/wp-json\/wp\/v2\/media?parent=12420"}],"wp:term":[{"taxonomy":"product_brand","embeddable":true,"href":"https:\/\/system-audio.com\/da\/wp-json\/wp\/v2\/product_brand?post=12420"},{"taxonomy":"product_cat","embeddable":true,"href":"https:\/\/system-audio.com\/da\/wp-json\/wp\/v2\/product_cat?post=12420"},{"taxonomy":"product_tag","embeddable":true,"href":"https:\/\/system-audio.com\/da\/wp-json\/wp\/v2\/product_tag?post=12420"}],"curies":[{"name":"wp","href":"https:\/\/api.w.org\/{rel}","templated":true}]}}