{"id":6703,"date":"2025-01-07T13:23:08","date_gmt":"2025-01-07T12:23:08","guid":{"rendered":"https:\/\/systemaudio.demo.supertusch.com\/privacy-policy\/"},"modified":"2025-10-13T10:43:42","modified_gmt":"2025-10-13T08:43:42","slug":"privatlivspolitik","status":"publish","type":"page","link":"https:\/\/system-audio.com\/da\/privatlivspolitik\/","title":{"rendered":"Privatlivspolitik"},"content":{"rendered":"\r\n<p>&nbsp;<\/p>\r\n\r\n<p>&nbsp;<\/p>","protected":false},"excerpt":{"rendered":"<p>&nbsp; &nbsp;<\/p>\n","protected":false},"author":1,"featured_media":0,"parent":0,"menu_order":0,"comment_status":"closed","ping_status":"open","template":"","meta":{"_acf_changed":false,"footnotes":""},"class_list":["post-6703","page","type-page","status-publish","hentry"],"acf":[],"yoast_head":"<!-- This site is optimized with the Yoast SEO plugin v26.1 - https:\/\/yoast.com\/wordpress\/plugins\/seo\/ -->\n<title>Privatlivspolitik | S\u00e5dan behandler vi dine data | SA<\/title>\n<meta name=\"description\" content=\"Din tryghed er vigtig for os. I vores privatlivspolitik kan du l\u00e6se om, hvordan vi behandler dine data, n\u00e5r du bes\u00f8ger vores hjemmeside eller er kunde.\" \/>\n<meta name=\"robots\" content=\"index, follow, max-snippet:-1, max-image-preview:large, max-video-preview:-1\" \/>\n<link rel=\"canonical\" href=\"https:\/\/system-audio.com\/da\/privatlivspolitik\/\" \/>\n<meta property=\"og:locale\" content=\"da_DK\" \/>\n<meta property=\"og:type\" content=\"article\" \/>\n<meta property=\"og:title\" content=\"Privatlivspolitik | S\u00e5dan behandler vi dine data | SA\" \/>\n<meta property=\"og:description\" content=\"Din tryghed er vigtig for os. I vores privatlivspolitik kan du l\u00e6se om, hvordan vi behandler dine data, n\u00e5r du bes\u00f8ger vores hjemmeside eller er kunde.\" \/>\n<meta property=\"og:url\" content=\"https:\/\/system-audio.com\/da\/privatlivspolitik\/\" \/>\n<meta property=\"og:site_name\" content=\"System Audio\" \/>\n<meta property=\"article:modified_time\" content=\"2025-10-13T08:43:42+00:00\" \/>\n<meta name=\"twitter:card\" content=\"summary_large_image\" \/>\n<script type=\"application\/ld+json\" class=\"yoast-schema-graph\">{\"@context\":\"https:\/\/schema.org\",\"@graph\":[{\"@type\":\"WebPage\",\"@id\":\"https:\/\/system-audio.com\/da\/privatlivspolitik\/\",\"url\":\"https:\/\/system-audio.com\/da\/privatlivspolitik\/\",\"name\":\"Privatlivspolitik | S\u00e5dan behandler vi dine data | SA\",\"isPartOf\":{\"@id\":\"https:\/\/system-audio.com\/#website\"},\"datePublished\":\"2025-01-07T12:23:08+00:00\",\"dateModified\":\"2025-10-13T08:43:42+00:00\",\"description\":\"Din tryghed er vigtig for os. I vores privatlivspolitik kan du l\u00e6se om, hvordan vi behandler dine data, n\u00e5r du bes\u00f8ger vores hjemmeside eller er kunde.\",\"breadcrumb\":{\"@id\":\"https:\/\/system-audio.com\/da\/privatlivspolitik\/#breadcrumb\"},\"inLanguage\":\"da-DK\",\"potentialAction\":[{\"@type\":\"ReadAction\",\"target\":[\"https:\/\/system-audio.com\/da\/privatlivspolitik\/\"]}]},{\"@type\":\"BreadcrumbList\",\"@id\":\"https:\/\/system-audio.com\/da\/privatlivspolitik\/#breadcrumb\",\"itemListElement\":[{\"@type\":\"ListItem\",\"position\":1,\"name\":\"Home\",\"item\":\"https:\/\/system-audio.com\/da\/\"},{\"@type\":\"ListItem\",\"position\":2,\"name\":\"Privatlivspolitik\"}]},{\"@type\":\"WebSite\",\"@id\":\"https:\/\/system-audio.com\/#website\",\"url\":\"https:\/\/system-audio.com\/\",\"name\":\"System Audio\",\"description\":\"\",\"potentialAction\":[{\"@type\":\"SearchAction\",\"target\":{\"@type\":\"EntryPoint\",\"urlTemplate\":\"https:\/\/system-audio.com\/?s={search_term_string}\"},\"query-input\":{\"@type\":\"PropertyValueSpecification\",\"valueRequired\":true,\"valueName\":\"search_term_string\"}}],\"inLanguage\":\"da-DK\"}]}<\/script>\n<!-- \/ Yoast SEO plugin. -->","yoast_head_json":{"title":"Privatlivspolitik | S\u00e5dan behandler vi dine data | SA","description":"Din tryghed er vigtig for os. I vores privatlivspolitik kan du l\u00e6se om, hvordan vi behandler dine data, n\u00e5r du bes\u00f8ger vores hjemmeside eller er kunde.","robots":{"index":"index","follow":"follow","max-snippet":"max-snippet:-1","max-image-preview":"max-image-preview:large","max-video-preview":"max-video-preview:-1"},"canonical":"https:\/\/system-audio.com\/da\/privatlivspolitik\/","og_locale":"da_DK","og_type":"article","og_title":"Privatlivspolitik | S\u00e5dan behandler vi dine data | SA","og_description":"Din tryghed er vigtig for os. I vores privatlivspolitik kan du l\u00e6se om, hvordan vi behandler dine data, n\u00e5r du bes\u00f8ger vores hjemmeside eller er kunde.","og_url":"https:\/\/system-audio.com\/da\/privatlivspolitik\/","og_site_name":"System Audio","article_modified_time":"2025-10-13T08:43:42+00:00","twitter_card":"summary_large_image","schema":{"@context":"https:\/\/schema.org","@graph":[{"@type":"WebPage","@id":"https:\/\/system-audio.com\/da\/privatlivspolitik\/","url":"https:\/\/system-audio.com\/da\/privatlivspolitik\/","name":"Privatlivspolitik | S\u00e5dan behandler vi dine data | SA","isPartOf":{"@id":"https:\/\/system-audio.com\/#website"},"datePublished":"2025-01-07T12:23:08+00:00","dateModified":"2025-10-13T08:43:42+00:00","description":"Din tryghed er vigtig for os. I vores privatlivspolitik kan du l\u00e6se om, hvordan vi behandler dine data, n\u00e5r du bes\u00f8ger vores hjemmeside eller er kunde.","breadcrumb":{"@id":"https:\/\/system-audio.com\/da\/privatlivspolitik\/#breadcrumb"},"inLanguage":"da-DK","potentialAction":[{"@type":"ReadAction","target":["https:\/\/system-audio.com\/da\/privatlivspolitik\/"]}]},{"@type":"BreadcrumbList","@id":"https:\/\/system-audio.com\/da\/privatlivspolitik\/#breadcrumb","itemListElement":[{"@type":"ListItem","position":1,"name":"Home","item":"https:\/\/system-audio.com\/da\/"},{"@type":"ListItem","position":2,"name":"Privatlivspolitik"}]},{"@type":"WebSite","@id":"https:\/\/system-audio.com\/#website","url":"https:\/\/system-audio.com\/","name":"System Audio","description":"","potentialAction":[{"@type":"SearchAction","target":{"@type":"EntryPoint","urlTemplate":"https:\/\/system-audio.com\/?s={search_term_string}"},"query-input":{"@type":"PropertyValueSpecification","valueRequired":true,"valueName":"search_term_string"}}],"inLanguage":"da-DK"}]}},"_links":{"self":[{"href":"https:\/\/system-audio.com\/da\/wp-json\/wp\/v2\/pages\/6703","targetHints":{"allow":["GET"]}}],"collection":[{"href":"https:\/\/system-audio.com\/da\/wp-json\/wp\/v2\/pages"}],"about":[{"href":"https:\/\/system-audio.com\/da\/wp-json\/wp\/v2\/types\/page"}],"author":[{"embeddable":true,"href":"https:\/\/system-audio.com\/da\/wp-json\/wp\/v2\/users\/1"}],"replies":[{"embeddable":true,"href":"https:\/\/system-audio.com\/da\/wp-json\/wp\/v2\/comments?post=6703"}],"version-history":[{"count":4,"href":"https:\/\/system-audio.com\/da\/wp-json\/wp\/v2\/pages\/6703\/revisions"}],"predecessor-version":[{"id":10230,"href":"https:\/\/system-audio.com\/da\/wp-json\/wp\/v2\/pages\/6703\/revisions\/10230"}],"wp:attachment":[{"href":"https:\/\/system-audio.com\/da\/wp-json\/wp\/v2\/media?parent=6703"}],"curies":[{"name":"wp","href":"https:\/\/api.w.org\/{rel}","templated":true}]}}