{"id":6662,"date":"2025-03-21T16:16:41","date_gmt":"2025-03-21T15:16:41","guid":{"rendered":"https:\/\/systemaudio.demo.supertusch.com\/sa-cockpit\/"},"modified":"2025-11-03T10:16:30","modified_gmt":"2025-11-03T09:16:30","slug":"sa-cockpit","status":"publish","type":"page","link":"https:\/\/system-audio.com\/da\/sa-cockpit\/","title":{"rendered":"SA Cockpit"},"content":{"rendered":"","protected":false},"excerpt":{"rendered":"","protected":false},"author":5,"featured_media":795,"parent":0,"menu_order":0,"comment_status":"closed","ping_status":"closed","template":"","meta":{"_acf_changed":false,"footnotes":""},"class_list":["post-6662","page","type-page","status-publish","has-post-thumbnail","hentry"],"acf":[],"yoast_head":"<!-- This site is optimized with the Yoast SEO plugin v26.1 - https:\/\/yoast.com\/wordpress\/plugins\/seo\/ -->\n<title>Styr din lydoplevelse med SA Cockpit appen fra System Audio<\/title>\n<meta name=\"description\" content=\"F\u00e5 fuld kontrol over dine SA-h\u00f8jttalere med SA Cockpit app&#039;en. Just\u00e9r lyden med rumkorrektion, styr flere rum og ops\u00e6t din hjemmebiograf.\" \/>\n<meta name=\"robots\" content=\"index, follow, max-snippet:-1, max-image-preview:large, max-video-preview:-1\" \/>\n<link rel=\"canonical\" href=\"https:\/\/system-audio.com\/da\/sa-cockpit\/\" \/>\n<meta property=\"og:locale\" content=\"da_DK\" \/>\n<meta property=\"og:type\" content=\"article\" \/>\n<meta property=\"og:title\" content=\"Styr din lydoplevelse med SA Cockpit appen fra System Audio\" \/>\n<meta property=\"og:description\" content=\"F\u00e5 fuld kontrol over dine SA-h\u00f8jttalere med SA Cockpit app&#039;en. Just\u00e9r lyden med rumkorrektion, styr flere rum og ops\u00e6t din hjemmebiograf.\" \/>\n<meta property=\"og:url\" content=\"https:\/\/system-audio.com\/da\/sa-cockpit\/\" \/>\n<meta property=\"og:site_name\" content=\"System Audio\" \/>\n<meta property=\"article:modified_time\" content=\"2025-11-03T09:16:30+00:00\" \/>\n<meta property=\"og:image\" content=\"https:\/\/system-audio.com\/wp-content\/uploads\/2025\/02\/app-sa.jpg\" \/>\n\t<meta property=\"og:image:width\" content=\"2000\" \/>\n\t<meta property=\"og:image:height\" content=\"1330\" \/>\n\t<meta property=\"og:image:type\" content=\"image\/jpeg\" \/>\n<meta name=\"twitter:card\" content=\"summary_large_image\" \/>\n<meta name=\"twitter:label1\" content=\"Estimeret l\u00e6setid\" \/>\n\t<meta name=\"twitter:data1\" content=\"1 minut\" \/>\n<script type=\"application\/ld+json\" class=\"yoast-schema-graph\">{\"@context\":\"https:\/\/schema.org\",\"@graph\":[{\"@type\":\"WebPage\",\"@id\":\"https:\/\/system-audio.com\/da\/sa-cockpit\/\",\"url\":\"https:\/\/system-audio.com\/da\/sa-cockpit\/\",\"name\":\"Styr din lydoplevelse med SA Cockpit appen fra System Audio\",\"isPartOf\":{\"@id\":\"https:\/\/system-audio.com\/#website\"},\"primaryImageOfPage\":{\"@id\":\"https:\/\/system-audio.com\/da\/sa-cockpit\/#primaryimage\"},\"image\":{\"@id\":\"https:\/\/system-audio.com\/da\/sa-cockpit\/#primaryimage\"},\"thumbnailUrl\":\"https:\/\/system-audio.com\/wp-content\/uploads\/2025\/02\/app-sa.jpg\",\"datePublished\":\"2025-03-21T15:16:41+00:00\",\"dateModified\":\"2025-11-03T09:16:30+00:00\",\"description\":\"F\u00e5 fuld kontrol over dine SA-h\u00f8jttalere med SA Cockpit app'en. Just\u00e9r lyden med rumkorrektion, styr flere rum og ops\u00e6t din hjemmebiograf.\",\"breadcrumb\":{\"@id\":\"https:\/\/system-audio.com\/da\/sa-cockpit\/#breadcrumb\"},\"inLanguage\":\"da-DK\",\"potentialAction\":[{\"@type\":\"ReadAction\",\"target\":[\"https:\/\/system-audio.com\/da\/sa-cockpit\/\"]}]},{\"@type\":\"ImageObject\",\"inLanguage\":\"da-DK\",\"@id\":\"https:\/\/system-audio.com\/da\/sa-cockpit\/#primaryimage\",\"url\":\"https:\/\/system-audio.com\/wp-content\/uploads\/2025\/02\/app-sa.jpg\",\"contentUrl\":\"https:\/\/system-audio.com\/wp-content\/uploads\/2025\/02\/app-sa.jpg\",\"width\":2000,\"height\":1330},{\"@type\":\"BreadcrumbList\",\"@id\":\"https:\/\/system-audio.com\/da\/sa-cockpit\/#breadcrumb\",\"itemListElement\":[{\"@type\":\"ListItem\",\"position\":1,\"name\":\"Home\",\"item\":\"https:\/\/system-audio.com\/da\/\"},{\"@type\":\"ListItem\",\"position\":2,\"name\":\"SA Cockpit\"}]},{\"@type\":\"WebSite\",\"@id\":\"https:\/\/system-audio.com\/#website\",\"url\":\"https:\/\/system-audio.com\/\",\"name\":\"System Audio\",\"description\":\"\",\"potentialAction\":[{\"@type\":\"SearchAction\",\"target\":{\"@type\":\"EntryPoint\",\"urlTemplate\":\"https:\/\/system-audio.com\/?s={search_term_string}\"},\"query-input\":{\"@type\":\"PropertyValueSpecification\",\"valueRequired\":true,\"valueName\":\"search_term_string\"}}],\"inLanguage\":\"da-DK\"}]}<\/script>\n<!-- \/ Yoast SEO plugin. -->","yoast_head_json":{"title":"Styr din lydoplevelse med SA Cockpit appen fra System Audio","description":"F\u00e5 fuld kontrol over dine SA-h\u00f8jttalere med SA Cockpit app'en. Just\u00e9r lyden med rumkorrektion, styr flere rum og ops\u00e6t din hjemmebiograf.","robots":{"index":"index","follow":"follow","max-snippet":"max-snippet:-1","max-image-preview":"max-image-preview:large","max-video-preview":"max-video-preview:-1"},"canonical":"https:\/\/system-audio.com\/da\/sa-cockpit\/","og_locale":"da_DK","og_type":"article","og_title":"Styr din lydoplevelse med SA Cockpit appen fra System Audio","og_description":"F\u00e5 fuld kontrol over dine SA-h\u00f8jttalere med SA Cockpit app'en. Just\u00e9r lyden med rumkorrektion, styr flere rum og ops\u00e6t din hjemmebiograf.","og_url":"https:\/\/system-audio.com\/da\/sa-cockpit\/","og_site_name":"System Audio","article_modified_time":"2025-11-03T09:16:30+00:00","og_image":[{"width":2000,"height":1330,"url":"https:\/\/system-audio.com\/wp-content\/uploads\/2025\/02\/app-sa.jpg","type":"image\/jpeg"}],"twitter_card":"summary_large_image","twitter_misc":{"Estimeret l\u00e6setid":"1 minut"},"schema":{"@context":"https:\/\/schema.org","@graph":[{"@type":"WebPage","@id":"https:\/\/system-audio.com\/da\/sa-cockpit\/","url":"https:\/\/system-audio.com\/da\/sa-cockpit\/","name":"Styr din lydoplevelse med SA Cockpit appen fra System Audio","isPartOf":{"@id":"https:\/\/system-audio.com\/#website"},"primaryImageOfPage":{"@id":"https:\/\/system-audio.com\/da\/sa-cockpit\/#primaryimage"},"image":{"@id":"https:\/\/system-audio.com\/da\/sa-cockpit\/#primaryimage"},"thumbnailUrl":"https:\/\/system-audio.com\/wp-content\/uploads\/2025\/02\/app-sa.jpg","datePublished":"2025-03-21T15:16:41+00:00","dateModified":"2025-11-03T09:16:30+00:00","description":"F\u00e5 fuld kontrol over dine SA-h\u00f8jttalere med SA Cockpit app'en. Just\u00e9r lyden med rumkorrektion, styr flere rum og ops\u00e6t din hjemmebiograf.","breadcrumb":{"@id":"https:\/\/system-audio.com\/da\/sa-cockpit\/#breadcrumb"},"inLanguage":"da-DK","potentialAction":[{"@type":"ReadAction","target":["https:\/\/system-audio.com\/da\/sa-cockpit\/"]}]},{"@type":"ImageObject","inLanguage":"da-DK","@id":"https:\/\/system-audio.com\/da\/sa-cockpit\/#primaryimage","url":"https:\/\/system-audio.com\/wp-content\/uploads\/2025\/02\/app-sa.jpg","contentUrl":"https:\/\/system-audio.com\/wp-content\/uploads\/2025\/02\/app-sa.jpg","width":2000,"height":1330},{"@type":"BreadcrumbList","@id":"https:\/\/system-audio.com\/da\/sa-cockpit\/#breadcrumb","itemListElement":[{"@type":"ListItem","position":1,"name":"Home","item":"https:\/\/system-audio.com\/da\/"},{"@type":"ListItem","position":2,"name":"SA Cockpit"}]},{"@type":"WebSite","@id":"https:\/\/system-audio.com\/#website","url":"https:\/\/system-audio.com\/","name":"System Audio","description":"","potentialAction":[{"@type":"SearchAction","target":{"@type":"EntryPoint","urlTemplate":"https:\/\/system-audio.com\/?s={search_term_string}"},"query-input":{"@type":"PropertyValueSpecification","valueRequired":true,"valueName":"search_term_string"}}],"inLanguage":"da-DK"}]}},"_links":{"self":[{"href":"https:\/\/system-audio.com\/da\/wp-json\/wp\/v2\/pages\/6662","targetHints":{"allow":["GET"]}}],"collection":[{"href":"https:\/\/system-audio.com\/da\/wp-json\/wp\/v2\/pages"}],"about":[{"href":"https:\/\/system-audio.com\/da\/wp-json\/wp\/v2\/types\/page"}],"author":[{"embeddable":true,"href":"https:\/\/system-audio.com\/da\/wp-json\/wp\/v2\/users\/5"}],"replies":[{"embeddable":true,"href":"https:\/\/system-audio.com\/da\/wp-json\/wp\/v2\/comments?post=6662"}],"version-history":[{"count":14,"href":"https:\/\/system-audio.com\/da\/wp-json\/wp\/v2\/pages\/6662\/revisions"}],"predecessor-version":[{"id":11700,"href":"https:\/\/system-audio.com\/da\/wp-json\/wp\/v2\/pages\/6662\/revisions\/11700"}],"wp:featuredmedia":[{"embeddable":true,"href":"https:\/\/system-audio.com\/da\/wp-json\/wp\/v2\/media\/795"}],"wp:attachment":[{"href":"https:\/\/system-audio.com\/da\/wp-json\/wp\/v2\/media?parent=6662"}],"curies":[{"name":"wp","href":"https:\/\/api.w.org\/{rel}","templated":true}]}}