{"id":6429,"date":"2025-02-25T13:36:35","date_gmt":"2025-02-25T12:36:35","guid":{"rendered":"https:\/\/systemaudio.demo.supertusch.com\/?page_id=6429"},"modified":"2026-03-13T07:41:27","modified_gmt":"2026-03-13T06:41:27","slug":"7-aars-fabriksgaranti","status":"publish","type":"page","link":"https:\/\/system-audio.com\/da\/7-aars-fabriksgaranti\/","title":{"rendered":"7 \u00e5rs fabriksgaranti"},"content":{"rendered":"","protected":false},"excerpt":{"rendered":"","protected":false},"author":5,"featured_media":0,"parent":0,"menu_order":0,"comment_status":"closed","ping_status":"closed","template":"","meta":{"_acf_changed":false,"footnotes":""},"class_list":["post-6429","page","type-page","status-publish","hentry"],"acf":[],"yoast_head":"<!-- This site is optimized with the Yoast SEO plugin v26.1 - https:\/\/yoast.com\/wordpress\/plugins\/seo\/ -->\n<title>7 \u00e5rs fabriksgaranti | Din tryghed hos System Audio<\/title>\n<meta name=\"description\" content=\"F\u00e5 7 \u00e5rs fabriksgaranti p\u00e5 dine h\u00f8jttalere. L\u00e6s mere om vores udvidede garantiordning, og hvordan du registrerer dine System Audio produkter.\" \/>\n<meta name=\"robots\" content=\"index, follow, max-snippet:-1, max-image-preview:large, max-video-preview:-1\" \/>\n<link rel=\"canonical\" href=\"https:\/\/system-audio.com\/da\/7-aars-fabriksgaranti\/\" \/>\n<meta property=\"og:locale\" content=\"da_DK\" \/>\n<meta property=\"og:type\" content=\"article\" \/>\n<meta property=\"og:title\" content=\"7 \u00e5rs fabriksgaranti | Din tryghed hos System Audio\" \/>\n<meta property=\"og:description\" content=\"F\u00e5 7 \u00e5rs fabriksgaranti p\u00e5 dine h\u00f8jttalere. L\u00e6s mere om vores udvidede garantiordning, og hvordan du registrerer dine System Audio produkter.\" \/>\n<meta property=\"og:url\" content=\"https:\/\/system-audio.com\/da\/7-aars-fabriksgaranti\/\" \/>\n<meta property=\"og:site_name\" content=\"System Audio\" \/>\n<meta property=\"article:modified_time\" content=\"2026-03-13T06:41:27+00:00\" \/>\n<meta name=\"twitter:card\" content=\"summary_large_image\" \/>\n<script type=\"application\/ld+json\" class=\"yoast-schema-graph\">{\"@context\":\"https:\/\/schema.org\",\"@graph\":[{\"@type\":\"WebPage\",\"@id\":\"https:\/\/system-audio.com\/da\/7-aars-fabriksgaranti\/\",\"url\":\"https:\/\/system-audio.com\/da\/7-aars-fabriksgaranti\/\",\"name\":\"7 \u00e5rs fabriksgaranti | Din tryghed hos System Audio\",\"isPartOf\":{\"@id\":\"https:\/\/system-audio.com\/#website\"},\"datePublished\":\"2025-02-25T12:36:35+00:00\",\"dateModified\":\"2026-03-13T06:41:27+00:00\",\"description\":\"F\u00e5 7 \u00e5rs fabriksgaranti p\u00e5 dine h\u00f8jttalere. L\u00e6s mere om vores udvidede garantiordning, og hvordan du registrerer dine System Audio produkter.\",\"breadcrumb\":{\"@id\":\"https:\/\/system-audio.com\/da\/7-aars-fabriksgaranti\/#breadcrumb\"},\"inLanguage\":\"da-DK\",\"potentialAction\":[{\"@type\":\"ReadAction\",\"target\":[\"https:\/\/system-audio.com\/da\/7-aars-fabriksgaranti\/\"]}]},{\"@type\":\"BreadcrumbList\",\"@id\":\"https:\/\/system-audio.com\/da\/7-aars-fabriksgaranti\/#breadcrumb\",\"itemListElement\":[{\"@type\":\"ListItem\",\"position\":1,\"name\":\"Home\",\"item\":\"https:\/\/system-audio.com\/da\/\"},{\"@type\":\"ListItem\",\"position\":2,\"name\":\"7 \u00e5rs fabriksgaranti\"}]},{\"@type\":\"WebSite\",\"@id\":\"https:\/\/system-audio.com\/#website\",\"url\":\"https:\/\/system-audio.com\/\",\"name\":\"System Audio\",\"description\":\"\",\"potentialAction\":[{\"@type\":\"SearchAction\",\"target\":{\"@type\":\"EntryPoint\",\"urlTemplate\":\"https:\/\/system-audio.com\/?s={search_term_string}\"},\"query-input\":{\"@type\":\"PropertyValueSpecification\",\"valueRequired\":true,\"valueName\":\"search_term_string\"}}],\"inLanguage\":\"da-DK\"}]}<\/script>\n<!-- \/ Yoast SEO plugin. -->","yoast_head_json":{"title":"7 \u00e5rs fabriksgaranti | Din tryghed hos System Audio","description":"F\u00e5 7 \u00e5rs fabriksgaranti p\u00e5 dine h\u00f8jttalere. L\u00e6s mere om vores udvidede garantiordning, og hvordan du registrerer dine System Audio produkter.","robots":{"index":"index","follow":"follow","max-snippet":"max-snippet:-1","max-image-preview":"max-image-preview:large","max-video-preview":"max-video-preview:-1"},"canonical":"https:\/\/system-audio.com\/da\/7-aars-fabriksgaranti\/","og_locale":"da_DK","og_type":"article","og_title":"7 \u00e5rs fabriksgaranti | Din tryghed hos System Audio","og_description":"F\u00e5 7 \u00e5rs fabriksgaranti p\u00e5 dine h\u00f8jttalere. L\u00e6s mere om vores udvidede garantiordning, og hvordan du registrerer dine System Audio produkter.","og_url":"https:\/\/system-audio.com\/da\/7-aars-fabriksgaranti\/","og_site_name":"System Audio","article_modified_time":"2026-03-13T06:41:27+00:00","twitter_card":"summary_large_image","schema":{"@context":"https:\/\/schema.org","@graph":[{"@type":"WebPage","@id":"https:\/\/system-audio.com\/da\/7-aars-fabriksgaranti\/","url":"https:\/\/system-audio.com\/da\/7-aars-fabriksgaranti\/","name":"7 \u00e5rs fabriksgaranti | Din tryghed hos System Audio","isPartOf":{"@id":"https:\/\/system-audio.com\/#website"},"datePublished":"2025-02-25T12:36:35+00:00","dateModified":"2026-03-13T06:41:27+00:00","description":"F\u00e5 7 \u00e5rs fabriksgaranti p\u00e5 dine h\u00f8jttalere. L\u00e6s mere om vores udvidede garantiordning, og hvordan du registrerer dine System Audio produkter.","breadcrumb":{"@id":"https:\/\/system-audio.com\/da\/7-aars-fabriksgaranti\/#breadcrumb"},"inLanguage":"da-DK","potentialAction":[{"@type":"ReadAction","target":["https:\/\/system-audio.com\/da\/7-aars-fabriksgaranti\/"]}]},{"@type":"BreadcrumbList","@id":"https:\/\/system-audio.com\/da\/7-aars-fabriksgaranti\/#breadcrumb","itemListElement":[{"@type":"ListItem","position":1,"name":"Home","item":"https:\/\/system-audio.com\/da\/"},{"@type":"ListItem","position":2,"name":"7 \u00e5rs fabriksgaranti"}]},{"@type":"WebSite","@id":"https:\/\/system-audio.com\/#website","url":"https:\/\/system-audio.com\/","name":"System Audio","description":"","potentialAction":[{"@type":"SearchAction","target":{"@type":"EntryPoint","urlTemplate":"https:\/\/system-audio.com\/?s={search_term_string}"},"query-input":{"@type":"PropertyValueSpecification","valueRequired":true,"valueName":"search_term_string"}}],"inLanguage":"da-DK"}]}},"_links":{"self":[{"href":"https:\/\/system-audio.com\/da\/wp-json\/wp\/v2\/pages\/6429","targetHints":{"allow":["GET"]}}],"collection":[{"href":"https:\/\/system-audio.com\/da\/wp-json\/wp\/v2\/pages"}],"about":[{"href":"https:\/\/system-audio.com\/da\/wp-json\/wp\/v2\/types\/page"}],"author":[{"embeddable":true,"href":"https:\/\/system-audio.com\/da\/wp-json\/wp\/v2\/users\/5"}],"replies":[{"embeddable":true,"href":"https:\/\/system-audio.com\/da\/wp-json\/wp\/v2\/comments?post=6429"}],"version-history":[{"count":13,"href":"https:\/\/system-audio.com\/da\/wp-json\/wp\/v2\/pages\/6429\/revisions"}],"predecessor-version":[{"id":15745,"href":"https:\/\/system-audio.com\/da\/wp-json\/wp\/v2\/pages\/6429\/revisions\/15745"}],"wp:attachment":[{"href":"https:\/\/system-audio.com\/da\/wp-json\/wp\/v2\/media?parent=6429"}],"curies":[{"name":"wp","href":"https:\/\/api.w.org\/{rel}","templated":true}]}}