{"id":5547,"date":"2025-02-24T10:57:26","date_gmt":"2025-02-24T09:57:26","guid":{"rendered":"https:\/\/systemaudio.demo.supertusch.com\/?page_id=5547"},"modified":"2025-10-13T10:56:53","modified_gmt":"2025-10-13T08:56:53","slug":"dealers","status":"publish","type":"page","link":"https:\/\/system-audio.com\/da\/dealers\/","title":{"rendered":"Forhandlere"},"content":{"rendered":"","protected":false},"excerpt":{"rendered":"","protected":false},"author":1,"featured_media":0,"parent":0,"menu_order":0,"comment_status":"closed","ping_status":"closed","template":"archive-dealer.php","meta":{"_acf_changed":false,"footnotes":""},"class_list":["post-5547","page","type-page","status-publish","hentry"],"acf":[],"yoast_head":"<!-- This site is optimized with the Yoast SEO plugin v26.1 - https:\/\/yoast.com\/wordpress\/plugins\/seo\/ -->\n<title>Find en System Audio forhandler | Oplev lyden n\u00e6r dig<\/title>\n<meta name=\"description\" content=\"Her er en oversigt over alle autoriserede System Audio forhandlere. Find den butik, der er t\u00e6ttest p\u00e5 dig, og f\u00e5 ekspertvejledning til dit n\u00e6ste k\u00f8b.\" \/>\n<meta name=\"robots\" content=\"index, follow, max-snippet:-1, max-image-preview:large, max-video-preview:-1\" \/>\n<link rel=\"canonical\" href=\"https:\/\/system-audio.com\/da\/dealers\/\" \/>\n<meta property=\"og:locale\" content=\"da_DK\" \/>\n<meta property=\"og:type\" content=\"article\" \/>\n<meta property=\"og:title\" content=\"Find en System Audio forhandler | Oplev lyden n\u00e6r dig\" \/>\n<meta property=\"og:description\" content=\"Her er en oversigt over alle autoriserede System Audio forhandlere. Find den butik, der er t\u00e6ttest p\u00e5 dig, og f\u00e5 ekspertvejledning til dit n\u00e6ste k\u00f8b.\" \/>\n<meta property=\"og:url\" content=\"https:\/\/system-audio.com\/da\/dealers\/\" \/>\n<meta property=\"og:site_name\" content=\"System Audio\" \/>\n<meta property=\"article:modified_time\" content=\"2025-10-13T08:56:53+00:00\" \/>\n<meta name=\"twitter:card\" content=\"summary_large_image\" \/>\n<script type=\"application\/ld+json\" class=\"yoast-schema-graph\">{\"@context\":\"https:\/\/schema.org\",\"@graph\":[{\"@type\":\"WebPage\",\"@id\":\"https:\/\/system-audio.com\/da\/dealers\/\",\"url\":\"https:\/\/system-audio.com\/da\/dealers\/\",\"name\":\"Find en System Audio forhandler | Oplev lyden n\u00e6r dig\",\"isPartOf\":{\"@id\":\"https:\/\/system-audio.com\/#website\"},\"datePublished\":\"2025-02-24T09:57:26+00:00\",\"dateModified\":\"2025-10-13T08:56:53+00:00\",\"description\":\"Her er en oversigt over alle autoriserede System Audio forhandlere. Find den butik, der er t\u00e6ttest p\u00e5 dig, og f\u00e5 ekspertvejledning til dit n\u00e6ste k\u00f8b.\",\"breadcrumb\":{\"@id\":\"https:\/\/system-audio.com\/da\/dealers\/#breadcrumb\"},\"inLanguage\":\"da-DK\",\"potentialAction\":[{\"@type\":\"ReadAction\",\"target\":[\"https:\/\/system-audio.com\/da\/dealers\/\"]}]},{\"@type\":\"BreadcrumbList\",\"@id\":\"https:\/\/system-audio.com\/da\/dealers\/#breadcrumb\",\"itemListElement\":[{\"@type\":\"ListItem\",\"position\":1,\"name\":\"Home\",\"item\":\"https:\/\/system-audio.com\/da\/\"},{\"@type\":\"ListItem\",\"position\":2,\"name\":\"Forhandlere\"}]},{\"@type\":\"WebSite\",\"@id\":\"https:\/\/system-audio.com\/#website\",\"url\":\"https:\/\/system-audio.com\/\",\"name\":\"System Audio\",\"description\":\"\",\"potentialAction\":[{\"@type\":\"SearchAction\",\"target\":{\"@type\":\"EntryPoint\",\"urlTemplate\":\"https:\/\/system-audio.com\/?s={search_term_string}\"},\"query-input\":{\"@type\":\"PropertyValueSpecification\",\"valueRequired\":true,\"valueName\":\"search_term_string\"}}],\"inLanguage\":\"da-DK\"}]}<\/script>\n<!-- \/ Yoast SEO plugin. -->","yoast_head_json":{"title":"Find en System Audio forhandler | Oplev lyden n\u00e6r dig","description":"Her er en oversigt over alle autoriserede System Audio forhandlere. Find den butik, der er t\u00e6ttest p\u00e5 dig, og f\u00e5 ekspertvejledning til dit n\u00e6ste k\u00f8b.","robots":{"index":"index","follow":"follow","max-snippet":"max-snippet:-1","max-image-preview":"max-image-preview:large","max-video-preview":"max-video-preview:-1"},"canonical":"https:\/\/system-audio.com\/da\/dealers\/","og_locale":"da_DK","og_type":"article","og_title":"Find en System Audio forhandler | Oplev lyden n\u00e6r dig","og_description":"Her er en oversigt over alle autoriserede System Audio forhandlere. Find den butik, der er t\u00e6ttest p\u00e5 dig, og f\u00e5 ekspertvejledning til dit n\u00e6ste k\u00f8b.","og_url":"https:\/\/system-audio.com\/da\/dealers\/","og_site_name":"System Audio","article_modified_time":"2025-10-13T08:56:53+00:00","twitter_card":"summary_large_image","schema":{"@context":"https:\/\/schema.org","@graph":[{"@type":"WebPage","@id":"https:\/\/system-audio.com\/da\/dealers\/","url":"https:\/\/system-audio.com\/da\/dealers\/","name":"Find en System Audio forhandler | Oplev lyden n\u00e6r dig","isPartOf":{"@id":"https:\/\/system-audio.com\/#website"},"datePublished":"2025-02-24T09:57:26+00:00","dateModified":"2025-10-13T08:56:53+00:00","description":"Her er en oversigt over alle autoriserede System Audio forhandlere. Find den butik, der er t\u00e6ttest p\u00e5 dig, og f\u00e5 ekspertvejledning til dit n\u00e6ste k\u00f8b.","breadcrumb":{"@id":"https:\/\/system-audio.com\/da\/dealers\/#breadcrumb"},"inLanguage":"da-DK","potentialAction":[{"@type":"ReadAction","target":["https:\/\/system-audio.com\/da\/dealers\/"]}]},{"@type":"BreadcrumbList","@id":"https:\/\/system-audio.com\/da\/dealers\/#breadcrumb","itemListElement":[{"@type":"ListItem","position":1,"name":"Home","item":"https:\/\/system-audio.com\/da\/"},{"@type":"ListItem","position":2,"name":"Forhandlere"}]},{"@type":"WebSite","@id":"https:\/\/system-audio.com\/#website","url":"https:\/\/system-audio.com\/","name":"System Audio","description":"","potentialAction":[{"@type":"SearchAction","target":{"@type":"EntryPoint","urlTemplate":"https:\/\/system-audio.com\/?s={search_term_string}"},"query-input":{"@type":"PropertyValueSpecification","valueRequired":true,"valueName":"search_term_string"}}],"inLanguage":"da-DK"}]}},"_links":{"self":[{"href":"https:\/\/system-audio.com\/da\/wp-json\/wp\/v2\/pages\/5547","targetHints":{"allow":["GET"]}}],"collection":[{"href":"https:\/\/system-audio.com\/da\/wp-json\/wp\/v2\/pages"}],"about":[{"href":"https:\/\/system-audio.com\/da\/wp-json\/wp\/v2\/types\/page"}],"author":[{"embeddable":true,"href":"https:\/\/system-audio.com\/da\/wp-json\/wp\/v2\/users\/1"}],"replies":[{"embeddable":true,"href":"https:\/\/system-audio.com\/da\/wp-json\/wp\/v2\/comments?post=5547"}],"version-history":[{"count":4,"href":"https:\/\/system-audio.com\/da\/wp-json\/wp\/v2\/pages\/5547\/revisions"}],"predecessor-version":[{"id":7523,"href":"https:\/\/system-audio.com\/da\/wp-json\/wp\/v2\/pages\/5547\/revisions\/7523"}],"wp:attachment":[{"href":"https:\/\/system-audio.com\/da\/wp-json\/wp\/v2\/media?parent=5547"}],"curies":[{"name":"wp","href":"https:\/\/api.w.org\/{rel}","templated":true}]}}