{"id":15509,"date":"2026-03-04T10:32:17","date_gmt":"2026-03-04T09:32:17","guid":{"rendered":"https:\/\/system-audio.com\/?page_id=15509"},"modified":"2026-03-20T06:59:59","modified_gmt":"2026-03-20T05:59:59","slug":"silverback-afstandsindstilling","status":"publish","type":"page","link":"https:\/\/system-audio.com\/da\/silverback-afstandsindstilling\/","title":{"rendered":"45-dages emailflow 3: F\u00e5 lyden til at falde helt p\u00e5 plads"},"content":{"rendered":"","protected":false},"excerpt":{"rendered":"","protected":false},"author":58,"featured_media":0,"parent":0,"menu_order":0,"comment_status":"closed","ping_status":"closed","template":"","meta":{"_acf_changed":false,"footnotes":""},"class_list":["post-15509","page","type-page","status-publish","hentry"],"acf":[],"yoast_head":"<!-- This site is optimized with the Yoast SEO plugin v26.1 - https:\/\/yoast.com\/wordpress\/plugins\/seo\/ -->\n<title>Silverback afstandsindstilling | F\u00e5 perfekt timing i SA Cockpit<\/title>\n<meta name=\"description\" content=\"L\u00e6r hvordan du indstiller afstanden mellem Silverback-h\u00f8jtalerne i SA Cockpit. F\u00e5 bedre timing, klarere vokaler og et mere pr\u00e6cist lydbillede.\" \/>\n<meta name=\"robots\" content=\"index, follow, max-snippet:-1, max-image-preview:large, max-video-preview:-1\" \/>\n<link rel=\"canonical\" href=\"https:\/\/system-audio.com\/da\/silverback-afstandsindstilling\/\" \/>\n<meta property=\"og:locale\" content=\"da_DK\" \/>\n<meta property=\"og:type\" content=\"article\" \/>\n<meta property=\"og:title\" content=\"Silverback afstandsindstilling | F\u00e5 perfekt timing i SA Cockpit\" \/>\n<meta property=\"og:description\" content=\"L\u00e6r hvordan du indstiller afstanden mellem Silverback-h\u00f8jtalerne i SA Cockpit. F\u00e5 bedre timing, klarere vokaler og et mere pr\u00e6cist lydbillede.\" \/>\n<meta property=\"og:url\" content=\"https:\/\/system-audio.com\/da\/silverback-afstandsindstilling\/\" \/>\n<meta property=\"og:site_name\" content=\"System Audio\" \/>\n<meta property=\"article:modified_time\" content=\"2026-03-20T05:59:59+00:00\" \/>\n<meta name=\"twitter:card\" content=\"summary_large_image\" \/>\n<script type=\"application\/ld+json\" class=\"yoast-schema-graph\">{\"@context\":\"https:\/\/schema.org\",\"@graph\":[{\"@type\":\"WebPage\",\"@id\":\"https:\/\/system-audio.com\/da\/silverback-afstandsindstilling\/\",\"url\":\"https:\/\/system-audio.com\/da\/silverback-afstandsindstilling\/\",\"name\":\"Silverback afstandsindstilling | F\u00e5 perfekt timing i SA Cockpit\",\"isPartOf\":{\"@id\":\"https:\/\/system-audio.com\/#website\"},\"datePublished\":\"2026-03-04T09:32:17+00:00\",\"dateModified\":\"2026-03-20T05:59:59+00:00\",\"description\":\"L\u00e6r hvordan du indstiller afstanden mellem Silverback-h\u00f8jtalerne i SA Cockpit. F\u00e5 bedre timing, klarere vokaler og et mere pr\u00e6cist lydbillede.\",\"breadcrumb\":{\"@id\":\"https:\/\/system-audio.com\/da\/silverback-afstandsindstilling\/#breadcrumb\"},\"inLanguage\":\"da-DK\",\"potentialAction\":[{\"@type\":\"ReadAction\",\"target\":[\"https:\/\/system-audio.com\/da\/silverback-afstandsindstilling\/\"]}]},{\"@type\":\"BreadcrumbList\",\"@id\":\"https:\/\/system-audio.com\/da\/silverback-afstandsindstilling\/#breadcrumb\",\"itemListElement\":[{\"@type\":\"ListItem\",\"position\":1,\"name\":\"Home\",\"item\":\"https:\/\/system-audio.com\/da\/\"},{\"@type\":\"ListItem\",\"position\":2,\"name\":\"45-dages emailflow 3: F\u00e5 lyden til at falde helt p\u00e5 plads\"}]},{\"@type\":\"WebSite\",\"@id\":\"https:\/\/system-audio.com\/#website\",\"url\":\"https:\/\/system-audio.com\/\",\"name\":\"System Audio\",\"description\":\"\",\"potentialAction\":[{\"@type\":\"SearchAction\",\"target\":{\"@type\":\"EntryPoint\",\"urlTemplate\":\"https:\/\/system-audio.com\/?s={search_term_string}\"},\"query-input\":{\"@type\":\"PropertyValueSpecification\",\"valueRequired\":true,\"valueName\":\"search_term_string\"}}],\"inLanguage\":\"da-DK\"}]}<\/script>\n<!-- \/ Yoast SEO plugin. -->","yoast_head_json":{"title":"Silverback afstandsindstilling | F\u00e5 perfekt timing i SA Cockpit","description":"L\u00e6r hvordan du indstiller afstanden mellem Silverback-h\u00f8jtalerne i SA Cockpit. F\u00e5 bedre timing, klarere vokaler og et mere pr\u00e6cist lydbillede.","robots":{"index":"index","follow":"follow","max-snippet":"max-snippet:-1","max-image-preview":"max-image-preview:large","max-video-preview":"max-video-preview:-1"},"canonical":"https:\/\/system-audio.com\/da\/silverback-afstandsindstilling\/","og_locale":"da_DK","og_type":"article","og_title":"Silverback afstandsindstilling | F\u00e5 perfekt timing i SA Cockpit","og_description":"L\u00e6r hvordan du indstiller afstanden mellem Silverback-h\u00f8jtalerne i SA Cockpit. F\u00e5 bedre timing, klarere vokaler og et mere pr\u00e6cist lydbillede.","og_url":"https:\/\/system-audio.com\/da\/silverback-afstandsindstilling\/","og_site_name":"System Audio","article_modified_time":"2026-03-20T05:59:59+00:00","twitter_card":"summary_large_image","schema":{"@context":"https:\/\/schema.org","@graph":[{"@type":"WebPage","@id":"https:\/\/system-audio.com\/da\/silverback-afstandsindstilling\/","url":"https:\/\/system-audio.com\/da\/silverback-afstandsindstilling\/","name":"Silverback afstandsindstilling | F\u00e5 perfekt timing i SA Cockpit","isPartOf":{"@id":"https:\/\/system-audio.com\/#website"},"datePublished":"2026-03-04T09:32:17+00:00","dateModified":"2026-03-20T05:59:59+00:00","description":"L\u00e6r hvordan du indstiller afstanden mellem Silverback-h\u00f8jtalerne i SA Cockpit. F\u00e5 bedre timing, klarere vokaler og et mere pr\u00e6cist lydbillede.","breadcrumb":{"@id":"https:\/\/system-audio.com\/da\/silverback-afstandsindstilling\/#breadcrumb"},"inLanguage":"da-DK","potentialAction":[{"@type":"ReadAction","target":["https:\/\/system-audio.com\/da\/silverback-afstandsindstilling\/"]}]},{"@type":"BreadcrumbList","@id":"https:\/\/system-audio.com\/da\/silverback-afstandsindstilling\/#breadcrumb","itemListElement":[{"@type":"ListItem","position":1,"name":"Home","item":"https:\/\/system-audio.com\/da\/"},{"@type":"ListItem","position":2,"name":"45-dages emailflow 3: F\u00e5 lyden til at falde helt p\u00e5 plads"}]},{"@type":"WebSite","@id":"https:\/\/system-audio.com\/#website","url":"https:\/\/system-audio.com\/","name":"System Audio","description":"","potentialAction":[{"@type":"SearchAction","target":{"@type":"EntryPoint","urlTemplate":"https:\/\/system-audio.com\/?s={search_term_string}"},"query-input":{"@type":"PropertyValueSpecification","valueRequired":true,"valueName":"search_term_string"}}],"inLanguage":"da-DK"}]}},"_links":{"self":[{"href":"https:\/\/system-audio.com\/da\/wp-json\/wp\/v2\/pages\/15509","targetHints":{"allow":["GET"]}}],"collection":[{"href":"https:\/\/system-audio.com\/da\/wp-json\/wp\/v2\/pages"}],"about":[{"href":"https:\/\/system-audio.com\/da\/wp-json\/wp\/v2\/types\/page"}],"author":[{"embeddable":true,"href":"https:\/\/system-audio.com\/da\/wp-json\/wp\/v2\/users\/58"}],"replies":[{"embeddable":true,"href":"https:\/\/system-audio.com\/da\/wp-json\/wp\/v2\/comments?post=15509"}],"version-history":[{"count":5,"href":"https:\/\/system-audio.com\/da\/wp-json\/wp\/v2\/pages\/15509\/revisions"}],"predecessor-version":[{"id":15855,"href":"https:\/\/system-audio.com\/da\/wp-json\/wp\/v2\/pages\/15509\/revisions\/15855"}],"wp:attachment":[{"href":"https:\/\/system-audio.com\/da\/wp-json\/wp\/v2\/media?parent=15509"}],"curies":[{"name":"wp","href":"https:\/\/api.w.org\/{rel}","templated":true}]}}