{"id":15488,"date":"2026-03-04T10:20:16","date_gmt":"2026-03-04T09:20:16","guid":{"rendered":"https:\/\/system-audio.com\/?page_id=15488"},"modified":"2026-03-20T07:22:14","modified_gmt":"2026-03-20T06:22:14","slug":"silverback-rumkorrektion-room-service","status":"publish","type":"page","link":"https:\/\/system-audio.com\/da\/silverback-rumkorrektion-room-service\/","title":{"rendered":"45-dages emailflow 2: Nu er dit system klar til at lyde endnu bedre"},"content":{"rendered":"","protected":false},"excerpt":{"rendered":"","protected":false},"author":58,"featured_media":0,"parent":0,"menu_order":0,"comment_status":"closed","ping_status":"closed","template":"","meta":{"_acf_changed":false,"footnotes":""},"class_list":["post-15488","page","type-page","status-publish","hentry"],"acf":[],"yoast_head":"<!-- This site is optimized with the Yoast SEO plugin v26.1 - https:\/\/yoast.com\/wordpress\/plugins\/seo\/ -->\n<title>Silverback rumkorrektion | Guide til Room Service i SA Cockpit<\/title>\n<meta name=\"description\" content=\"L\u00e6r hvordan du forbedrer lyden i dit Silverback-system med Room Service i SA Cockpit. F\u00e5 mere pr\u00e6cis bas, klarere vokaler og bedre balance.\" \/>\n<meta name=\"robots\" content=\"index, follow, max-snippet:-1, max-image-preview:large, max-video-preview:-1\" \/>\n<link rel=\"canonical\" href=\"https:\/\/system-audio.com\/da\/silverback-rumkorrektion-room-service\/\" \/>\n<meta property=\"og:locale\" content=\"da_DK\" \/>\n<meta property=\"og:type\" content=\"article\" \/>\n<meta property=\"og:title\" content=\"Silverback rumkorrektion | Guide til Room Service i SA Cockpit\" \/>\n<meta property=\"og:description\" content=\"L\u00e6r hvordan du forbedrer lyden i dit Silverback-system med Room Service i SA Cockpit. F\u00e5 mere pr\u00e6cis bas, klarere vokaler og bedre balance.\" \/>\n<meta property=\"og:url\" content=\"https:\/\/system-audio.com\/da\/silverback-rumkorrektion-room-service\/\" \/>\n<meta property=\"og:site_name\" content=\"System Audio\" \/>\n<meta property=\"article:modified_time\" content=\"2026-03-20T06:22:14+00:00\" \/>\n<meta name=\"twitter:card\" content=\"summary_large_image\" \/>\n<script type=\"application\/ld+json\" class=\"yoast-schema-graph\">{\"@context\":\"https:\/\/schema.org\",\"@graph\":[{\"@type\":\"WebPage\",\"@id\":\"https:\/\/system-audio.com\/da\/silverback-rumkorrektion-room-service\/\",\"url\":\"https:\/\/system-audio.com\/da\/silverback-rumkorrektion-room-service\/\",\"name\":\"Silverback rumkorrektion | Guide til Room Service i SA Cockpit\",\"isPartOf\":{\"@id\":\"https:\/\/system-audio.com\/#website\"},\"datePublished\":\"2026-03-04T09:20:16+00:00\",\"dateModified\":\"2026-03-20T06:22:14+00:00\",\"description\":\"L\u00e6r hvordan du forbedrer lyden i dit Silverback-system med Room Service i SA Cockpit. F\u00e5 mere pr\u00e6cis bas, klarere vokaler og bedre balance.\",\"breadcrumb\":{\"@id\":\"https:\/\/system-audio.com\/da\/silverback-rumkorrektion-room-service\/#breadcrumb\"},\"inLanguage\":\"da-DK\",\"potentialAction\":[{\"@type\":\"ReadAction\",\"target\":[\"https:\/\/system-audio.com\/da\/silverback-rumkorrektion-room-service\/\"]}]},{\"@type\":\"BreadcrumbList\",\"@id\":\"https:\/\/system-audio.com\/da\/silverback-rumkorrektion-room-service\/#breadcrumb\",\"itemListElement\":[{\"@type\":\"ListItem\",\"position\":1,\"name\":\"Home\",\"item\":\"https:\/\/system-audio.com\/da\/\"},{\"@type\":\"ListItem\",\"position\":2,\"name\":\"45-dages emailflow 2: Nu er dit system klar til at lyde endnu bedre\"}]},{\"@type\":\"WebSite\",\"@id\":\"https:\/\/system-audio.com\/#website\",\"url\":\"https:\/\/system-audio.com\/\",\"name\":\"System Audio\",\"description\":\"\",\"potentialAction\":[{\"@type\":\"SearchAction\",\"target\":{\"@type\":\"EntryPoint\",\"urlTemplate\":\"https:\/\/system-audio.com\/?s={search_term_string}\"},\"query-input\":{\"@type\":\"PropertyValueSpecification\",\"valueRequired\":true,\"valueName\":\"search_term_string\"}}],\"inLanguage\":\"da-DK\"}]}<\/script>\n<!-- \/ Yoast SEO plugin. -->","yoast_head_json":{"title":"Silverback rumkorrektion | Guide til Room Service i SA Cockpit","description":"L\u00e6r hvordan du forbedrer lyden i dit Silverback-system med Room Service i SA Cockpit. F\u00e5 mere pr\u00e6cis bas, klarere vokaler og bedre balance.","robots":{"index":"index","follow":"follow","max-snippet":"max-snippet:-1","max-image-preview":"max-image-preview:large","max-video-preview":"max-video-preview:-1"},"canonical":"https:\/\/system-audio.com\/da\/silverback-rumkorrektion-room-service\/","og_locale":"da_DK","og_type":"article","og_title":"Silverback rumkorrektion | Guide til Room Service i SA Cockpit","og_description":"L\u00e6r hvordan du forbedrer lyden i dit Silverback-system med Room Service i SA Cockpit. F\u00e5 mere pr\u00e6cis bas, klarere vokaler og bedre balance.","og_url":"https:\/\/system-audio.com\/da\/silverback-rumkorrektion-room-service\/","og_site_name":"System Audio","article_modified_time":"2026-03-20T06:22:14+00:00","twitter_card":"summary_large_image","schema":{"@context":"https:\/\/schema.org","@graph":[{"@type":"WebPage","@id":"https:\/\/system-audio.com\/da\/silverback-rumkorrektion-room-service\/","url":"https:\/\/system-audio.com\/da\/silverback-rumkorrektion-room-service\/","name":"Silverback rumkorrektion | Guide til Room Service i SA Cockpit","isPartOf":{"@id":"https:\/\/system-audio.com\/#website"},"datePublished":"2026-03-04T09:20:16+00:00","dateModified":"2026-03-20T06:22:14+00:00","description":"L\u00e6r hvordan du forbedrer lyden i dit Silverback-system med Room Service i SA Cockpit. F\u00e5 mere pr\u00e6cis bas, klarere vokaler og bedre balance.","breadcrumb":{"@id":"https:\/\/system-audio.com\/da\/silverback-rumkorrektion-room-service\/#breadcrumb"},"inLanguage":"da-DK","potentialAction":[{"@type":"ReadAction","target":["https:\/\/system-audio.com\/da\/silverback-rumkorrektion-room-service\/"]}]},{"@type":"BreadcrumbList","@id":"https:\/\/system-audio.com\/da\/silverback-rumkorrektion-room-service\/#breadcrumb","itemListElement":[{"@type":"ListItem","position":1,"name":"Home","item":"https:\/\/system-audio.com\/da\/"},{"@type":"ListItem","position":2,"name":"45-dages emailflow 2: Nu er dit system klar til at lyde endnu bedre"}]},{"@type":"WebSite","@id":"https:\/\/system-audio.com\/#website","url":"https:\/\/system-audio.com\/","name":"System Audio","description":"","potentialAction":[{"@type":"SearchAction","target":{"@type":"EntryPoint","urlTemplate":"https:\/\/system-audio.com\/?s={search_term_string}"},"query-input":{"@type":"PropertyValueSpecification","valueRequired":true,"valueName":"search_term_string"}}],"inLanguage":"da-DK"}]}},"_links":{"self":[{"href":"https:\/\/system-audio.com\/da\/wp-json\/wp\/v2\/pages\/15488","targetHints":{"allow":["GET"]}}],"collection":[{"href":"https:\/\/system-audio.com\/da\/wp-json\/wp\/v2\/pages"}],"about":[{"href":"https:\/\/system-audio.com\/da\/wp-json\/wp\/v2\/types\/page"}],"author":[{"embeddable":true,"href":"https:\/\/system-audio.com\/da\/wp-json\/wp\/v2\/users\/58"}],"replies":[{"embeddable":true,"href":"https:\/\/system-audio.com\/da\/wp-json\/wp\/v2\/comments?post=15488"}],"version-history":[{"count":12,"href":"https:\/\/system-audio.com\/da\/wp-json\/wp\/v2\/pages\/15488\/revisions"}],"predecessor-version":[{"id":15878,"href":"https:\/\/system-audio.com\/da\/wp-json\/wp\/v2\/pages\/15488\/revisions\/15878"}],"wp:attachment":[{"href":"https:\/\/system-audio.com\/da\/wp-json\/wp\/v2\/media?parent=15488"}],"curies":[{"name":"wp","href":"https:\/\/api.w.org\/{rel}","templated":true}]}}