{"id":15320,"date":"2025-11-12T09:04:23","date_gmt":"2025-11-12T08:04:23","guid":{"rendered":"https:\/\/system-audio.com\/?page_id=15320"},"modified":"2026-03-02T10:43:02","modified_gmt":"2026-03-02T09:43:02","slug":"reviews-and-awards","status":"publish","type":"page","link":"https:\/\/system-audio.com\/da\/reviews-and-awards\/","title":{"rendered":"Reviews and Awards"},"content":{"rendered":"","protected":false},"excerpt":{"rendered":"","protected":false},"author":1,"featured_media":0,"parent":0,"menu_order":0,"comment_status":"closed","ping_status":"closed","template":"archive-review-or-award.php","meta":{"_acf_changed":false,"footnotes":""},"class_list":["post-15320","page","type-page","status-publish","hentry"],"acf":[],"yoast_head":"<!-- This site is optimized with the Yoast SEO plugin v26.1 - https:\/\/yoast.com\/wordpress\/plugins\/seo\/ -->\n<title>Anmeldelser &amp; Awards | Se hvad eksperterne siger | System Audio<\/title>\n<meta name=\"description\" content=\"Udforsk de nyeste anmeldelser og priser. Se hvorfor eksperterne k\u00e5rer vores h\u00f8jttalere som testvindere i b\u00e5de ind- og udland. L\u00e6s mere her.\" \/>\n<meta name=\"robots\" content=\"index, follow, max-snippet:-1, max-image-preview:large, max-video-preview:-1\" \/>\n<link rel=\"canonical\" href=\"https:\/\/system-audio.com\/da\/reviews-and-awards\/\" \/>\n<meta property=\"og:locale\" content=\"da_DK\" \/>\n<meta property=\"og:type\" content=\"article\" \/>\n<meta property=\"og:title\" content=\"Anmeldelser &amp; Awards | Se hvad eksperterne siger | System Audio\" \/>\n<meta property=\"og:description\" content=\"Udforsk de nyeste anmeldelser og priser. Se hvorfor eksperterne k\u00e5rer vores h\u00f8jttalere som testvindere i b\u00e5de ind- og udland. L\u00e6s mere her.\" \/>\n<meta property=\"og:url\" content=\"https:\/\/system-audio.com\/da\/reviews-and-awards\/\" \/>\n<meta property=\"og:site_name\" content=\"System Audio\" \/>\n<meta property=\"article:modified_time\" content=\"2026-03-02T09:43:02+00:00\" \/>\n<meta name=\"twitter:card\" content=\"summary_large_image\" \/>\n<script type=\"application\/ld+json\" class=\"yoast-schema-graph\">{\"@context\":\"https:\/\/schema.org\",\"@graph\":[{\"@type\":\"WebPage\",\"@id\":\"https:\/\/system-audio.com\/da\/reviews-and-awards\/\",\"url\":\"https:\/\/system-audio.com\/da\/reviews-and-awards\/\",\"name\":\"Anmeldelser & Awards | Se hvad eksperterne siger | System Audio\",\"isPartOf\":{\"@id\":\"https:\/\/system-audio.com\/#website\"},\"datePublished\":\"2025-11-12T08:04:23+00:00\",\"dateModified\":\"2026-03-02T09:43:02+00:00\",\"description\":\"Udforsk de nyeste anmeldelser og priser. Se hvorfor eksperterne k\u00e5rer vores h\u00f8jttalere som testvindere i b\u00e5de ind- og udland. L\u00e6s mere her.\",\"breadcrumb\":{\"@id\":\"https:\/\/system-audio.com\/da\/reviews-and-awards\/#breadcrumb\"},\"inLanguage\":\"da-DK\",\"potentialAction\":[{\"@type\":\"ReadAction\",\"target\":[\"https:\/\/system-audio.com\/da\/reviews-and-awards\/\"]}]},{\"@type\":\"BreadcrumbList\",\"@id\":\"https:\/\/system-audio.com\/da\/reviews-and-awards\/#breadcrumb\",\"itemListElement\":[{\"@type\":\"ListItem\",\"position\":1,\"name\":\"Home\",\"item\":\"https:\/\/system-audio.com\/da\/\"},{\"@type\":\"ListItem\",\"position\":2,\"name\":\"Reviews and Awards\"}]},{\"@type\":\"WebSite\",\"@id\":\"https:\/\/system-audio.com\/#website\",\"url\":\"https:\/\/system-audio.com\/\",\"name\":\"System Audio\",\"description\":\"\",\"potentialAction\":[{\"@type\":\"SearchAction\",\"target\":{\"@type\":\"EntryPoint\",\"urlTemplate\":\"https:\/\/system-audio.com\/?s={search_term_string}\"},\"query-input\":{\"@type\":\"PropertyValueSpecification\",\"valueRequired\":true,\"valueName\":\"search_term_string\"}}],\"inLanguage\":\"da-DK\"}]}<\/script>\n<!-- \/ Yoast SEO plugin. -->","yoast_head_json":{"title":"Anmeldelser & Awards | Se hvad eksperterne siger | System Audio","description":"Udforsk de nyeste anmeldelser og priser. Se hvorfor eksperterne k\u00e5rer vores h\u00f8jttalere som testvindere i b\u00e5de ind- og udland. L\u00e6s mere her.","robots":{"index":"index","follow":"follow","max-snippet":"max-snippet:-1","max-image-preview":"max-image-preview:large","max-video-preview":"max-video-preview:-1"},"canonical":"https:\/\/system-audio.com\/da\/reviews-and-awards\/","og_locale":"da_DK","og_type":"article","og_title":"Anmeldelser & Awards | Se hvad eksperterne siger | System Audio","og_description":"Udforsk de nyeste anmeldelser og priser. Se hvorfor eksperterne k\u00e5rer vores h\u00f8jttalere som testvindere i b\u00e5de ind- og udland. L\u00e6s mere her.","og_url":"https:\/\/system-audio.com\/da\/reviews-and-awards\/","og_site_name":"System Audio","article_modified_time":"2026-03-02T09:43:02+00:00","twitter_card":"summary_large_image","schema":{"@context":"https:\/\/schema.org","@graph":[{"@type":"WebPage","@id":"https:\/\/system-audio.com\/da\/reviews-and-awards\/","url":"https:\/\/system-audio.com\/da\/reviews-and-awards\/","name":"Anmeldelser & Awards | Se hvad eksperterne siger | System Audio","isPartOf":{"@id":"https:\/\/system-audio.com\/#website"},"datePublished":"2025-11-12T08:04:23+00:00","dateModified":"2026-03-02T09:43:02+00:00","description":"Udforsk de nyeste anmeldelser og priser. Se hvorfor eksperterne k\u00e5rer vores h\u00f8jttalere som testvindere i b\u00e5de ind- og udland. L\u00e6s mere her.","breadcrumb":{"@id":"https:\/\/system-audio.com\/da\/reviews-and-awards\/#breadcrumb"},"inLanguage":"da-DK","potentialAction":[{"@type":"ReadAction","target":["https:\/\/system-audio.com\/da\/reviews-and-awards\/"]}]},{"@type":"BreadcrumbList","@id":"https:\/\/system-audio.com\/da\/reviews-and-awards\/#breadcrumb","itemListElement":[{"@type":"ListItem","position":1,"name":"Home","item":"https:\/\/system-audio.com\/da\/"},{"@type":"ListItem","position":2,"name":"Reviews and Awards"}]},{"@type":"WebSite","@id":"https:\/\/system-audio.com\/#website","url":"https:\/\/system-audio.com\/","name":"System Audio","description":"","potentialAction":[{"@type":"SearchAction","target":{"@type":"EntryPoint","urlTemplate":"https:\/\/system-audio.com\/?s={search_term_string}"},"query-input":{"@type":"PropertyValueSpecification","valueRequired":true,"valueName":"search_term_string"}}],"inLanguage":"da-DK"}]}},"_links":{"self":[{"href":"https:\/\/system-audio.com\/da\/wp-json\/wp\/v2\/pages\/15320","targetHints":{"allow":["GET"]}}],"collection":[{"href":"https:\/\/system-audio.com\/da\/wp-json\/wp\/v2\/pages"}],"about":[{"href":"https:\/\/system-audio.com\/da\/wp-json\/wp\/v2\/types\/page"}],"author":[{"embeddable":true,"href":"https:\/\/system-audio.com\/da\/wp-json\/wp\/v2\/users\/1"}],"replies":[{"embeddable":true,"href":"https:\/\/system-audio.com\/da\/wp-json\/wp\/v2\/comments?post=15320"}],"version-history":[{"count":1,"href":"https:\/\/system-audio.com\/da\/wp-json\/wp\/v2\/pages\/15320\/revisions"}],"predecessor-version":[{"id":15321,"href":"https:\/\/system-audio.com\/da\/wp-json\/wp\/v2\/pages\/15320\/revisions\/15321"}],"wp:attachment":[{"href":"https:\/\/system-audio.com\/da\/wp-json\/wp\/v2\/media?parent=15320"}],"curies":[{"name":"wp","href":"https:\/\/api.w.org\/{rel}","templated":true}]}}