{"id":15157,"date":"2026-02-25T15:01:43","date_gmt":"2026-02-25T14:01:43","guid":{"rendered":"https:\/\/system-audio.com\/?page_id=15157"},"modified":"2026-03-02T10:32:28","modified_gmt":"2026-03-02T09:32:28","slug":"45-dage-kampagne-i-system-audio-v-2","status":"publish","type":"page","link":"https:\/\/system-audio.com\/da\/45-dage-kampagne-i-system-audio-v-2\/","title":{"rendered":"45-dage kampagne I System Audio v. 2"},"content":{"rendered":"","protected":false},"excerpt":{"rendered":"","protected":false},"author":58,"featured_media":0,"parent":0,"menu_order":0,"comment_status":"closed","ping_status":"closed","template":"","meta":{"_acf_changed":false,"footnotes":""},"class_list":["post-15157","page","type-page","status-publish","hentry"],"acf":[],"yoast_head":"<!-- This site is optimized with the Yoast SEO plugin v26.1 - https:\/\/yoast.com\/wordpress\/plugins\/seo\/ -->\n<title>45 dages fuld returret | Pr\u00f8v System Audio hjemme<\/title>\n<meta name=\"description\" content=\"K\u00f8b trygt hos System Audio. F\u00e5 45 dages fuld returret og test dine nye h\u00f8jttalere hjemme i stuen. Vi st\u00e5r for lyden \u2013 du m\u00e6rker efter.\" \/>\n<meta name=\"robots\" content=\"index, follow, max-snippet:-1, max-image-preview:large, max-video-preview:-1\" \/>\n<link rel=\"canonical\" href=\"https:\/\/system-audio.com\/da\/45-dage-kampagne-i-system-audio-v-2\/\" \/>\n<meta property=\"og:locale\" content=\"da_DK\" \/>\n<meta property=\"og:type\" content=\"article\" \/>\n<meta property=\"og:title\" content=\"45 dages fuld returret | Pr\u00f8v System Audio hjemme\" \/>\n<meta property=\"og:description\" content=\"K\u00f8b trygt hos System Audio. F\u00e5 45 dages fuld returret og test dine nye h\u00f8jttalere hjemme i stuen. Vi st\u00e5r for lyden \u2013 du m\u00e6rker efter.\" \/>\n<meta property=\"og:url\" content=\"https:\/\/system-audio.com\/da\/45-dage-kampagne-i-system-audio-v-2\/\" \/>\n<meta property=\"og:site_name\" content=\"System Audio\" \/>\n<meta property=\"article:modified_time\" content=\"2026-03-02T09:32:28+00:00\" \/>\n<meta name=\"twitter:card\" content=\"summary_large_image\" \/>\n<script type=\"application\/ld+json\" class=\"yoast-schema-graph\">{\"@context\":\"https:\/\/schema.org\",\"@graph\":[{\"@type\":\"WebPage\",\"@id\":\"https:\/\/system-audio.com\/da\/45-dage-kampagne-i-system-audio-v-2\/\",\"url\":\"https:\/\/system-audio.com\/da\/45-dage-kampagne-i-system-audio-v-2\/\",\"name\":\"45 dages fuld returret | Pr\u00f8v System Audio hjemme\",\"isPartOf\":{\"@id\":\"https:\/\/system-audio.com\/#website\"},\"datePublished\":\"2026-02-25T14:01:43+00:00\",\"dateModified\":\"2026-03-02T09:32:28+00:00\",\"description\":\"K\u00f8b trygt hos System Audio. F\u00e5 45 dages fuld returret og test dine nye h\u00f8jttalere hjemme i stuen. Vi st\u00e5r for lyden \u2013 du m\u00e6rker efter.\",\"breadcrumb\":{\"@id\":\"https:\/\/system-audio.com\/da\/45-dage-kampagne-i-system-audio-v-2\/#breadcrumb\"},\"inLanguage\":\"da-DK\",\"potentialAction\":[{\"@type\":\"ReadAction\",\"target\":[\"https:\/\/system-audio.com\/da\/45-dage-kampagne-i-system-audio-v-2\/\"]}]},{\"@type\":\"BreadcrumbList\",\"@id\":\"https:\/\/system-audio.com\/da\/45-dage-kampagne-i-system-audio-v-2\/#breadcrumb\",\"itemListElement\":[{\"@type\":\"ListItem\",\"position\":1,\"name\":\"Home\",\"item\":\"https:\/\/system-audio.com\/da\/\"},{\"@type\":\"ListItem\",\"position\":2,\"name\":\"45-dage kampagne I System Audio v. 2\"}]},{\"@type\":\"WebSite\",\"@id\":\"https:\/\/system-audio.com\/#website\",\"url\":\"https:\/\/system-audio.com\/\",\"name\":\"System Audio\",\"description\":\"\",\"potentialAction\":[{\"@type\":\"SearchAction\",\"target\":{\"@type\":\"EntryPoint\",\"urlTemplate\":\"https:\/\/system-audio.com\/?s={search_term_string}\"},\"query-input\":{\"@type\":\"PropertyValueSpecification\",\"valueRequired\":true,\"valueName\":\"search_term_string\"}}],\"inLanguage\":\"da-DK\"}]}<\/script>\n<!-- \/ Yoast SEO plugin. -->","yoast_head_json":{"title":"45 dages fuld returret | Pr\u00f8v System Audio hjemme","description":"K\u00f8b trygt hos System Audio. F\u00e5 45 dages fuld returret og test dine nye h\u00f8jttalere hjemme i stuen. Vi st\u00e5r for lyden \u2013 du m\u00e6rker efter.","robots":{"index":"index","follow":"follow","max-snippet":"max-snippet:-1","max-image-preview":"max-image-preview:large","max-video-preview":"max-video-preview:-1"},"canonical":"https:\/\/system-audio.com\/da\/45-dage-kampagne-i-system-audio-v-2\/","og_locale":"da_DK","og_type":"article","og_title":"45 dages fuld returret | Pr\u00f8v System Audio hjemme","og_description":"K\u00f8b trygt hos System Audio. F\u00e5 45 dages fuld returret og test dine nye h\u00f8jttalere hjemme i stuen. Vi st\u00e5r for lyden \u2013 du m\u00e6rker efter.","og_url":"https:\/\/system-audio.com\/da\/45-dage-kampagne-i-system-audio-v-2\/","og_site_name":"System Audio","article_modified_time":"2026-03-02T09:32:28+00:00","twitter_card":"summary_large_image","schema":{"@context":"https:\/\/schema.org","@graph":[{"@type":"WebPage","@id":"https:\/\/system-audio.com\/da\/45-dage-kampagne-i-system-audio-v-2\/","url":"https:\/\/system-audio.com\/da\/45-dage-kampagne-i-system-audio-v-2\/","name":"45 dages fuld returret | Pr\u00f8v System Audio hjemme","isPartOf":{"@id":"https:\/\/system-audio.com\/#website"},"datePublished":"2026-02-25T14:01:43+00:00","dateModified":"2026-03-02T09:32:28+00:00","description":"K\u00f8b trygt hos System Audio. F\u00e5 45 dages fuld returret og test dine nye h\u00f8jttalere hjemme i stuen. Vi st\u00e5r for lyden \u2013 du m\u00e6rker efter.","breadcrumb":{"@id":"https:\/\/system-audio.com\/da\/45-dage-kampagne-i-system-audio-v-2\/#breadcrumb"},"inLanguage":"da-DK","potentialAction":[{"@type":"ReadAction","target":["https:\/\/system-audio.com\/da\/45-dage-kampagne-i-system-audio-v-2\/"]}]},{"@type":"BreadcrumbList","@id":"https:\/\/system-audio.com\/da\/45-dage-kampagne-i-system-audio-v-2\/#breadcrumb","itemListElement":[{"@type":"ListItem","position":1,"name":"Home","item":"https:\/\/system-audio.com\/da\/"},{"@type":"ListItem","position":2,"name":"45-dage kampagne I System Audio v. 2"}]},{"@type":"WebSite","@id":"https:\/\/system-audio.com\/#website","url":"https:\/\/system-audio.com\/","name":"System Audio","description":"","potentialAction":[{"@type":"SearchAction","target":{"@type":"EntryPoint","urlTemplate":"https:\/\/system-audio.com\/?s={search_term_string}"},"query-input":{"@type":"PropertyValueSpecification","valueRequired":true,"valueName":"search_term_string"}}],"inLanguage":"da-DK"}]}},"_links":{"self":[{"href":"https:\/\/system-audio.com\/da\/wp-json\/wp\/v2\/pages\/15157","targetHints":{"allow":["GET"]}}],"collection":[{"href":"https:\/\/system-audio.com\/da\/wp-json\/wp\/v2\/pages"}],"about":[{"href":"https:\/\/system-audio.com\/da\/wp-json\/wp\/v2\/types\/page"}],"author":[{"embeddable":true,"href":"https:\/\/system-audio.com\/da\/wp-json\/wp\/v2\/users\/58"}],"replies":[{"embeddable":true,"href":"https:\/\/system-audio.com\/da\/wp-json\/wp\/v2\/comments?post=15157"}],"version-history":[{"count":24,"href":"https:\/\/system-audio.com\/da\/wp-json\/wp\/v2\/pages\/15157\/revisions"}],"predecessor-version":[{"id":15370,"href":"https:\/\/system-audio.com\/da\/wp-json\/wp\/v2\/pages\/15157\/revisions\/15370"}],"wp:attachment":[{"href":"https:\/\/system-audio.com\/da\/wp-json\/wp\/v2\/media?parent=15157"}],"curies":[{"name":"wp","href":"https:\/\/api.w.org\/{rel}","templated":true}]}}