{"id":14984,"date":"2026-02-19T09:12:08","date_gmt":"2026-02-19T08:12:08","guid":{"rendered":"https:\/\/system-audio.com\/?page_id=14984"},"modified":"2026-03-17T16:28:53","modified_gmt":"2026-03-17T15:28:53","slug":"45-dages-kampagne-hi-fi-huset","status":"publish","type":"page","link":"https:\/\/system-audio.com\/da\/45-dages-kampagne-hi-fi-huset\/","title":{"rendered":"45-dages kampagne I Hi-Fi Huset"},"content":{"rendered":"","protected":false},"excerpt":{"rendered":"","protected":false},"author":58,"featured_media":0,"parent":0,"menu_order":0,"comment_status":"closed","ping_status":"closed","template":"","meta":{"_acf_changed":false,"footnotes":""},"class_list":["post-14984","page","type-page","status-publish","hentry"],"acf":[],"yoast_head":"<!-- This site is optimized with the Yoast SEO plugin v26.1 - https:\/\/yoast.com\/wordpress\/plugins\/seo\/ -->\n<title>Hi-Fi Huset Svendborg | System Audio forhandler<\/title>\n<meta name=\"description\" content=\"Hos Hi-Fi Huset i Svendborg finder du lyd- og billedeudstyr i h\u00f8j kvalitet samt r\u00e5dgivning, der hj\u00e6lper dig med at tr\u00e6ffe det rette valg.\" \/>\n<meta name=\"robots\" content=\"index, follow, max-snippet:-1, max-image-preview:large, max-video-preview:-1\" \/>\n<link rel=\"canonical\" href=\"https:\/\/system-audio.com\/da\/45-dages-kampagne-hi-fi-huset\/\" \/>\n<meta property=\"og:locale\" content=\"da_DK\" \/>\n<meta property=\"og:type\" content=\"article\" \/>\n<meta property=\"og:title\" content=\"Hi-Fi Huset Svendborg | System Audio forhandler\" \/>\n<meta property=\"og:description\" content=\"Hos Hi-Fi Huset i Svendborg finder du lyd- og billedeudstyr i h\u00f8j kvalitet samt r\u00e5dgivning, der hj\u00e6lper dig med at tr\u00e6ffe det rette valg.\" \/>\n<meta property=\"og:url\" content=\"https:\/\/system-audio.com\/da\/45-dages-kampagne-hi-fi-huset\/\" \/>\n<meta property=\"og:site_name\" content=\"System Audio\" \/>\n<meta property=\"article:modified_time\" content=\"2026-03-17T15:28:53+00:00\" \/>\n<meta name=\"twitter:card\" content=\"summary_large_image\" \/>\n<script type=\"application\/ld+json\" class=\"yoast-schema-graph\">{\"@context\":\"https:\/\/schema.org\",\"@graph\":[{\"@type\":\"WebPage\",\"@id\":\"https:\/\/system-audio.com\/da\/45-dages-kampagne-hi-fi-huset\/\",\"url\":\"https:\/\/system-audio.com\/da\/45-dages-kampagne-hi-fi-huset\/\",\"name\":\"Hi-Fi Huset Svendborg | System Audio forhandler\",\"isPartOf\":{\"@id\":\"https:\/\/system-audio.com\/#website\"},\"datePublished\":\"2026-02-19T08:12:08+00:00\",\"dateModified\":\"2026-03-17T15:28:53+00:00\",\"description\":\"Hos Hi-Fi Huset i Svendborg finder du lyd- og billedeudstyr i h\u00f8j kvalitet samt r\u00e5dgivning, der hj\u00e6lper dig med at tr\u00e6ffe det rette valg.\",\"breadcrumb\":{\"@id\":\"https:\/\/system-audio.com\/da\/45-dages-kampagne-hi-fi-huset\/#breadcrumb\"},\"inLanguage\":\"da-DK\",\"potentialAction\":[{\"@type\":\"ReadAction\",\"target\":[\"https:\/\/system-audio.com\/da\/45-dages-kampagne-hi-fi-huset\/\"]}]},{\"@type\":\"BreadcrumbList\",\"@id\":\"https:\/\/system-audio.com\/da\/45-dages-kampagne-hi-fi-huset\/#breadcrumb\",\"itemListElement\":[{\"@type\":\"ListItem\",\"position\":1,\"name\":\"Home\",\"item\":\"https:\/\/system-audio.com\/da\/\"},{\"@type\":\"ListItem\",\"position\":2,\"name\":\"45-dages kampagne I Hi-Fi Huset\"}]},{\"@type\":\"WebSite\",\"@id\":\"https:\/\/system-audio.com\/#website\",\"url\":\"https:\/\/system-audio.com\/\",\"name\":\"System Audio\",\"description\":\"\",\"potentialAction\":[{\"@type\":\"SearchAction\",\"target\":{\"@type\":\"EntryPoint\",\"urlTemplate\":\"https:\/\/system-audio.com\/?s={search_term_string}\"},\"query-input\":{\"@type\":\"PropertyValueSpecification\",\"valueRequired\":true,\"valueName\":\"search_term_string\"}}],\"inLanguage\":\"da-DK\"}]}<\/script>\n<!-- \/ Yoast SEO plugin. -->","yoast_head_json":{"title":"Hi-Fi Huset Svendborg | System Audio forhandler","description":"Hos Hi-Fi Huset i Svendborg finder du lyd- og billedeudstyr i h\u00f8j kvalitet samt r\u00e5dgivning, der hj\u00e6lper dig med at tr\u00e6ffe det rette valg.","robots":{"index":"index","follow":"follow","max-snippet":"max-snippet:-1","max-image-preview":"max-image-preview:large","max-video-preview":"max-video-preview:-1"},"canonical":"https:\/\/system-audio.com\/da\/45-dages-kampagne-hi-fi-huset\/","og_locale":"da_DK","og_type":"article","og_title":"Hi-Fi Huset Svendborg | System Audio forhandler","og_description":"Hos Hi-Fi Huset i Svendborg finder du lyd- og billedeudstyr i h\u00f8j kvalitet samt r\u00e5dgivning, der hj\u00e6lper dig med at tr\u00e6ffe det rette valg.","og_url":"https:\/\/system-audio.com\/da\/45-dages-kampagne-hi-fi-huset\/","og_site_name":"System Audio","article_modified_time":"2026-03-17T15:28:53+00:00","twitter_card":"summary_large_image","schema":{"@context":"https:\/\/schema.org","@graph":[{"@type":"WebPage","@id":"https:\/\/system-audio.com\/da\/45-dages-kampagne-hi-fi-huset\/","url":"https:\/\/system-audio.com\/da\/45-dages-kampagne-hi-fi-huset\/","name":"Hi-Fi Huset Svendborg | System Audio forhandler","isPartOf":{"@id":"https:\/\/system-audio.com\/#website"},"datePublished":"2026-02-19T08:12:08+00:00","dateModified":"2026-03-17T15:28:53+00:00","description":"Hos Hi-Fi Huset i Svendborg finder du lyd- og billedeudstyr i h\u00f8j kvalitet samt r\u00e5dgivning, der hj\u00e6lper dig med at tr\u00e6ffe det rette valg.","breadcrumb":{"@id":"https:\/\/system-audio.com\/da\/45-dages-kampagne-hi-fi-huset\/#breadcrumb"},"inLanguage":"da-DK","potentialAction":[{"@type":"ReadAction","target":["https:\/\/system-audio.com\/da\/45-dages-kampagne-hi-fi-huset\/"]}]},{"@type":"BreadcrumbList","@id":"https:\/\/system-audio.com\/da\/45-dages-kampagne-hi-fi-huset\/#breadcrumb","itemListElement":[{"@type":"ListItem","position":1,"name":"Home","item":"https:\/\/system-audio.com\/da\/"},{"@type":"ListItem","position":2,"name":"45-dages kampagne I Hi-Fi Huset"}]},{"@type":"WebSite","@id":"https:\/\/system-audio.com\/#website","url":"https:\/\/system-audio.com\/","name":"System Audio","description":"","potentialAction":[{"@type":"SearchAction","target":{"@type":"EntryPoint","urlTemplate":"https:\/\/system-audio.com\/?s={search_term_string}"},"query-input":{"@type":"PropertyValueSpecification","valueRequired":true,"valueName":"search_term_string"}}],"inLanguage":"da-DK"}]}},"_links":{"self":[{"href":"https:\/\/system-audio.com\/da\/wp-json\/wp\/v2\/pages\/14984","targetHints":{"allow":["GET"]}}],"collection":[{"href":"https:\/\/system-audio.com\/da\/wp-json\/wp\/v2\/pages"}],"about":[{"href":"https:\/\/system-audio.com\/da\/wp-json\/wp\/v2\/types\/page"}],"author":[{"embeddable":true,"href":"https:\/\/system-audio.com\/da\/wp-json\/wp\/v2\/users\/58"}],"replies":[{"embeddable":true,"href":"https:\/\/system-audio.com\/da\/wp-json\/wp\/v2\/comments?post=14984"}],"version-history":[{"count":13,"href":"https:\/\/system-audio.com\/da\/wp-json\/wp\/v2\/pages\/14984\/revisions"}],"predecessor-version":[{"id":15795,"href":"https:\/\/system-audio.com\/da\/wp-json\/wp\/v2\/pages\/14984\/revisions\/15795"}],"wp:attachment":[{"href":"https:\/\/system-audio.com\/da\/wp-json\/wp\/v2\/media?parent=14984"}],"curies":[{"name":"wp","href":"https:\/\/api.w.org\/{rel}","templated":true}]}}