{"id":14751,"date":"2026-02-16T09:58:48","date_gmt":"2026-02-16T08:58:48","guid":{"rendered":"https:\/\/system-audio.com\/?page_id=14751"},"modified":"2026-03-17T22:54:22","modified_gmt":"2026-03-17T21:54:22","slug":"45-dages-returret","status":"publish","type":"page","link":"https:\/\/system-audio.com\/da\/45-dages-returret\/","title":{"rendered":"45-dages kampagne I System Audio"},"content":{"rendered":"","protected":false},"excerpt":{"rendered":"","protected":false},"author":58,"featured_media":0,"parent":0,"menu_order":0,"comment_status":"closed","ping_status":"closed","template":"","meta":{"_acf_changed":false,"footnotes":""},"class_list":["post-14751","page","type-page","status-publish","hentry"],"acf":[],"yoast_head":"<!-- This site is optimized with the Yoast SEO plugin v26.1 - https:\/\/yoast.com\/wordpress\/plugins\/seo\/ -->\n<title>Pr\u00f8v h\u00f8jttalere hjemme i 45 dage | System Audio<\/title>\n<meta name=\"description\" content=\"Pr\u00f8v System Audio h\u00f8jttalere hjemme i 45 dage uden risiko. Oplev kraftfuld hi-fi lyd i dit eget rum med gratis retur.\" \/>\n<meta name=\"robots\" content=\"index, follow, max-snippet:-1, max-image-preview:large, max-video-preview:-1\" \/>\n<link rel=\"canonical\" href=\"https:\/\/system-audio.com\/da\/45-dages-returret\/\" \/>\n<meta property=\"og:locale\" content=\"da_DK\" \/>\n<meta property=\"og:type\" content=\"article\" \/>\n<meta property=\"og:title\" content=\"Pr\u00f8v h\u00f8jttalere hjemme i 45 dage | System Audio\" \/>\n<meta property=\"og:description\" content=\"Pr\u00f8v System Audio h\u00f8jttalere hjemme i 45 dage uden risiko. Oplev kraftfuld hi-fi lyd i dit eget rum med gratis retur.\" \/>\n<meta property=\"og:url\" content=\"https:\/\/system-audio.com\/da\/45-dages-returret\/\" \/>\n<meta property=\"og:site_name\" content=\"System Audio\" \/>\n<meta property=\"article:modified_time\" content=\"2026-03-17T21:54:22+00:00\" \/>\n<meta name=\"twitter:card\" content=\"summary_large_image\" \/>\n<script type=\"application\/ld+json\" class=\"yoast-schema-graph\">{\"@context\":\"https:\/\/schema.org\",\"@graph\":[{\"@type\":\"WebPage\",\"@id\":\"https:\/\/system-audio.com\/da\/45-dages-returret\/\",\"url\":\"https:\/\/system-audio.com\/da\/45-dages-returret\/\",\"name\":\"Pr\u00f8v h\u00f8jttalere hjemme i 45 dage | System Audio\",\"isPartOf\":{\"@id\":\"https:\/\/system-audio.com\/#website\"},\"datePublished\":\"2026-02-16T08:58:48+00:00\",\"dateModified\":\"2026-03-17T21:54:22+00:00\",\"description\":\"Pr\u00f8v System Audio h\u00f8jttalere hjemme i 45 dage uden risiko. Oplev kraftfuld hi-fi lyd i dit eget rum med gratis retur.\",\"breadcrumb\":{\"@id\":\"https:\/\/system-audio.com\/da\/45-dages-returret\/#breadcrumb\"},\"inLanguage\":\"da-DK\",\"potentialAction\":[{\"@type\":\"ReadAction\",\"target\":[\"https:\/\/system-audio.com\/da\/45-dages-returret\/\"]}]},{\"@type\":\"BreadcrumbList\",\"@id\":\"https:\/\/system-audio.com\/da\/45-dages-returret\/#breadcrumb\",\"itemListElement\":[{\"@type\":\"ListItem\",\"position\":1,\"name\":\"Home\",\"item\":\"https:\/\/system-audio.com\/da\/\"},{\"@type\":\"ListItem\",\"position\":2,\"name\":\"45-dages kampagne I System Audio\"}]},{\"@type\":\"WebSite\",\"@id\":\"https:\/\/system-audio.com\/#website\",\"url\":\"https:\/\/system-audio.com\/\",\"name\":\"System Audio\",\"description\":\"\",\"potentialAction\":[{\"@type\":\"SearchAction\",\"target\":{\"@type\":\"EntryPoint\",\"urlTemplate\":\"https:\/\/system-audio.com\/?s={search_term_string}\"},\"query-input\":{\"@type\":\"PropertyValueSpecification\",\"valueRequired\":true,\"valueName\":\"search_term_string\"}}],\"inLanguage\":\"da-DK\"}]}<\/script>\n<!-- \/ Yoast SEO plugin. -->","yoast_head_json":{"title":"Pr\u00f8v h\u00f8jttalere hjemme i 45 dage | System Audio","description":"Pr\u00f8v System Audio h\u00f8jttalere hjemme i 45 dage uden risiko. Oplev kraftfuld hi-fi lyd i dit eget rum med gratis retur.","robots":{"index":"index","follow":"follow","max-snippet":"max-snippet:-1","max-image-preview":"max-image-preview:large","max-video-preview":"max-video-preview:-1"},"canonical":"https:\/\/system-audio.com\/da\/45-dages-returret\/","og_locale":"da_DK","og_type":"article","og_title":"Pr\u00f8v h\u00f8jttalere hjemme i 45 dage | System Audio","og_description":"Pr\u00f8v System Audio h\u00f8jttalere hjemme i 45 dage uden risiko. Oplev kraftfuld hi-fi lyd i dit eget rum med gratis retur.","og_url":"https:\/\/system-audio.com\/da\/45-dages-returret\/","og_site_name":"System Audio","article_modified_time":"2026-03-17T21:54:22+00:00","twitter_card":"summary_large_image","schema":{"@context":"https:\/\/schema.org","@graph":[{"@type":"WebPage","@id":"https:\/\/system-audio.com\/da\/45-dages-returret\/","url":"https:\/\/system-audio.com\/da\/45-dages-returret\/","name":"Pr\u00f8v h\u00f8jttalere hjemme i 45 dage | System Audio","isPartOf":{"@id":"https:\/\/system-audio.com\/#website"},"datePublished":"2026-02-16T08:58:48+00:00","dateModified":"2026-03-17T21:54:22+00:00","description":"Pr\u00f8v System Audio h\u00f8jttalere hjemme i 45 dage uden risiko. Oplev kraftfuld hi-fi lyd i dit eget rum med gratis retur.","breadcrumb":{"@id":"https:\/\/system-audio.com\/da\/45-dages-returret\/#breadcrumb"},"inLanguage":"da-DK","potentialAction":[{"@type":"ReadAction","target":["https:\/\/system-audio.com\/da\/45-dages-returret\/"]}]},{"@type":"BreadcrumbList","@id":"https:\/\/system-audio.com\/da\/45-dages-returret\/#breadcrumb","itemListElement":[{"@type":"ListItem","position":1,"name":"Home","item":"https:\/\/system-audio.com\/da\/"},{"@type":"ListItem","position":2,"name":"45-dages kampagne I System Audio"}]},{"@type":"WebSite","@id":"https:\/\/system-audio.com\/#website","url":"https:\/\/system-audio.com\/","name":"System Audio","description":"","potentialAction":[{"@type":"SearchAction","target":{"@type":"EntryPoint","urlTemplate":"https:\/\/system-audio.com\/?s={search_term_string}"},"query-input":{"@type":"PropertyValueSpecification","valueRequired":true,"valueName":"search_term_string"}}],"inLanguage":"da-DK"}]}},"_links":{"self":[{"href":"https:\/\/system-audio.com\/da\/wp-json\/wp\/v2\/pages\/14751","targetHints":{"allow":["GET"]}}],"collection":[{"href":"https:\/\/system-audio.com\/da\/wp-json\/wp\/v2\/pages"}],"about":[{"href":"https:\/\/system-audio.com\/da\/wp-json\/wp\/v2\/types\/page"}],"author":[{"embeddable":true,"href":"https:\/\/system-audio.com\/da\/wp-json\/wp\/v2\/users\/58"}],"replies":[{"embeddable":true,"href":"https:\/\/system-audio.com\/da\/wp-json\/wp\/v2\/comments?post=14751"}],"version-history":[{"count":98,"href":"https:\/\/system-audio.com\/da\/wp-json\/wp\/v2\/pages\/14751\/revisions"}],"predecessor-version":[{"id":15801,"href":"https:\/\/system-audio.com\/da\/wp-json\/wp\/v2\/pages\/14751\/revisions\/15801"}],"wp:attachment":[{"href":"https:\/\/system-audio.com\/da\/wp-json\/wp\/v2\/media?parent=14751"}],"curies":[{"name":"wp","href":"https:\/\/api.w.org\/{rel}","templated":true}]}}