{"id":14701,"date":"2026-02-11T15:35:28","date_gmt":"2026-02-11T14:35:28","guid":{"rendered":"https:\/\/system-audio.com\/?page_id=14701"},"modified":"2026-03-02T10:33:35","modified_gmt":"2026-03-02T09:33:35","slug":"45-dage-email-flow","status":"publish","type":"page","link":"https:\/\/system-audio.com\/da\/45-dage-email-flow\/","title":{"rendered":"45-dage email-flow"},"content":{"rendered":"","protected":false},"excerpt":{"rendered":"","protected":false},"author":58,"featured_media":0,"parent":0,"menu_order":0,"comment_status":"closed","ping_status":"closed","template":"","meta":{"_acf_changed":false,"footnotes":""},"class_list":["post-14701","page","type-page","status-publish","hentry"],"acf":[],"yoast_head":"<!-- This site is optimized with the Yoast SEO plugin v26.1 - https:\/\/yoast.com\/wordpress\/plugins\/seo\/ -->\n<title>F\u00e5 mest ud af din lyd | 45 dages guide | System Audio<\/title>\n<meta name=\"description\" content=\"Tilmeld dig vores guide og f\u00e5 tips til dine nye h\u00f8jttalere. Vi hj\u00e6lper dig med ops\u00e6tning og optimering gennem hele din testperiode.\" \/>\n<meta name=\"robots\" content=\"index, follow, max-snippet:-1, max-image-preview:large, max-video-preview:-1\" \/>\n<link rel=\"canonical\" href=\"https:\/\/system-audio.com\/da\/45-dage-email-flow\/\" \/>\n<meta property=\"og:locale\" content=\"da_DK\" \/>\n<meta property=\"og:type\" content=\"article\" \/>\n<meta property=\"og:title\" content=\"F\u00e5 mest ud af din lyd | 45 dages guide | System Audio\" \/>\n<meta property=\"og:description\" content=\"Tilmeld dig vores guide og f\u00e5 tips til dine nye h\u00f8jttalere. Vi hj\u00e6lper dig med ops\u00e6tning og optimering gennem hele din testperiode.\" \/>\n<meta property=\"og:url\" content=\"https:\/\/system-audio.com\/da\/45-dage-email-flow\/\" \/>\n<meta property=\"og:site_name\" content=\"System Audio\" \/>\n<meta property=\"article:modified_time\" content=\"2026-03-02T09:33:35+00:00\" \/>\n<meta name=\"twitter:card\" content=\"summary_large_image\" \/>\n<script type=\"application\/ld+json\" class=\"yoast-schema-graph\">{\"@context\":\"https:\/\/schema.org\",\"@graph\":[{\"@type\":\"WebPage\",\"@id\":\"https:\/\/system-audio.com\/da\/45-dage-email-flow\/\",\"url\":\"https:\/\/system-audio.com\/da\/45-dage-email-flow\/\",\"name\":\"F\u00e5 mest ud af din lyd | 45 dages guide | System Audio\",\"isPartOf\":{\"@id\":\"https:\/\/system-audio.com\/#website\"},\"datePublished\":\"2026-02-11T14:35:28+00:00\",\"dateModified\":\"2026-03-02T09:33:35+00:00\",\"description\":\"Tilmeld dig vores guide og f\u00e5 tips til dine nye h\u00f8jttalere. Vi hj\u00e6lper dig med ops\u00e6tning og optimering gennem hele din testperiode.\",\"breadcrumb\":{\"@id\":\"https:\/\/system-audio.com\/da\/45-dage-email-flow\/#breadcrumb\"},\"inLanguage\":\"da-DK\",\"potentialAction\":[{\"@type\":\"ReadAction\",\"target\":[\"https:\/\/system-audio.com\/da\/45-dage-email-flow\/\"]}]},{\"@type\":\"BreadcrumbList\",\"@id\":\"https:\/\/system-audio.com\/da\/45-dage-email-flow\/#breadcrumb\",\"itemListElement\":[{\"@type\":\"ListItem\",\"position\":1,\"name\":\"Home\",\"item\":\"https:\/\/system-audio.com\/da\/\"},{\"@type\":\"ListItem\",\"position\":2,\"name\":\"45-dage email-flow\"}]},{\"@type\":\"WebSite\",\"@id\":\"https:\/\/system-audio.com\/#website\",\"url\":\"https:\/\/system-audio.com\/\",\"name\":\"System Audio\",\"description\":\"\",\"potentialAction\":[{\"@type\":\"SearchAction\",\"target\":{\"@type\":\"EntryPoint\",\"urlTemplate\":\"https:\/\/system-audio.com\/?s={search_term_string}\"},\"query-input\":{\"@type\":\"PropertyValueSpecification\",\"valueRequired\":true,\"valueName\":\"search_term_string\"}}],\"inLanguage\":\"da-DK\"}]}<\/script>\n<!-- \/ Yoast SEO plugin. -->","yoast_head_json":{"title":"F\u00e5 mest ud af din lyd | 45 dages guide | System Audio","description":"Tilmeld dig vores guide og f\u00e5 tips til dine nye h\u00f8jttalere. Vi hj\u00e6lper dig med ops\u00e6tning og optimering gennem hele din testperiode.","robots":{"index":"index","follow":"follow","max-snippet":"max-snippet:-1","max-image-preview":"max-image-preview:large","max-video-preview":"max-video-preview:-1"},"canonical":"https:\/\/system-audio.com\/da\/45-dage-email-flow\/","og_locale":"da_DK","og_type":"article","og_title":"F\u00e5 mest ud af din lyd | 45 dages guide | System Audio","og_description":"Tilmeld dig vores guide og f\u00e5 tips til dine nye h\u00f8jttalere. Vi hj\u00e6lper dig med ops\u00e6tning og optimering gennem hele din testperiode.","og_url":"https:\/\/system-audio.com\/da\/45-dage-email-flow\/","og_site_name":"System Audio","article_modified_time":"2026-03-02T09:33:35+00:00","twitter_card":"summary_large_image","schema":{"@context":"https:\/\/schema.org","@graph":[{"@type":"WebPage","@id":"https:\/\/system-audio.com\/da\/45-dage-email-flow\/","url":"https:\/\/system-audio.com\/da\/45-dage-email-flow\/","name":"F\u00e5 mest ud af din lyd | 45 dages guide | System Audio","isPartOf":{"@id":"https:\/\/system-audio.com\/#website"},"datePublished":"2026-02-11T14:35:28+00:00","dateModified":"2026-03-02T09:33:35+00:00","description":"Tilmeld dig vores guide og f\u00e5 tips til dine nye h\u00f8jttalere. Vi hj\u00e6lper dig med ops\u00e6tning og optimering gennem hele din testperiode.","breadcrumb":{"@id":"https:\/\/system-audio.com\/da\/45-dage-email-flow\/#breadcrumb"},"inLanguage":"da-DK","potentialAction":[{"@type":"ReadAction","target":["https:\/\/system-audio.com\/da\/45-dage-email-flow\/"]}]},{"@type":"BreadcrumbList","@id":"https:\/\/system-audio.com\/da\/45-dage-email-flow\/#breadcrumb","itemListElement":[{"@type":"ListItem","position":1,"name":"Home","item":"https:\/\/system-audio.com\/da\/"},{"@type":"ListItem","position":2,"name":"45-dage email-flow"}]},{"@type":"WebSite","@id":"https:\/\/system-audio.com\/#website","url":"https:\/\/system-audio.com\/","name":"System Audio","description":"","potentialAction":[{"@type":"SearchAction","target":{"@type":"EntryPoint","urlTemplate":"https:\/\/system-audio.com\/?s={search_term_string}"},"query-input":{"@type":"PropertyValueSpecification","valueRequired":true,"valueName":"search_term_string"}}],"inLanguage":"da-DK"}]}},"_links":{"self":[{"href":"https:\/\/system-audio.com\/da\/wp-json\/wp\/v2\/pages\/14701","targetHints":{"allow":["GET"]}}],"collection":[{"href":"https:\/\/system-audio.com\/da\/wp-json\/wp\/v2\/pages"}],"about":[{"href":"https:\/\/system-audio.com\/da\/wp-json\/wp\/v2\/types\/page"}],"author":[{"embeddable":true,"href":"https:\/\/system-audio.com\/da\/wp-json\/wp\/v2\/users\/58"}],"replies":[{"embeddable":true,"href":"https:\/\/system-audio.com\/da\/wp-json\/wp\/v2\/comments?post=14701"}],"version-history":[{"count":11,"href":"https:\/\/system-audio.com\/da\/wp-json\/wp\/v2\/pages\/14701\/revisions"}],"predecessor-version":[{"id":15025,"href":"https:\/\/system-audio.com\/da\/wp-json\/wp\/v2\/pages\/14701\/revisions\/15025"}],"wp:attachment":[{"href":"https:\/\/system-audio.com\/da\/wp-json\/wp\/v2\/media?parent=14701"}],"curies":[{"name":"wp","href":"https:\/\/api.w.org\/{rel}","templated":true}]}}