{"id":13617,"date":"2025-06-06T14:26:50","date_gmt":"2025-06-06T12:26:50","guid":{"rendered":"https:\/\/system-audio.com\/?page_id=13617"},"modified":"2026-01-30T15:28:32","modified_gmt":"2026-01-30T14:28:32","slug":"blocks-kablet","status":"publish","type":"page","link":"https:\/\/system-audio.com\/da\/shop\/blocks-kablet\/","title":{"rendered":"Blocks kablet"},"content":{"rendered":"","protected":false},"excerpt":{"rendered":"","protected":false},"author":58,"featured_media":0,"parent":108,"menu_order":0,"comment_status":"closed","ping_status":"closed","template":"","meta":{"_acf_changed":false,"footnotes":""},"class_list":["post-13617","page","type-page","status-publish","hentry"],"acf":[],"yoast_head":"<!-- This site is optimized with the Yoast SEO plugin v26.1 - https:\/\/yoast.com\/wordpress\/plugins\/seo\/ -->\n<title>Kablet h\u00f8jtalere - Find din n\u00e6ste kvalitetsh\u00f8jtaler hos System Audio<\/title>\n<meta name=\"description\" content=\"Signature er vores serie af kablet h\u00f8jtalere. Minimalistisk design og l\u00e6kre materialer. Mest lyd for pengene \u2013 uden at g\u00e5 p\u00e5 kompromis.\" \/>\n<meta name=\"robots\" content=\"index, follow, max-snippet:-1, max-image-preview:large, max-video-preview:-1\" \/>\n<link rel=\"canonical\" href=\"https:\/\/system-audio.com\/da\/shop\/blocks-kablet\/\" \/>\n<meta property=\"og:locale\" content=\"da_DK\" \/>\n<meta property=\"og:type\" content=\"article\" \/>\n<meta property=\"og:title\" content=\"Kablet h\u00f8jtalere - Find din n\u00e6ste kvalitetsh\u00f8jtaler hos System Audio\" \/>\n<meta property=\"og:description\" content=\"Signature er vores serie af kablet h\u00f8jtalere. Minimalistisk design og l\u00e6kre materialer. Mest lyd for pengene \u2013 uden at g\u00e5 p\u00e5 kompromis.\" \/>\n<meta property=\"og:url\" content=\"https:\/\/system-audio.com\/da\/shop\/blocks-kablet\/\" \/>\n<meta property=\"og:site_name\" content=\"System Audio\" \/>\n<meta property=\"article:modified_time\" content=\"2026-01-30T14:28:32+00:00\" \/>\n<meta name=\"twitter:card\" content=\"summary_large_image\" \/>\n<script type=\"application\/ld+json\" class=\"yoast-schema-graph\">{\"@context\":\"https:\/\/schema.org\",\"@graph\":[{\"@type\":\"WebPage\",\"@id\":\"https:\/\/system-audio.com\/da\/shop\/blocks-kablet\/\",\"url\":\"https:\/\/system-audio.com\/da\/shop\/blocks-kablet\/\",\"name\":\"Kablet h\u00f8jtalere - Find din n\u00e6ste kvalitetsh\u00f8jtaler hos System Audio\",\"isPartOf\":{\"@id\":\"https:\/\/system-audio.com\/#website\"},\"datePublished\":\"2025-06-06T12:26:50+00:00\",\"dateModified\":\"2026-01-30T14:28:32+00:00\",\"description\":\"Signature er vores serie af kablet h\u00f8jtalere. Minimalistisk design og l\u00e6kre materialer. Mest lyd for pengene \u2013 uden at g\u00e5 p\u00e5 kompromis.\",\"breadcrumb\":{\"@id\":\"https:\/\/system-audio.com\/da\/shop\/blocks-kablet\/#breadcrumb\"},\"inLanguage\":\"da-DK\",\"potentialAction\":[{\"@type\":\"ReadAction\",\"target\":[\"https:\/\/system-audio.com\/da\/shop\/blocks-kablet\/\"]}]},{\"@type\":\"BreadcrumbList\",\"@id\":\"https:\/\/system-audio.com\/da\/shop\/blocks-kablet\/#breadcrumb\",\"itemListElement\":[{\"@type\":\"ListItem\",\"position\":1,\"name\":\"Home\",\"item\":\"https:\/\/system-audio.com\/da\/\"},{\"@type\":\"ListItem\",\"position\":2,\"name\":\"Shop\",\"item\":\"https:\/\/system-audio.com\/da\/shop\/\"},{\"@type\":\"ListItem\",\"position\":3,\"name\":\"Blocks kablet\"}]},{\"@type\":\"WebSite\",\"@id\":\"https:\/\/system-audio.com\/#website\",\"url\":\"https:\/\/system-audio.com\/\",\"name\":\"System Audio\",\"description\":\"\",\"potentialAction\":[{\"@type\":\"SearchAction\",\"target\":{\"@type\":\"EntryPoint\",\"urlTemplate\":\"https:\/\/system-audio.com\/?s={search_term_string}\"},\"query-input\":{\"@type\":\"PropertyValueSpecification\",\"valueRequired\":true,\"valueName\":\"search_term_string\"}}],\"inLanguage\":\"da-DK\"}]}<\/script>\n<!-- \/ Yoast SEO plugin. -->","yoast_head_json":{"title":"Kablet h\u00f8jtalere - Find din n\u00e6ste kvalitetsh\u00f8jtaler hos System Audio","description":"Signature er vores serie af kablet h\u00f8jtalere. Minimalistisk design og l\u00e6kre materialer. Mest lyd for pengene \u2013 uden at g\u00e5 p\u00e5 kompromis.","robots":{"index":"index","follow":"follow","max-snippet":"max-snippet:-1","max-image-preview":"max-image-preview:large","max-video-preview":"max-video-preview:-1"},"canonical":"https:\/\/system-audio.com\/da\/shop\/blocks-kablet\/","og_locale":"da_DK","og_type":"article","og_title":"Kablet h\u00f8jtalere - Find din n\u00e6ste kvalitetsh\u00f8jtaler hos System Audio","og_description":"Signature er vores serie af kablet h\u00f8jtalere. Minimalistisk design og l\u00e6kre materialer. Mest lyd for pengene \u2013 uden at g\u00e5 p\u00e5 kompromis.","og_url":"https:\/\/system-audio.com\/da\/shop\/blocks-kablet\/","og_site_name":"System Audio","article_modified_time":"2026-01-30T14:28:32+00:00","twitter_card":"summary_large_image","schema":{"@context":"https:\/\/schema.org","@graph":[{"@type":"WebPage","@id":"https:\/\/system-audio.com\/da\/shop\/blocks-kablet\/","url":"https:\/\/system-audio.com\/da\/shop\/blocks-kablet\/","name":"Kablet h\u00f8jtalere - Find din n\u00e6ste kvalitetsh\u00f8jtaler hos System Audio","isPartOf":{"@id":"https:\/\/system-audio.com\/#website"},"datePublished":"2025-06-06T12:26:50+00:00","dateModified":"2026-01-30T14:28:32+00:00","description":"Signature er vores serie af kablet h\u00f8jtalere. Minimalistisk design og l\u00e6kre materialer. Mest lyd for pengene \u2013 uden at g\u00e5 p\u00e5 kompromis.","breadcrumb":{"@id":"https:\/\/system-audio.com\/da\/shop\/blocks-kablet\/#breadcrumb"},"inLanguage":"da-DK","potentialAction":[{"@type":"ReadAction","target":["https:\/\/system-audio.com\/da\/shop\/blocks-kablet\/"]}]},{"@type":"BreadcrumbList","@id":"https:\/\/system-audio.com\/da\/shop\/blocks-kablet\/#breadcrumb","itemListElement":[{"@type":"ListItem","position":1,"name":"Home","item":"https:\/\/system-audio.com\/da\/"},{"@type":"ListItem","position":2,"name":"Shop","item":"https:\/\/system-audio.com\/da\/shop\/"},{"@type":"ListItem","position":3,"name":"Blocks kablet"}]},{"@type":"WebSite","@id":"https:\/\/system-audio.com\/#website","url":"https:\/\/system-audio.com\/","name":"System Audio","description":"","potentialAction":[{"@type":"SearchAction","target":{"@type":"EntryPoint","urlTemplate":"https:\/\/system-audio.com\/?s={search_term_string}"},"query-input":{"@type":"PropertyValueSpecification","valueRequired":true,"valueName":"search_term_string"}}],"inLanguage":"da-DK"}]}},"_links":{"self":[{"href":"https:\/\/system-audio.com\/da\/wp-json\/wp\/v2\/pages\/13617","targetHints":{"allow":["GET"]}}],"collection":[{"href":"https:\/\/system-audio.com\/da\/wp-json\/wp\/v2\/pages"}],"about":[{"href":"https:\/\/system-audio.com\/da\/wp-json\/wp\/v2\/types\/page"}],"author":[{"embeddable":true,"href":"https:\/\/system-audio.com\/da\/wp-json\/wp\/v2\/users\/58"}],"replies":[{"embeddable":true,"href":"https:\/\/system-audio.com\/da\/wp-json\/wp\/v2\/comments?post=13617"}],"version-history":[{"count":14,"href":"https:\/\/system-audio.com\/da\/wp-json\/wp\/v2\/pages\/13617\/revisions"}],"predecessor-version":[{"id":14459,"href":"https:\/\/system-audio.com\/da\/wp-json\/wp\/v2\/pages\/13617\/revisions\/14459"}],"up":[{"embeddable":true,"href":"https:\/\/system-audio.com\/da\/wp-json\/wp\/v2\/pages\/108"}],"wp:attachment":[{"href":"https:\/\/system-audio.com\/da\/wp-json\/wp\/v2\/media?parent=13617"}],"curies":[{"name":"wp","href":"https:\/\/api.w.org\/{rel}","templated":true}]}}