{"id":12088,"date":"2025-11-21T15:17:03","date_gmt":"2025-11-21T14:17:03","guid":{"rendered":"https:\/\/system-audio.com\/?page_id=12088"},"modified":"2025-11-21T15:17:03","modified_gmt":"2025-11-21T14:17:03","slug":"black-friday-teaser-2025","status":"publish","type":"page","link":"https:\/\/system-audio.com\/da\/black-friday-teaser-2025\/","title":{"rendered":"Black Friday hos System Audio \u2013 En sj\u00e6lden mulighed"},"content":{"rendered":"","protected":false},"excerpt":{"rendered":"","protected":false},"author":58,"featured_media":12023,"parent":0,"menu_order":0,"comment_status":"closed","ping_status":"closed","template":"","meta":{"_acf_changed":false,"footnotes":""},"class_list":["post-12088","page","type-page","status-publish","has-post-thumbnail","hentry"],"acf":[],"yoast_head":"<!-- This site is optimized with the Yoast SEO plugin v26.1 - https:\/\/yoast.com\/wordpress\/plugins\/seo\/ -->\n<title>Black Friday hos System Audio \u2013 En sj\u00e6lden mulighed - System Audio<\/title>\n<meta name=\"description\" content=\"Vi har udvalgt et begr\u00e6nset antal af vores mest popul\u00e6re h\u00f8jttalere og tr\u00e5dl\u00f8se musiksystemer \u2013 nedsat til nogle ekstraordin\u00e6rt gode priser.\" \/>\n<meta name=\"robots\" content=\"index, follow, max-snippet:-1, max-image-preview:large, max-video-preview:-1\" \/>\n<link rel=\"canonical\" href=\"https:\/\/system-audio.com\/da\/black-friday-teaser-2025\/\" \/>\n<meta property=\"og:locale\" content=\"da_DK\" \/>\n<meta property=\"og:type\" content=\"article\" \/>\n<meta property=\"og:title\" content=\"Black Friday hos System Audio \u2013 En sj\u00e6lden mulighed - System Audio\" \/>\n<meta property=\"og:description\" content=\"Vi har udvalgt et begr\u00e6nset antal af vores mest popul\u00e6re h\u00f8jttalere og tr\u00e5dl\u00f8se musiksystemer \u2013 nedsat til nogle ekstraordin\u00e6rt gode priser.\" \/>\n<meta property=\"og:url\" content=\"https:\/\/system-audio.com\/da\/black-friday-teaser-2025\/\" \/>\n<meta property=\"og:site_name\" content=\"System Audio\" \/>\n<meta property=\"og:image\" content=\"https:\/\/system-audio.com\/wp-content\/uploads\/2025\/11\/Web-images-2.png\" \/>\n\t<meta property=\"og:image:width\" content=\"600\" \/>\n\t<meta property=\"og:image:height\" content=\"500\" \/>\n\t<meta property=\"og:image:type\" content=\"image\/png\" \/>\n<meta name=\"twitter:card\" content=\"summary_large_image\" \/>\n<meta name=\"twitter:label1\" content=\"Estimeret l\u00e6setid\" \/>\n\t<meta name=\"twitter:data1\" content=\"1 minut\" \/>\n<script type=\"application\/ld+json\" class=\"yoast-schema-graph\">{\"@context\":\"https:\/\/schema.org\",\"@graph\":[{\"@type\":\"WebPage\",\"@id\":\"https:\/\/system-audio.com\/da\/black-friday-teaser-2025\/\",\"url\":\"https:\/\/system-audio.com\/da\/black-friday-teaser-2025\/\",\"name\":\"Black Friday hos System Audio \u2013 En sj\u00e6lden mulighed - System Audio\",\"isPartOf\":{\"@id\":\"https:\/\/system-audio.com\/#website\"},\"primaryImageOfPage\":{\"@id\":\"https:\/\/system-audio.com\/da\/black-friday-teaser-2025\/#primaryimage\"},\"image\":{\"@id\":\"https:\/\/system-audio.com\/da\/black-friday-teaser-2025\/#primaryimage\"},\"thumbnailUrl\":\"https:\/\/system-audio.com\/wp-content\/uploads\/2025\/11\/Web-images-2.png\",\"datePublished\":\"2025-11-21T14:17:03+00:00\",\"description\":\"Vi har udvalgt et begr\u00e6nset antal af vores mest popul\u00e6re h\u00f8jttalere og tr\u00e5dl\u00f8se musiksystemer \u2013 nedsat til nogle ekstraordin\u00e6rt gode priser.\",\"breadcrumb\":{\"@id\":\"https:\/\/system-audio.com\/da\/black-friday-teaser-2025\/#breadcrumb\"},\"inLanguage\":\"da-DK\",\"potentialAction\":[{\"@type\":\"ReadAction\",\"target\":[\"https:\/\/system-audio.com\/da\/black-friday-teaser-2025\/\"]}]},{\"@type\":\"ImageObject\",\"inLanguage\":\"da-DK\",\"@id\":\"https:\/\/system-audio.com\/da\/black-friday-teaser-2025\/#primaryimage\",\"url\":\"https:\/\/system-audio.com\/wp-content\/uploads\/2025\/11\/Web-images-2.png\",\"contentUrl\":\"https:\/\/system-audio.com\/wp-content\/uploads\/2025\/11\/Web-images-2.png\",\"width\":600,\"height\":500},{\"@type\":\"BreadcrumbList\",\"@id\":\"https:\/\/system-audio.com\/da\/black-friday-teaser-2025\/#breadcrumb\",\"itemListElement\":[{\"@type\":\"ListItem\",\"position\":1,\"name\":\"Home\",\"item\":\"https:\/\/system-audio.com\/da\/\"},{\"@type\":\"ListItem\",\"position\":2,\"name\":\"Black Friday hos System Audio \u2013 En sj\u00e6lden mulighed\"}]},{\"@type\":\"WebSite\",\"@id\":\"https:\/\/system-audio.com\/#website\",\"url\":\"https:\/\/system-audio.com\/\",\"name\":\"System Audio\",\"description\":\"\",\"potentialAction\":[{\"@type\":\"SearchAction\",\"target\":{\"@type\":\"EntryPoint\",\"urlTemplate\":\"https:\/\/system-audio.com\/?s={search_term_string}\"},\"query-input\":{\"@type\":\"PropertyValueSpecification\",\"valueRequired\":true,\"valueName\":\"search_term_string\"}}],\"inLanguage\":\"da-DK\"}]}<\/script>\n<!-- \/ Yoast SEO plugin. -->","yoast_head_json":{"title":"Black Friday hos System Audio \u2013 En sj\u00e6lden mulighed - System Audio","description":"Vi har udvalgt et begr\u00e6nset antal af vores mest popul\u00e6re h\u00f8jttalere og tr\u00e5dl\u00f8se musiksystemer \u2013 nedsat til nogle ekstraordin\u00e6rt gode priser.","robots":{"index":"index","follow":"follow","max-snippet":"max-snippet:-1","max-image-preview":"max-image-preview:large","max-video-preview":"max-video-preview:-1"},"canonical":"https:\/\/system-audio.com\/da\/black-friday-teaser-2025\/","og_locale":"da_DK","og_type":"article","og_title":"Black Friday hos System Audio \u2013 En sj\u00e6lden mulighed - System Audio","og_description":"Vi har udvalgt et begr\u00e6nset antal af vores mest popul\u00e6re h\u00f8jttalere og tr\u00e5dl\u00f8se musiksystemer \u2013 nedsat til nogle ekstraordin\u00e6rt gode priser.","og_url":"https:\/\/system-audio.com\/da\/black-friday-teaser-2025\/","og_site_name":"System Audio","og_image":[{"width":600,"height":500,"url":"https:\/\/system-audio.com\/wp-content\/uploads\/2025\/11\/Web-images-2.png","type":"image\/png"}],"twitter_card":"summary_large_image","twitter_misc":{"Estimeret l\u00e6setid":"1 minut"},"schema":{"@context":"https:\/\/schema.org","@graph":[{"@type":"WebPage","@id":"https:\/\/system-audio.com\/da\/black-friday-teaser-2025\/","url":"https:\/\/system-audio.com\/da\/black-friday-teaser-2025\/","name":"Black Friday hos System Audio \u2013 En sj\u00e6lden mulighed - System Audio","isPartOf":{"@id":"https:\/\/system-audio.com\/#website"},"primaryImageOfPage":{"@id":"https:\/\/system-audio.com\/da\/black-friday-teaser-2025\/#primaryimage"},"image":{"@id":"https:\/\/system-audio.com\/da\/black-friday-teaser-2025\/#primaryimage"},"thumbnailUrl":"https:\/\/system-audio.com\/wp-content\/uploads\/2025\/11\/Web-images-2.png","datePublished":"2025-11-21T14:17:03+00:00","description":"Vi har udvalgt et begr\u00e6nset antal af vores mest popul\u00e6re h\u00f8jttalere og tr\u00e5dl\u00f8se musiksystemer \u2013 nedsat til nogle ekstraordin\u00e6rt gode priser.","breadcrumb":{"@id":"https:\/\/system-audio.com\/da\/black-friday-teaser-2025\/#breadcrumb"},"inLanguage":"da-DK","potentialAction":[{"@type":"ReadAction","target":["https:\/\/system-audio.com\/da\/black-friday-teaser-2025\/"]}]},{"@type":"ImageObject","inLanguage":"da-DK","@id":"https:\/\/system-audio.com\/da\/black-friday-teaser-2025\/#primaryimage","url":"https:\/\/system-audio.com\/wp-content\/uploads\/2025\/11\/Web-images-2.png","contentUrl":"https:\/\/system-audio.com\/wp-content\/uploads\/2025\/11\/Web-images-2.png","width":600,"height":500},{"@type":"BreadcrumbList","@id":"https:\/\/system-audio.com\/da\/black-friday-teaser-2025\/#breadcrumb","itemListElement":[{"@type":"ListItem","position":1,"name":"Home","item":"https:\/\/system-audio.com\/da\/"},{"@type":"ListItem","position":2,"name":"Black Friday hos System Audio \u2013 En sj\u00e6lden mulighed"}]},{"@type":"WebSite","@id":"https:\/\/system-audio.com\/#website","url":"https:\/\/system-audio.com\/","name":"System Audio","description":"","potentialAction":[{"@type":"SearchAction","target":{"@type":"EntryPoint","urlTemplate":"https:\/\/system-audio.com\/?s={search_term_string}"},"query-input":{"@type":"PropertyValueSpecification","valueRequired":true,"valueName":"search_term_string"}}],"inLanguage":"da-DK"}]}},"_links":{"self":[{"href":"https:\/\/system-audio.com\/da\/wp-json\/wp\/v2\/pages\/12088","targetHints":{"allow":["GET"]}}],"collection":[{"href":"https:\/\/system-audio.com\/da\/wp-json\/wp\/v2\/pages"}],"about":[{"href":"https:\/\/system-audio.com\/da\/wp-json\/wp\/v2\/types\/page"}],"author":[{"embeddable":true,"href":"https:\/\/system-audio.com\/da\/wp-json\/wp\/v2\/users\/58"}],"replies":[{"embeddable":true,"href":"https:\/\/system-audio.com\/da\/wp-json\/wp\/v2\/comments?post=12088"}],"version-history":[{"count":14,"href":"https:\/\/system-audio.com\/da\/wp-json\/wp\/v2\/pages\/12088\/revisions"}],"predecessor-version":[{"id":12247,"href":"https:\/\/system-audio.com\/da\/wp-json\/wp\/v2\/pages\/12088\/revisions\/12247"}],"wp:featuredmedia":[{"embeddable":true,"href":"https:\/\/system-audio.com\/da\/wp-json\/wp\/v2\/media\/12023"}],"wp:attachment":[{"href":"https:\/\/system-audio.com\/da\/wp-json\/wp\/v2\/media?parent=12088"}],"curies":[{"name":"wp","href":"https:\/\/api.w.org\/{rel}","templated":true}]}}