{"id":10961,"date":"2025-09-25T12:56:09","date_gmt":"2025-09-25T10:56:09","guid":{"rendered":"https:\/\/system-audio.com\/?page_id=10961"},"modified":"2025-12-09T09:00:56","modified_gmt":"2025-12-09T08:00:56","slug":"silverback-tradlose-hoejttalere","status":"publish","type":"page","link":"https:\/\/system-audio.com\/da\/silverback-tradlose-hoejttalere\/","title":{"rendered":"Silverback \u2013 Tr\u00e5dl\u00f8se h\u00f8jttalere med High Resolution lyd"},"content":{"rendered":"","protected":false},"excerpt":{"rendered":"","protected":false},"author":5,"featured_media":0,"parent":0,"menu_order":0,"comment_status":"closed","ping_status":"closed","template":"","meta":{"_acf_changed":false,"footnotes":""},"class_list":["post-10961","page","type-page","status-publish","hentry"],"acf":[],"yoast_head":"<!-- This site is optimized with the Yoast SEO plugin v26.1 - https:\/\/yoast.com\/wordpress\/plugins\/seo\/ -->\n<title>Silverback \u2013 Tr\u00e5dl\u00f8se h\u00f8jttalere med High Resolution lyd - System Audio<\/title>\n<meta name=\"description\" content=\"Oplev Silverback \u2013 fremtidens tr\u00e5dl\u00f8se h\u00f8jttalere. High Resolution lyd, enkel ops\u00e6tning med WiSA teknologi og et elegant design uden kabler.\" \/>\n<meta name=\"robots\" content=\"index, follow, max-snippet:-1, max-image-preview:large, max-video-preview:-1\" \/>\n<link rel=\"canonical\" href=\"https:\/\/system-audio.com\/da\/silverback-tradlose-hoejttalere\/\" \/>\n<meta property=\"og:locale\" content=\"da_DK\" \/>\n<meta property=\"og:type\" content=\"article\" \/>\n<meta property=\"og:title\" content=\"Silverback \u2013 Tr\u00e5dl\u00f8se h\u00f8jttalere med High Resolution lyd - System Audio\" \/>\n<meta property=\"og:description\" content=\"Oplev Silverback \u2013 fremtidens tr\u00e5dl\u00f8se h\u00f8jttalere. High Resolution lyd, enkel ops\u00e6tning med WiSA teknologi og et elegant design uden kabler.\" \/>\n<meta property=\"og:url\" content=\"https:\/\/system-audio.com\/da\/silverback-tradlose-hoejttalere\/\" \/>\n<meta property=\"og:site_name\" content=\"System Audio\" \/>\n<meta property=\"article:modified_time\" content=\"2025-12-09T08:00:56+00:00\" \/>\n<meta name=\"twitter:card\" content=\"summary_large_image\" \/>\n<script type=\"application\/ld+json\" class=\"yoast-schema-graph\">{\"@context\":\"https:\/\/schema.org\",\"@graph\":[{\"@type\":\"WebPage\",\"@id\":\"https:\/\/system-audio.com\/da\/silverback-tradlose-hoejttalere\/\",\"url\":\"https:\/\/system-audio.com\/da\/silverback-tradlose-hoejttalere\/\",\"name\":\"Silverback \u2013 Tr\u00e5dl\u00f8se h\u00f8jttalere med High Resolution lyd - System Audio\",\"isPartOf\":{\"@id\":\"https:\/\/system-audio.com\/#website\"},\"datePublished\":\"2025-09-25T10:56:09+00:00\",\"dateModified\":\"2025-12-09T08:00:56+00:00\",\"description\":\"Oplev Silverback \u2013 fremtidens tr\u00e5dl\u00f8se h\u00f8jttalere. High Resolution lyd, enkel ops\u00e6tning med WiSA teknologi og et elegant design uden kabler.\",\"breadcrumb\":{\"@id\":\"https:\/\/system-audio.com\/da\/silverback-tradlose-hoejttalere\/#breadcrumb\"},\"inLanguage\":\"da-DK\",\"potentialAction\":[{\"@type\":\"ReadAction\",\"target\":[\"https:\/\/system-audio.com\/da\/silverback-tradlose-hoejttalere\/\"]}]},{\"@type\":\"BreadcrumbList\",\"@id\":\"https:\/\/system-audio.com\/da\/silverback-tradlose-hoejttalere\/#breadcrumb\",\"itemListElement\":[{\"@type\":\"ListItem\",\"position\":1,\"name\":\"Home\",\"item\":\"https:\/\/system-audio.com\/da\/\"},{\"@type\":\"ListItem\",\"position\":2,\"name\":\"Silverback \u2013 Tr\u00e5dl\u00f8se h\u00f8jttalere med High Resolution lyd\"}]},{\"@type\":\"WebSite\",\"@id\":\"https:\/\/system-audio.com\/#website\",\"url\":\"https:\/\/system-audio.com\/\",\"name\":\"System Audio\",\"description\":\"\",\"potentialAction\":[{\"@type\":\"SearchAction\",\"target\":{\"@type\":\"EntryPoint\",\"urlTemplate\":\"https:\/\/system-audio.com\/?s={search_term_string}\"},\"query-input\":{\"@type\":\"PropertyValueSpecification\",\"valueRequired\":true,\"valueName\":\"search_term_string\"}}],\"inLanguage\":\"da-DK\"}]}<\/script>\n<!-- \/ Yoast SEO plugin. -->","yoast_head_json":{"title":"Silverback \u2013 Tr\u00e5dl\u00f8se h\u00f8jttalere med High Resolution lyd - System Audio","description":"Oplev Silverback \u2013 fremtidens tr\u00e5dl\u00f8se h\u00f8jttalere. High Resolution lyd, enkel ops\u00e6tning med WiSA teknologi og et elegant design uden kabler.","robots":{"index":"index","follow":"follow","max-snippet":"max-snippet:-1","max-image-preview":"max-image-preview:large","max-video-preview":"max-video-preview:-1"},"canonical":"https:\/\/system-audio.com\/da\/silverback-tradlose-hoejttalere\/","og_locale":"da_DK","og_type":"article","og_title":"Silverback \u2013 Tr\u00e5dl\u00f8se h\u00f8jttalere med High Resolution lyd - System Audio","og_description":"Oplev Silverback \u2013 fremtidens tr\u00e5dl\u00f8se h\u00f8jttalere. High Resolution lyd, enkel ops\u00e6tning med WiSA teknologi og et elegant design uden kabler.","og_url":"https:\/\/system-audio.com\/da\/silverback-tradlose-hoejttalere\/","og_site_name":"System Audio","article_modified_time":"2025-12-09T08:00:56+00:00","twitter_card":"summary_large_image","schema":{"@context":"https:\/\/schema.org","@graph":[{"@type":"WebPage","@id":"https:\/\/system-audio.com\/da\/silverback-tradlose-hoejttalere\/","url":"https:\/\/system-audio.com\/da\/silverback-tradlose-hoejttalere\/","name":"Silverback \u2013 Tr\u00e5dl\u00f8se h\u00f8jttalere med High Resolution lyd - System Audio","isPartOf":{"@id":"https:\/\/system-audio.com\/#website"},"datePublished":"2025-09-25T10:56:09+00:00","dateModified":"2025-12-09T08:00:56+00:00","description":"Oplev Silverback \u2013 fremtidens tr\u00e5dl\u00f8se h\u00f8jttalere. High Resolution lyd, enkel ops\u00e6tning med WiSA teknologi og et elegant design uden kabler.","breadcrumb":{"@id":"https:\/\/system-audio.com\/da\/silverback-tradlose-hoejttalere\/#breadcrumb"},"inLanguage":"da-DK","potentialAction":[{"@type":"ReadAction","target":["https:\/\/system-audio.com\/da\/silverback-tradlose-hoejttalere\/"]}]},{"@type":"BreadcrumbList","@id":"https:\/\/system-audio.com\/da\/silverback-tradlose-hoejttalere\/#breadcrumb","itemListElement":[{"@type":"ListItem","position":1,"name":"Home","item":"https:\/\/system-audio.com\/da\/"},{"@type":"ListItem","position":2,"name":"Silverback \u2013 Tr\u00e5dl\u00f8se h\u00f8jttalere med High Resolution lyd"}]},{"@type":"WebSite","@id":"https:\/\/system-audio.com\/#website","url":"https:\/\/system-audio.com\/","name":"System Audio","description":"","potentialAction":[{"@type":"SearchAction","target":{"@type":"EntryPoint","urlTemplate":"https:\/\/system-audio.com\/?s={search_term_string}"},"query-input":{"@type":"PropertyValueSpecification","valueRequired":true,"valueName":"search_term_string"}}],"inLanguage":"da-DK"}]}},"_links":{"self":[{"href":"https:\/\/system-audio.com\/da\/wp-json\/wp\/v2\/pages\/10961","targetHints":{"allow":["GET"]}}],"collection":[{"href":"https:\/\/system-audio.com\/da\/wp-json\/wp\/v2\/pages"}],"about":[{"href":"https:\/\/system-audio.com\/da\/wp-json\/wp\/v2\/types\/page"}],"author":[{"embeddable":true,"href":"https:\/\/system-audio.com\/da\/wp-json\/wp\/v2\/users\/5"}],"replies":[{"embeddable":true,"href":"https:\/\/system-audio.com\/da\/wp-json\/wp\/v2\/comments?post=10961"}],"version-history":[{"count":77,"href":"https:\/\/system-audio.com\/da\/wp-json\/wp\/v2\/pages\/10961\/revisions"}],"predecessor-version":[{"id":12823,"href":"https:\/\/system-audio.com\/da\/wp-json\/wp\/v2\/pages\/10961\/revisions\/12823"}],"wp:attachment":[{"href":"https:\/\/system-audio.com\/da\/wp-json\/wp\/v2\/media?parent=10961"}],"curies":[{"name":"wp","href":"https:\/\/api.w.org\/{rel}","templated":true}]}}