{"id":109,"date":"2025-01-07T15:07:58","date_gmt":"2025-01-07T14:07:58","guid":{"rendered":"https:\/\/systemaudio.demo.supertusch.com\/cart\/"},"modified":"2026-01-30T11:16:38","modified_gmt":"2026-01-30T10:16:38","slug":"cart","status":"publish","type":"page","link":"https:\/\/system-audio.com\/da\/cart\/","title":{"rendered":"Cart"},"content":{"rendered":"<div class=\"wp-block-group\">\r\n<div data-block-name=\"woocommerce\/cart\" class=\"wp-block-woocommerce-cart alignwide is-loading\">\r\n<div data-block-name=\"woocommerce\/filled-cart-block\" class=\"wp-block-woocommerce-filled-cart-block\">\r\n<div data-block-name=\"woocommerce\/cart-items-block\" class=\"wp-block-woocommerce-cart-items-block\">\r\n<div data-block-name=\"woocommerce\/cart-line-items-block\" class=\"wp-block-woocommerce-cart-line-items-block\">\u00a0<\/div>\r\n\r\n\r\n\r\n<div data-block-name=\"woocommerce\/cart-cross-sells-block\" class=\"wp-block-woocommerce-cart-cross-sells-block\">\r\n<h2 class=\"wp-block-heading basket-related-products-header has-large-font-size\">Du er m\u00e5ske interesseret i\u2026<\/h2>\r\n<\/div>\r\n<\/div>\r\n\r\n\r\n\r\n<div data-block-name=\"woocommerce\/cart-totals-block\" class=\"wp-block-woocommerce-cart-totals-block\">\r\n<div data-block-name=\"woocommerce\/cart-order-summary-block\" class=\"wp-block-woocommerce-cart-order-summary-block\">\r\n<div data-block-name=\"woocommerce\/cart-order-summary-heading-block\" class=\"wp-block-woocommerce-cart-order-summary-heading-block\">\u00a0<\/div>\r\n\r\n\r\n\r\n<div data-block-name=\"woocommerce\/cart-order-summary-coupon-form-block\" class=\"wp-block-woocommerce-cart-order-summary-coupon-form-block\">\u00a0<\/div>\r\n\r\n\r\n\r\n<div data-block-name=\"woocommerce\/cart-order-summary-totals-block\" class=\"wp-block-woocommerce-cart-order-summary-totals-block\">\r\n<div data-block-name=\"woocommerce\/cart-order-summary-subtotal-block\" class=\"wp-block-woocommerce-cart-order-summary-subtotal-block\">\u00a0<\/div>\r\n\r\n\r\n\r\n<div data-block-name=\"woocommerce\/cart-order-summary-fee-block\" class=\"wp-block-woocommerce-cart-order-summary-fee-block\">\u00a0<\/div>\r\n\r\n\r\n\r\n<div data-block-name=\"woocommerce\/cart-order-summary-discount-block\" class=\"wp-block-woocommerce-cart-order-summary-discount-block\">\u00a0<\/div>\r\n\r\n\r\n\r\n<div data-block-name=\"woocommerce\/cart-order-summary-shipping-block\" class=\"wp-block-woocommerce-cart-order-summary-shipping-block\">\u00a0<\/div>\r\n\r\n\r\n\r\n<div data-block-name=\"woocommerce\/cart-order-summary-taxes-block\" class=\"wp-block-woocommerce-cart-order-summary-taxes-block\">\u00a0<\/div>\r\n<\/div>\r\n<\/div>\r\n\r\n\r\n\r\n<div data-block-name=\"woocommerce\/cart-express-payment-block\" class=\"wp-block-woocommerce-cart-express-payment-block\">\u00a0<\/div>\r\n\r\n\r\n\r\n<div data-block-name=\"woocommerce\/proceed-to-checkout-block\" class=\"wp-block-woocommerce-proceed-to-checkout-block\">\u00a0<\/div>\r\n\r\n<div class=\"accepted-payment-images\">\r\n<figure class=\"wp-block-image size-full\"><img loading=\"lazy\" decoding=\"async\" width=\"458\" height=\"240\" class=\"wp-image-10033\" src=\"https:\/\/system-audio.com\/wp-content\/uploads\/2025\/09\/Supported-pmt-methods-Nexi-4-1.png\" alt=\"\" srcset=\"https:\/\/system-audio.com\/wp-content\/uploads\/2025\/09\/Supported-pmt-methods-Nexi-4-1.png 458w, https:\/\/system-audio.com\/wp-content\/uploads\/2025\/09\/Supported-pmt-methods-Nexi-4-1-300x157.png 300w\" sizes=\"auto, (max-width: 458px) 100vw, 458px\" \/><\/figure>\r\n\r\n\r\n\r\n<figure class=\"wp-block-image size-full\"><img loading=\"lazy\" decoding=\"async\" width=\"291\" height=\"240\" class=\"wp-image-10060\" src=\"https:\/\/system-audio.com\/wp-content\/uploads\/2025\/09\/Dankort-pmt-methods.png\" alt=\"\" \/><\/figure>\r\n\r\n\r\n\r\n<figure class=\"wp-block-image size-full\"><img loading=\"lazy\" decoding=\"async\" width=\"504\" height=\"240\" class=\"wp-image-10035\" src=\"https:\/\/system-audio.com\/wp-content\/uploads\/2025\/09\/Supported-pmt-methods-Nexi-2.png\" alt=\"\" srcset=\"https:\/\/system-audio.com\/wp-content\/uploads\/2025\/09\/Supported-pmt-methods-Nexi-2.png 504w, https:\/\/system-audio.com\/wp-content\/uploads\/2025\/09\/Supported-pmt-methods-Nexi-2-300x143.png 300w\" sizes=\"auto, (max-width: 504px) 100vw, 504px\" \/><\/figure>\r\n\r\n\r\n\r\n<figure class=\"wp-block-image size-full\"><img loading=\"lazy\" decoding=\"async\" width=\"242\" height=\"240\" class=\"wp-image-10063\" src=\"https:\/\/system-audio.com\/wp-content\/uploads\/2025\/09\/Mastercard-pmt-methods.png\" alt=\"\" srcset=\"https:\/\/system-audio.com\/wp-content\/uploads\/2025\/09\/Mastercard-pmt-methods.png 242w, https:\/\/system-audio.com\/wp-content\/uploads\/2025\/09\/Mastercard-pmt-methods-150x150.png 150w\" sizes=\"auto, (max-width: 242px) 100vw, 242px\" \/><\/figure>\r\n\r\n\r\n\r\n<figure class=\"wp-block-image size-full is-resized\"><img loading=\"lazy\" decoding=\"async\" width=\"242\" height=\"240\" class=\"wp-image-10065\" style=\"width: 275px; height: auto;\" src=\"https:\/\/system-audio.com\/wp-content\/uploads\/2025\/09\/Maestro-pmt-methods.png\" alt=\"\" srcset=\"https:\/\/system-audio.com\/wp-content\/uploads\/2025\/09\/Maestro-pmt-methods.png 242w, https:\/\/system-audio.com\/wp-content\/uploads\/2025\/09\/Maestro-pmt-methods-150x150.png 150w\" sizes=\"auto, (max-width: 242px) 100vw, 242px\" \/><\/figure>\r\n\r\n\r\n\r\n<figure class=\"wp-block-image size-full\"><img loading=\"lazy\" decoding=\"async\" width=\"384\" height=\"240\" class=\"wp-image-10041\" src=\"https:\/\/system-audio.com\/wp-content\/uploads\/2025\/09\/Supported-pmt-methods-Nexi-3.png\" alt=\"\" srcset=\"https:\/\/system-audio.com\/wp-content\/uploads\/2025\/09\/Supported-pmt-methods-Nexi-3.png 384w, https:\/\/system-audio.com\/wp-content\/uploads\/2025\/09\/Supported-pmt-methods-Nexi-3-300x188.png 300w\" sizes=\"auto, (max-width: 384px) 100vw, 384px\" \/><\/figure>\r\n\r\n\r\n\r\n<figure class=\"wp-block-image size-full\"><img loading=\"lazy\" decoding=\"async\" width=\"414\" height=\"240\" class=\"wp-image-10043\" src=\"https:\/\/system-audio.com\/wp-content\/uploads\/2025\/09\/Supported-pmt-methods-Nexi.png\" alt=\"\" srcset=\"https:\/\/system-audio.com\/wp-content\/uploads\/2025\/09\/Supported-pmt-methods-Nexi.png 414w, https:\/\/system-audio.com\/wp-content\/uploads\/2025\/09\/Supported-pmt-methods-Nexi-300x174.png 300w\" sizes=\"auto, (max-width: 414px) 100vw, 414px\" \/><\/figure>\r\n\r\n\r\n\r\n<figure class=\"wp-block-image size-full\"><img loading=\"lazy\" decoding=\"async\" width=\"268\" height=\"240\" class=\"wp-image-10067\" src=\"https:\/\/system-audio.com\/wp-content\/uploads\/2025\/09\/Visa-pmt-methods.png\" alt=\"\" \/><\/figure>\r\n<\/div>\r\n<\/div>\r\n\r\n\r\n\r\n<div data-block-name=\"woocommerce\/empty-cart-block\" class=\"wp-block-woocommerce-empty-cart-block\">\r\n<h2 class=\"wp-block-heading has-text-align-center with-empty-cart-icon wc-block-cart__empty-cart__title\">Your cart is currently empty!<\/h2>\r\n\r\n\r\n<hr class=\"wp-block-separator has-alpha-channel-opacity is-style-dots\" \/>\r\n\r\n\r\n<h2 class=\"wp-block-heading has-text-align-center new-in-store-text\">New in store<\/h2>\r\n\r\n\r\n<div data-block-name=\"woocommerce\/product-new\" data-columns=\"4\" data-rows=\"1\" class=\"wc-block-grid wp-block-product-new wp-block-woocommerce-product-new wc-block-product-new has-4-columns\"><ul class=\"wc-block-grid__products\"><li class=\"wc-block-grid__product\"><span class=\"gtm4wp_productdata\" style=\"display:none; visibility:hidden;\" data-gtm4wp_product_data=\"{&quot;internal_id&quot;:14361,&quot;item_id&quot;:14361,&quot;item_name&quot;:&quot;Surround Hub X - tr\\u00e5dl\\u00f8s kontrolenhed til musik- og surroundsystemer&quot;,&quot;sku&quot;:14361,&quot;price&quot;:7499,&quot;stocklevel&quot;:null,&quot;stockstatus&quot;:&quot;instock&quot;,&quot;google_business_vertical&quot;:&quot;retail&quot;,&quot;item_category&quot;:&quot;Tilbeh\\u00f8r&quot;,&quot;id&quot;:14361,&quot;productlink&quot;:&quot;https:\\\/\\\/system-audio.com\\\/da\\\/vare\\\/surround-hub-x-traadloes-kontrolenhed-til-musik-og-surroundsystemer\\\/&quot;,&quot;item_list_name&quot;:&quot;General Product List&quot;,&quot;index&quot;:0,&quot;product_type&quot;:&quot;simple&quot;,&quot;item_brand&quot;:&quot;&quot;}\"><\/span>\n\t\t\t\t<a href=\"https:\/\/system-audio.com\/da\/vare\/surround-hub-x-traadloes-kontrolenhed-til-musik-og-surroundsystemer\/\" class=\"wc-block-grid__product-link\">\n\t\t\t\t\t\n\t\t\t\t\t<div class=\"wc-block-grid__product-image\"><img loading=\"lazy\" decoding=\"async\" width=\"1000\" height=\"500\" src=\"https:\/\/system-audio.com\/wp-content\/uploads\/2025\/02\/SA_StereoHubHT_black_2000x1000-1000x500.jpg\" class=\"attachment-woocommerce_thumbnail size-woocommerce_thumbnail\" alt=\"Surround Hub X - tr\u00e5dl\u00f8s kontrolenhed til musik- og surroundsystemer\" srcset=\"https:\/\/system-audio.com\/wp-content\/uploads\/2025\/02\/SA_StereoHubHT_black_2000x1000-1000x500.jpg 1000w, https:\/\/system-audio.com\/wp-content\/uploads\/2025\/02\/SA_StereoHubHT_black_2000x1000-1200x600.jpg 1200w, https:\/\/system-audio.com\/wp-content\/uploads\/2025\/02\/SA_StereoHubHT_black_2000x1000-300x150.jpg 300w, https:\/\/system-audio.com\/wp-content\/uploads\/2025\/02\/SA_StereoHubHT_black_2000x1000-1024x512.jpg 1024w, https:\/\/system-audio.com\/wp-content\/uploads\/2025\/02\/SA_StereoHubHT_black_2000x1000-768x384.jpg 768w, https:\/\/system-audio.com\/wp-content\/uploads\/2025\/02\/SA_StereoHubHT_black_2000x1000-1536x768.jpg 1536w, https:\/\/system-audio.com\/wp-content\/uploads\/2025\/02\/SA_StereoHubHT_black_2000x1000.jpg 2000w\" sizes=\"auto, (max-width: 1000px) 100vw, 1000px\" \/><\/div>\n\t\t\t\t\t<div class=\"wc-block-grid__product-title\">Surround Hub X &#8211; tr\u00e5dl\u00f8s kontrolenhed til musik- og surroundsystemer<\/div>\n\t\t\t\t<\/a>\n\t\t\t\t<div class=\"wc-block-grid__product-price price\"><span class=\"woocommerce-Price-amount amount\">7.499,00&nbsp;<span class=\"woocommerce-Price-currencySymbol\">kr.<\/span><\/span><\/div>\n\t\t\t\t\n\t\t\t\t<div class=\"wp-block-button wc-block-grid__product-add-to-cart\"><a href=\"\/da\/wp-json\/wp\/v2\/pages\/109?add-to-cart=14361\" aria-label=\"L\u00e6g i kurv: &ldquo;Surround Hub X - tr\u00e5dl\u00f8s kontrolenhed til musik- og surroundsystemer&rdquo;\" data-quantity=\"1\" data-product_id=\"14361\" data-product_sku=\"\" data-price=\"7499\" rel=\"nofollow\" class=\"wp-block-button__link  add_to_cart_button ajax_add_to_cart\">Tilf\u00f8j til kurv<\/a><\/div>\n\t\t\t<\/li><li class=\"wc-block-grid__product\"><span class=\"gtm4wp_productdata\" style=\"display:none; visibility:hidden;\" data-gtm4wp_product_data=\"{&quot;internal_id&quot;:12854,&quot;item_id&quot;:12854,&quot;item_name&quot;:&quot;Stereo Hub&quot;,&quot;sku&quot;:12854,&quot;price&quot;:2499,&quot;stocklevel&quot;:22,&quot;stockstatus&quot;:&quot;instock&quot;,&quot;google_business_vertical&quot;:&quot;retail&quot;,&quot;item_category&quot;:&quot;Tilbud&quot;,&quot;id&quot;:12854,&quot;productlink&quot;:&quot;https:\\\/\\\/system-audio.com\\\/da\\\/vare\\\/stereo-hub-1\\\/&quot;,&quot;item_list_name&quot;:&quot;General Product List&quot;,&quot;index&quot;:0,&quot;product_type&quot;:&quot;simple&quot;,&quot;item_brand&quot;:&quot;&quot;}\"><\/span>\n\t\t\t\t<a href=\"https:\/\/system-audio.com\/da\/vare\/stereo-hub-1\/\" class=\"wc-block-grid__product-link\">\n\t\t\t\t\t<div class=\"wc-block-grid__product-onsale\">\n\t\t\t<span aria-hidden=\"true\">Tilbud<\/span>\n\t\t\t<span class=\"screen-reader-text\">Vare p\u00e5 tilbud<\/span>\n\t\t<\/div>\n\t\t\t\t\t<div class=\"wc-block-grid__product-image\"><img loading=\"lazy\" decoding=\"async\" width=\"1000\" height=\"500\" src=\"https:\/\/system-audio.com\/wp-content\/uploads\/2025\/02\/Stereo-Hub-new-alu-remote2-scaled-1-1000x500.jpg\" class=\"attachment-woocommerce_thumbnail size-woocommerce_thumbnail\" alt=\"Stereo Hub\" \/><\/div>\n\t\t\t\t\t<div class=\"wc-block-grid__product-title\">Stereo Hub<\/div>\n\t\t\t\t<\/a>\n\t\t\t\t<div class=\"wc-block-grid__product-price price\"><del aria-hidden=\"true\"><span class=\"woocommerce-Price-amount amount\">4.999,00&nbsp;<span class=\"woocommerce-Price-currencySymbol\">kr.<\/span><\/span><\/del> <span class=\"screen-reader-text\">Den oprindelige pris var: 4.999,00&nbsp;kr..<\/span><ins aria-hidden=\"true\"><span class=\"woocommerce-Price-amount amount\">2.499,00&nbsp;<span class=\"woocommerce-Price-currencySymbol\">kr.<\/span><\/span><\/ins><span class=\"screen-reader-text\">Den aktuelle pris er: 2.499,00&nbsp;kr..<\/span><\/div>\n\t\t\t\t\n\t\t\t\t<div class=\"wp-block-button wc-block-grid__product-add-to-cart\"><a href=\"\/da\/wp-json\/wp\/v2\/pages\/109?add-to-cart=12854\" aria-label=\"L\u00e6g i kurv: &ldquo;Stereo Hub&rdquo;\" data-quantity=\"1\" data-product_id=\"12854\" data-product_sku=\"\" data-price=\"2499\" rel=\"nofollow\" class=\"wp-block-button__link  add_to_cart_button ajax_add_to_cart\">Tilf\u00f8j til kurv<\/a><\/div>\n\t\t\t<\/li><li class=\"wc-block-grid__product\"><span class=\"gtm4wp_productdata\" style=\"display:none; visibility:hidden;\" data-gtm4wp_product_data=\"{&quot;internal_id&quot;:12789,&quot;item_id&quot;:12789,&quot;item_name&quot;:&quot;Legend 10 silverback B-Stock&quot;,&quot;sku&quot;:&quot;SA2678&quot;,&quot;price&quot;:7249.5,&quot;stocklevel&quot;:10,&quot;stockstatus&quot;:&quot;instock&quot;,&quot;google_business_vertical&quot;:&quot;retail&quot;,&quot;item_category&quot;:&quot;B-Stock&quot;,&quot;id&quot;:12789,&quot;productlink&quot;:&quot;https:\\\/\\\/system-audio.com\\\/da\\\/vare\\\/legend-10-silverback-b-stock-1\\\/&quot;,&quot;item_list_name&quot;:&quot;General Product List&quot;,&quot;index&quot;:0,&quot;product_type&quot;:&quot;simple&quot;,&quot;item_brand&quot;:&quot;&quot;}\"><\/span>\n\t\t\t\t<a href=\"https:\/\/system-audio.com\/da\/vare\/legend-10-silverback-b-stock-1\/\" class=\"wc-block-grid__product-link\">\n\t\t\t\t\t<div class=\"wc-block-grid__product-onsale\">\n\t\t\t<span aria-hidden=\"true\">Tilbud<\/span>\n\t\t\t<span class=\"screen-reader-text\">Vare p\u00e5 tilbud<\/span>\n\t\t<\/div>\n\t\t\t\t\t<div class=\"wc-block-grid__product-image\"><img loading=\"lazy\" decoding=\"async\" width=\"1000\" height=\"500\" src=\"https:\/\/system-audio.com\/wp-content\/uploads\/2025\/12\/Design-uden-navn-31-1000x500.png\" class=\"attachment-woocommerce_thumbnail size-woocommerce_thumbnail\" alt=\"Legend 10 silverback B-Stock\" srcset=\"https:\/\/system-audio.com\/wp-content\/uploads\/2025\/12\/Design-uden-navn-31-1000x500.png 1000w, https:\/\/system-audio.com\/wp-content\/uploads\/2025\/12\/Design-uden-navn-31-300x150.png 300w, https:\/\/system-audio.com\/wp-content\/uploads\/2025\/12\/Design-uden-navn-31-1024x512.png 1024w, https:\/\/system-audio.com\/wp-content\/uploads\/2025\/12\/Design-uden-navn-31-768x384.png 768w, https:\/\/system-audio.com\/wp-content\/uploads\/2025\/12\/Design-uden-navn-31-1536x768.png 1536w, https:\/\/system-audio.com\/wp-content\/uploads\/2025\/12\/Design-uden-navn-31-1200x600.png 1200w, https:\/\/system-audio.com\/wp-content\/uploads\/2025\/12\/Design-uden-navn-31.png 2000w\" sizes=\"auto, (max-width: 1000px) 100vw, 1000px\" \/><\/div>\n\t\t\t\t\t<div class=\"wc-block-grid__product-title\">Legend 10 silverback B-Stock<\/div>\n\t\t\t\t<\/a>\n\t\t\t\t<div class=\"wc-block-grid__product-price price\"><del aria-hidden=\"true\"><span class=\"woocommerce-Price-amount amount\">14.499,00&nbsp;<span class=\"woocommerce-Price-currencySymbol\">kr.<\/span><\/span><\/del> <span class=\"screen-reader-text\">Den oprindelige pris var: 14.499,00&nbsp;kr..<\/span><ins aria-hidden=\"true\"><span class=\"woocommerce-Price-amount amount\">7.249,50&nbsp;<span class=\"woocommerce-Price-currencySymbol\">kr.<\/span><\/span><\/ins><span class=\"screen-reader-text\">Den aktuelle pris er: 7.249,50&nbsp;kr..<\/span><\/div>\n\t\t\t\t\n\t\t\t\t<div class=\"wp-block-button wc-block-grid__product-add-to-cart\"><a href=\"\/da\/wp-json\/wp\/v2\/pages\/109?add-to-cart=12789\" aria-label=\"L\u00e6g i kurv: &ldquo;Legend 10 silverback B-Stock&rdquo;\" data-quantity=\"1\" data-product_id=\"12789\" data-product_sku=\"SA2678\" data-price=\"7249.5\" rel=\"nofollow\" class=\"wp-block-button__link  add_to_cart_button ajax_add_to_cart\">Tilf\u00f8j til kurv<\/a><\/div>\n\t\t\t<\/li><li class=\"wc-block-grid__product\"><span class=\"gtm4wp_productdata\" style=\"display:none; visibility:hidden;\" data-gtm4wp_product_data=\"{&quot;internal_id&quot;:12783,&quot;item_id&quot;:12783,&quot;item_name&quot;:&quot;Legend 10 silverback B-Stock&quot;,&quot;sku&quot;:&quot;SA1988&quot;,&quot;price&quot;:7249.5,&quot;stocklevel&quot;:1,&quot;stockstatus&quot;:&quot;instock&quot;,&quot;google_business_vertical&quot;:&quot;retail&quot;,&quot;item_category&quot;:&quot;B-Stock&quot;,&quot;id&quot;:12783,&quot;productlink&quot;:&quot;https:\\\/\\\/system-audio.com\\\/da\\\/vare\\\/legend-10-silverback-b-stock-2\\\/&quot;,&quot;item_list_name&quot;:&quot;General Product List&quot;,&quot;index&quot;:0,&quot;product_type&quot;:&quot;simple&quot;,&quot;item_brand&quot;:&quot;&quot;}\"><\/span>\n\t\t\t\t<a href=\"https:\/\/system-audio.com\/da\/vare\/legend-10-silverback-b-stock-2\/\" class=\"wc-block-grid__product-link\">\n\t\t\t\t\t<div class=\"wc-block-grid__product-onsale\">\n\t\t\t<span aria-hidden=\"true\">Tilbud<\/span>\n\t\t\t<span class=\"screen-reader-text\">Vare p\u00e5 tilbud<\/span>\n\t\t<\/div>\n\t\t\t\t\t<div class=\"wc-block-grid__product-image\"><img loading=\"lazy\" decoding=\"async\" width=\"1000\" height=\"500\" src=\"https:\/\/system-audio.com\/wp-content\/uploads\/2025\/12\/Design-uden-navn-31-1000x500.png\" class=\"attachment-woocommerce_thumbnail size-woocommerce_thumbnail\" alt=\"Legend 10 silverback B-Stock\" srcset=\"https:\/\/system-audio.com\/wp-content\/uploads\/2025\/12\/Design-uden-navn-31-1000x500.png 1000w, https:\/\/system-audio.com\/wp-content\/uploads\/2025\/12\/Design-uden-navn-31-300x150.png 300w, https:\/\/system-audio.com\/wp-content\/uploads\/2025\/12\/Design-uden-navn-31-1024x512.png 1024w, https:\/\/system-audio.com\/wp-content\/uploads\/2025\/12\/Design-uden-navn-31-768x384.png 768w, https:\/\/system-audio.com\/wp-content\/uploads\/2025\/12\/Design-uden-navn-31-1536x768.png 1536w, https:\/\/system-audio.com\/wp-content\/uploads\/2025\/12\/Design-uden-navn-31-1200x600.png 1200w, https:\/\/system-audio.com\/wp-content\/uploads\/2025\/12\/Design-uden-navn-31.png 2000w\" sizes=\"auto, (max-width: 1000px) 100vw, 1000px\" \/><\/div>\n\t\t\t\t\t<div class=\"wc-block-grid__product-title\">Legend 10 silverback B-Stock<\/div>\n\t\t\t\t<\/a>\n\t\t\t\t<div class=\"wc-block-grid__product-price price\"><del aria-hidden=\"true\"><span class=\"woocommerce-Price-amount amount\">14.499,00&nbsp;<span class=\"woocommerce-Price-currencySymbol\">kr.<\/span><\/span><\/del> <span class=\"screen-reader-text\">Den oprindelige pris var: 14.499,00&nbsp;kr..<\/span><ins aria-hidden=\"true\"><span class=\"woocommerce-Price-amount amount\">7.249,50&nbsp;<span class=\"woocommerce-Price-currencySymbol\">kr.<\/span><\/span><\/ins><span class=\"screen-reader-text\">Den aktuelle pris er: 7.249,50&nbsp;kr..<\/span><\/div>\n\t\t\t\t\n\t\t\t\t<div class=\"wp-block-button wc-block-grid__product-add-to-cart\"><a href=\"\/da\/wp-json\/wp\/v2\/pages\/109?add-to-cart=12783\" aria-label=\"L\u00e6g i kurv: &ldquo;Legend 10 silverback B-Stock&rdquo;\" data-quantity=\"1\" data-product_id=\"12783\" data-product_sku=\"SA1988\" data-price=\"7249.5\" rel=\"nofollow\" class=\"wp-block-button__link  add_to_cart_button ajax_add_to_cart\">Tilf\u00f8j til kurv<\/a><\/div>\n\t\t\t<\/li><\/ul><\/div><\/div>\r\n<\/div>\r\n<\/div>\r\n<!-- \/wp:post-content --><\/div>","protected":false},"excerpt":{"rendered":"","protected":false},"author":1,"featured_media":0,"parent":0,"menu_order":0,"comment_status":"closed","ping_status":"closed","template":"","meta":{"_acf_changed":false,"footnotes":""},"class_list":["post-109","page","type-page","status-publish","hentry"],"acf":[],"yoast_head":"<!-- This site is optimized with the Yoast SEO plugin v26.1 - https:\/\/yoast.com\/wordpress\/plugins\/seo\/ -->\n<title>Cart - System Audio<\/title>\n<meta name=\"robots\" content=\"index, follow, max-snippet:-1, max-image-preview:large, max-video-preview:-1\" \/>\n<link rel=\"canonical\" href=\"https:\/\/system-audio.com\/da\/cart\/\" \/>\n<meta property=\"og:locale\" content=\"da_DK\" \/>\n<meta property=\"og:type\" content=\"article\" \/>\n<meta property=\"og:title\" content=\"Cart - System Audio\" \/>\n<meta property=\"og:url\" content=\"https:\/\/system-audio.com\/da\/cart\/\" \/>\n<meta property=\"og:site_name\" content=\"System Audio\" \/>\n<meta property=\"article:modified_time\" content=\"2026-01-30T10:16:38+00:00\" \/>\n<meta property=\"og:image\" content=\"https:\/\/system-audio.com\/wp-content\/uploads\/2025\/09\/Supported-pmt-methods-Nexi-4-1.png\" \/>\n\t<meta property=\"og:image:width\" content=\"458\" \/>\n\t<meta property=\"og:image:height\" content=\"240\" \/>\n\t<meta property=\"og:image:type\" content=\"image\/png\" \/>\n<meta name=\"twitter:card\" content=\"summary_large_image\" \/>\n<meta name=\"twitter:label1\" content=\"Estimeret l\u00e6setid\" \/>\n\t<meta name=\"twitter:data1\" content=\"2 minutter\" \/>\n<script type=\"application\/ld+json\" class=\"yoast-schema-graph\">{\"@context\":\"https:\/\/schema.org\",\"@graph\":[{\"@type\":\"WebPage\",\"@id\":\"https:\/\/system-audio.com\/da\/cart\/\",\"url\":\"https:\/\/system-audio.com\/da\/cart\/\",\"name\":\"Cart - System Audio\",\"isPartOf\":{\"@id\":\"https:\/\/system-audio.com\/#website\"},\"primaryImageOfPage\":{\"@id\":\"https:\/\/system-audio.com\/da\/cart\/#primaryimage\"},\"image\":{\"@id\":\"https:\/\/system-audio.com\/da\/cart\/#primaryimage\"},\"thumbnailUrl\":\"https:\/\/system-audio.com\/wp-content\/uploads\/2025\/09\/Supported-pmt-methods-Nexi-4-1.png\",\"datePublished\":\"2025-01-07T14:07:58+00:00\",\"dateModified\":\"2026-01-30T10:16:38+00:00\",\"breadcrumb\":{\"@id\":\"https:\/\/system-audio.com\/da\/cart\/#breadcrumb\"},\"inLanguage\":\"da-DK\",\"potentialAction\":[{\"@type\":\"ReadAction\",\"target\":[\"https:\/\/system-audio.com\/da\/cart\/\"]}]},{\"@type\":\"ImageObject\",\"inLanguage\":\"da-DK\",\"@id\":\"https:\/\/system-audio.com\/da\/cart\/#primaryimage\",\"url\":\"https:\/\/system-audio.com\/wp-content\/uploads\/2025\/09\/Supported-pmt-methods-Nexi-4-1.png\",\"contentUrl\":\"https:\/\/system-audio.com\/wp-content\/uploads\/2025\/09\/Supported-pmt-methods-Nexi-4-1.png\"},{\"@type\":\"BreadcrumbList\",\"@id\":\"https:\/\/system-audio.com\/da\/cart\/#breadcrumb\",\"itemListElement\":[{\"@type\":\"ListItem\",\"position\":1,\"name\":\"Home\",\"item\":\"https:\/\/system-audio.com\/da\/\"},{\"@type\":\"ListItem\",\"position\":2,\"name\":\"Cart\"}]},{\"@type\":\"WebSite\",\"@id\":\"https:\/\/system-audio.com\/#website\",\"url\":\"https:\/\/system-audio.com\/\",\"name\":\"System Audio\",\"description\":\"\",\"potentialAction\":[{\"@type\":\"SearchAction\",\"target\":{\"@type\":\"EntryPoint\",\"urlTemplate\":\"https:\/\/system-audio.com\/?s={search_term_string}\"},\"query-input\":{\"@type\":\"PropertyValueSpecification\",\"valueRequired\":true,\"valueName\":\"search_term_string\"}}],\"inLanguage\":\"da-DK\"}]}<\/script>\n<!-- \/ Yoast SEO plugin. -->","yoast_head_json":{"title":"Cart - System Audio","robots":{"index":"index","follow":"follow","max-snippet":"max-snippet:-1","max-image-preview":"max-image-preview:large","max-video-preview":"max-video-preview:-1"},"canonical":"https:\/\/system-audio.com\/da\/cart\/","og_locale":"da_DK","og_type":"article","og_title":"Cart - System Audio","og_url":"https:\/\/system-audio.com\/da\/cart\/","og_site_name":"System Audio","article_modified_time":"2026-01-30T10:16:38+00:00","og_image":[{"width":458,"height":240,"url":"https:\/\/system-audio.com\/wp-content\/uploads\/2025\/09\/Supported-pmt-methods-Nexi-4-1.png","type":"image\/png"}],"twitter_card":"summary_large_image","twitter_misc":{"Estimeret l\u00e6setid":"2 minutter"},"schema":{"@context":"https:\/\/schema.org","@graph":[{"@type":"WebPage","@id":"https:\/\/system-audio.com\/da\/cart\/","url":"https:\/\/system-audio.com\/da\/cart\/","name":"Cart - System Audio","isPartOf":{"@id":"https:\/\/system-audio.com\/#website"},"primaryImageOfPage":{"@id":"https:\/\/system-audio.com\/da\/cart\/#primaryimage"},"image":{"@id":"https:\/\/system-audio.com\/da\/cart\/#primaryimage"},"thumbnailUrl":"https:\/\/system-audio.com\/wp-content\/uploads\/2025\/09\/Supported-pmt-methods-Nexi-4-1.png","datePublished":"2025-01-07T14:07:58+00:00","dateModified":"2026-01-30T10:16:38+00:00","breadcrumb":{"@id":"https:\/\/system-audio.com\/da\/cart\/#breadcrumb"},"inLanguage":"da-DK","potentialAction":[{"@type":"ReadAction","target":["https:\/\/system-audio.com\/da\/cart\/"]}]},{"@type":"ImageObject","inLanguage":"da-DK","@id":"https:\/\/system-audio.com\/da\/cart\/#primaryimage","url":"https:\/\/system-audio.com\/wp-content\/uploads\/2025\/09\/Supported-pmt-methods-Nexi-4-1.png","contentUrl":"https:\/\/system-audio.com\/wp-content\/uploads\/2025\/09\/Supported-pmt-methods-Nexi-4-1.png"},{"@type":"BreadcrumbList","@id":"https:\/\/system-audio.com\/da\/cart\/#breadcrumb","itemListElement":[{"@type":"ListItem","position":1,"name":"Home","item":"https:\/\/system-audio.com\/da\/"},{"@type":"ListItem","position":2,"name":"Cart"}]},{"@type":"WebSite","@id":"https:\/\/system-audio.com\/#website","url":"https:\/\/system-audio.com\/","name":"System Audio","description":"","potentialAction":[{"@type":"SearchAction","target":{"@type":"EntryPoint","urlTemplate":"https:\/\/system-audio.com\/?s={search_term_string}"},"query-input":{"@type":"PropertyValueSpecification","valueRequired":true,"valueName":"search_term_string"}}],"inLanguage":"da-DK"}]}},"_links":{"self":[{"href":"https:\/\/system-audio.com\/da\/wp-json\/wp\/v2\/pages\/109","targetHints":{"allow":["GET"]}}],"collection":[{"href":"https:\/\/system-audio.com\/da\/wp-json\/wp\/v2\/pages"}],"about":[{"href":"https:\/\/system-audio.com\/da\/wp-json\/wp\/v2\/types\/page"}],"author":[{"embeddable":true,"href":"https:\/\/system-audio.com\/da\/wp-json\/wp\/v2\/users\/1"}],"replies":[{"embeddable":true,"href":"https:\/\/system-audio.com\/da\/wp-json\/wp\/v2\/comments?post=109"}],"version-history":[{"count":14,"href":"https:\/\/system-audio.com\/da\/wp-json\/wp\/v2\/pages\/109\/revisions"}],"predecessor-version":[{"id":14441,"href":"https:\/\/system-audio.com\/da\/wp-json\/wp\/v2\/pages\/109\/revisions\/14441"}],"wp:attachment":[{"href":"https:\/\/system-audio.com\/da\/wp-json\/wp\/v2\/media?parent=109"}],"curies":[{"name":"wp","href":"https:\/\/api.w.org\/{rel}","templated":true}]}}